{"id":979,"date":"2023-03-07T17:56:58","date_gmt":"2023-03-07T16:56:58","guid":{"rendered":"https:\/\/www.zilmet.it\/?post_type=product&#038;p=979"},"modified":"2023-12-14T14:34:58","modified_gmt":"2023-12-14T13:34:58","slug":"zc-ze-315","status":"publish","type":"product","link":"https:\/\/zilmet.it\/fr\/produit\/zc-ze-315\/","title":{"rendered":"ZC-ZE 315"},"content":{"rendered":"<figure class=\"wp-block-table\"><table><tbody><tr><td colspan=\"3\"><strong>Caract\u00e9ristiques techniques<\/strong><\/td><\/tr><tr><td colspan=\"2\">Pression de service maximale&nbsp;<\/td><td>30 barres<\/td><\/tr><tr><td colspan=\"2\">Temp\u00e9rature de fonctionnement maximale<\/td><td>-50\u00b0C \/ +200\u00b0C<\/td><\/tr><tr><td colspan=\"2\">Mat\u00e9riau de la plaque<\/td><td>Acier inoxydable AISI 316 L<\/td><\/tr><tr><td colspan=\"2\">Mat\u00e9riau des raccords<\/td><td>Acier inoxydable AISI 316 L<\/td><\/tr><tr><td colspan=\"2\">Raccords c\u00f4t\u00e9 eau<\/td><td>G3\/4<\/td><\/tr><tr><td colspan=\"2\">Raccords lat\u00e9raux fr\u00e9on<\/td><td>\u00d8 12,8 mm<\/td><\/tr><tr><td colspan=\"2\">Mat\u00e9riel de brasage<\/td><td>Cuivre 99.9%<\/td><\/tr><tr><td colspan=\"2\">Nombre de plaques<\/td><td>8 \u2013 40<\/td><\/tr><\/tbody><\/table><\/figure>\n\n\n\n<figure class=\"wp-block-table\"><table><tbody><tr><td colspan=\"3\"><strong>Mesures et poids<\/strong><\/td><\/tr><tr><td>Longueur<\/td><td colspan=\"2\">315 millim\u00e8tres<\/td><\/tr><tr><td>Empattement plus grand<\/td><td colspan=\"2\">278 millim\u00e8tres<\/td><\/tr><tr><td>Longueur<\/td><td colspan=\"2\">77 millim\u00e8tres<\/td><\/tr><tr><td>Empattement plus petit<\/td><td colspan=\"2\">40 millim\u00e8tres<\/td><\/tr><tr><td>Hauteur<\/td><td colspan=\"2\">(7 + 2,3 x N)mm*<\/td><\/tr><tr><td>Poids<\/td><td colspan=\"2\">(0,322+ 0,074 x N) Kg*<\/td><\/tr><\/tbody><\/table><\/figure>\n\n\n\n<p>*Donn\u00e9es soumises \u00e0 tol\u00e9rance.<\/p>","protected":false},"excerpt":{"rendered":"<p>Caratteristiche tecniche Pressione massima di esercizio&nbsp; 30&nbsp;bar Temperatura massima di esercizio -50\u00b0C \/ +200\u00b0C Materiale piastre Acciaio inox AISI 316 L Materiale raccordi Acciaio inox AISI 316 L Raccordi lato acqua G3\/4 Raccordi lato freon \u00d8 12,8 mm Materiale brasatura Rame 99,9% Numero di piastre 8&nbsp;&#8211; 40 Misure e pesi Lunghezza 315&nbsp;mm Interasse maggiore 278&nbsp;mm [&hellip;]<\/p>\n","protected":false},"featured_media":3272,"comment_status":"closed","ping_status":"closed","template":"","meta":{"_acf_changed":false,"litri":"","pmax":"30","codice":""},"product_brand":[],"product_cat":[55,66],"product_tag":[],"class_list":{"0":"post-979","1":"product","2":"type-product","3":"status-publish","4":"has-post-thumbnail","6":"product_cat-scambiatori-di-calore","7":"product_cat-scambiatori-saldobrasati-refrigerazione","9":"first","10":"instock","11":"shipping-taxable","12":"product-type-variable"},"acf":[],"_links":{"self":[{"href":"https:\/\/zilmet.it\/fr\/wp-json\/wp\/v2\/product\/979","targetHints":{"allow":["GET"]}}],"collection":[{"href":"https:\/\/zilmet.it\/fr\/wp-json\/wp\/v2\/product"}],"about":[{"href":"https:\/\/zilmet.it\/fr\/wp-json\/wp\/v2\/types\/product"}],"replies":[{"embeddable":true,"href":"https:\/\/zilmet.it\/fr\/wp-json\/wp\/v2\/comments?post=979"}],"version-history":[{"count":0,"href":"https:\/\/zilmet.it\/fr\/wp-json\/wp\/v2\/product\/979\/revisions"}],"wp:featuredmedia":[{"embeddable":true,"href":"https:\/\/zilmet.it\/fr\/wp-json\/wp\/v2\/media\/3272"}],"wp:attachment":[{"href":"https:\/\/zilmet.it\/fr\/wp-json\/wp\/v2\/media?parent=979"}],"wp:term":[{"taxonomy":"product_brand","embeddable":true,"href":"https:\/\/zilmet.it\/fr\/wp-json\/wp\/v2\/product_brand?post=979"},{"taxonomy":"product_cat","embeddable":true,"href":"https:\/\/zilmet.it\/fr\/wp-json\/wp\/v2\/product_cat?post=979"},{"taxonomy":"product_tag","embeddable":true,"href":"https:\/\/zilmet.it\/fr\/wp-json\/wp\/v2\/product_tag?post=979"}],"curies":[{"name":"wp","href":"https:\/\/api.w.org\/{rel}","templated":true}]}}