{"id":884,"date":"2023-03-07T17:44:38","date_gmt":"2023-03-07T16:44:38","guid":{"rendered":"https:\/\/www.zilmet.it\/?post_type=product&#038;p=884"},"modified":"2023-12-14T14:29:27","modified_gmt":"2023-12-14T13:29:27","slug":"par-exemple-195","status":"publish","type":"product","link":"https:\/\/zilmet.it\/fr\/produit\/par-exemple-195\/","title":{"rendered":"ZB195"},"content":{"rendered":"<figure class=\"wp-block-table\"><table><tbody><tr><td><strong>Caract\u00e9ristiques techniques<\/strong><\/td><\/tr><tr><td>Pression de service maximale&nbsp;<\/td><td>8 barres<\/td><\/tr><tr><td>Temp\u00e9rature de fonctionnement maximale<\/td><td>-10\u00b0C \/ +120\u00b0C<\/td><\/tr><tr><td>Mat\u00e9riau de la plaque<\/td><td>Acier inoxydable AISI 316 L<\/td><\/tr><tr><td>Mat\u00e9riau des raccords<\/td><td>Acier inoxydable AISI 316<\/td><\/tr><tr><td>\u00c9quipements standards<\/td><td>Intentionnellement<\/td><\/tr><tr><td>Mat\u00e9riel de brasage<\/td><td>Cuivre 99.9%<\/td><\/tr><tr><td>Nombre de plaques<\/td><td>10 \u2013 40<\/td><\/tr><\/tbody><\/table><\/figure>\n\n\n\n<figure class=\"wp-block-table\"><table><tbody><tr><td><strong>Mesures et poids<\/strong><\/td><\/tr><tr><td>Longueur<\/td><td>195mm<\/td><\/tr><tr><td>Empattement plus grand<\/td><td>154 millim\u00e8tres<\/td><\/tr><tr><td>Longueur<\/td><td>88mm<\/td><\/tr><tr><td>Empattement plus petit<\/td><td>42mm<\/td><\/tr><tr><td>Hauteur<\/td><td>(7 + 2,3 x N)mm*<\/td><\/tr><tr><td>Poids<\/td><td>(0,225 + 0,052 x N) Kg*<\/td><\/tr><\/tbody><\/table><\/figure>\n\n\n\n<p>*Donn\u00e9es soumises \u00e0 tol\u00e9rance.<\/p>","protected":false},"excerpt":{"rendered":"<p>Caratteristiche tecniche Pressione massima di esercizio&nbsp; 8&nbsp;bar Temperatura massima di esercizio -10\u00b0C \/ +120\u00b0C Materiale piastre Acciaio inox AISI 316 L Materiale raccordi Acciaio inox AISI 316 Raccordi standard A disegno Materiale brasatura Rame&nbsp;99,9% Numero di piastre 10&nbsp;&#8211; 40 Misure e pesi Lunghezza 195 mm Interasse maggiore 154&nbsp;mm Larghezza 88 mm Interasse minore 42&nbsp;mm Altezza [&hellip;]<\/p>\n","protected":false},"featured_media":2737,"comment_status":"closed","ping_status":"closed","template":"","meta":{"_acf_changed":false,"litri":"","pmax":"8","codice":""},"product_brand":[],"product_cat":[55,65],"product_tag":[],"class_list":{"0":"post-884","1":"product","2":"type-product","3":"status-publish","4":"has-post-thumbnail","6":"product_cat-scambiatori-di-calore","7":"product_cat-scambiatori-saldobrasati-monofase","9":"first","10":"instock","11":"shipping-taxable","12":"product-type-variable"},"acf":[],"_links":{"self":[{"href":"https:\/\/zilmet.it\/fr\/wp-json\/wp\/v2\/product\/884","targetHints":{"allow":["GET"]}}],"collection":[{"href":"https:\/\/zilmet.it\/fr\/wp-json\/wp\/v2\/product"}],"about":[{"href":"https:\/\/zilmet.it\/fr\/wp-json\/wp\/v2\/types\/product"}],"replies":[{"embeddable":true,"href":"https:\/\/zilmet.it\/fr\/wp-json\/wp\/v2\/comments?post=884"}],"version-history":[{"count":0,"href":"https:\/\/zilmet.it\/fr\/wp-json\/wp\/v2\/product\/884\/revisions"}],"wp:featuredmedia":[{"embeddable":true,"href":"https:\/\/zilmet.it\/fr\/wp-json\/wp\/v2\/media\/2737"}],"wp:attachment":[{"href":"https:\/\/zilmet.it\/fr\/wp-json\/wp\/v2\/media?parent=884"}],"wp:term":[{"taxonomy":"product_brand","embeddable":true,"href":"https:\/\/zilmet.it\/fr\/wp-json\/wp\/v2\/product_brand?post=884"},{"taxonomy":"product_cat","embeddable":true,"href":"https:\/\/zilmet.it\/fr\/wp-json\/wp\/v2\/product_cat?post=884"},{"taxonomy":"product_tag","embeddable":true,"href":"https:\/\/zilmet.it\/fr\/wp-json\/wp\/v2\/product_tag?post=884"}],"curies":[{"name":"wp","href":"https:\/\/api.w.org\/{rel}","templated":true}]}}