{"id":862,"date":"2023-03-07T17:39:31","date_gmt":"2023-03-07T16:39:31","guid":{"rendered":"https:\/\/www.zilmet.it\/?post_type=product&#038;p=862"},"modified":"2023-12-14T14:26:38","modified_gmt":"2023-12-14T13:26:38","slug":"par-exemple-190","status":"publish","type":"product","link":"https:\/\/zilmet.it\/fr\/produit\/par-exemple-190\/","title":{"rendered":"ZB190"},"content":{"rendered":"<figure class=\"wp-block-table\"><table><tbody><tr><td><strong>Caract\u00e9ristiques techniques<\/strong><\/td><\/tr><tr><td>Pression de service maximale&nbsp;<\/td><td>8 barres<\/td><\/tr><tr><td>Temp\u00e9rature de fonctionnement maximale<\/td><td>-10\u00b0C \/ +120\u00b0C<\/td><\/tr><tr><td>Mat\u00e9riau de la plaque<\/td><td>Acier inoxydable AISI 316 L<\/td><\/tr><tr><td>Mat\u00e9riel de montage standard<\/td><td>Acier inoxydable AISI 316<\/td><\/tr><tr><td>\u00c9quipements standards<\/td><td>G1\/2 \u2013 G3\/4<\/td><\/tr><tr><td>Mat\u00e9riel de brasage<\/td><td>Cuivre 99.9%<\/td><\/tr><tr><td>Nombre de plaques<\/td><td>8 \u2013 40<\/td><\/tr><\/tbody><\/table><\/figure>\n\n\n\n<figure class=\"wp-block-table\"><table><tbody><tr><td><strong>Mesures et poids<\/strong><\/td><\/tr><tr><td>Longueur<\/td><td>190 mm<\/td><\/tr><tr><td>Empattement plus grand<\/td><td>154 millim\u00e8tres<\/td><\/tr><tr><td>Longueur<\/td><td>77 millim\u00e8tres<\/td><\/tr><tr><td>Empattement plus petit<\/td><td>40 millim\u00e8tres<\/td><\/tr><tr><td>Hauteur<\/td><td>(7 + 2,3 x N)mm*<\/td><\/tr><tr><td>Poids<\/td><td>(0,219+ 0,043 x N) Kg*<\/td><\/tr><\/tbody><\/table><\/figure>\n\n\n\n<p>*Donn\u00e9es soumises \u00e0 tol\u00e9rance.<\/p>","protected":false},"excerpt":{"rendered":"<p>Caratteristiche tecniche Pressione massima di esercizio&nbsp; 8&nbsp;bar Temperatura massima di esercizio -10\u00b0C \/ +120\u00b0C Materiale piastre Acciaio inox AISI 316 L Materiale raccordi standard Acciaio inox AISI 316 Raccordi standard G1\/2 &#8211; G3\/4 Materiale brasatura Rame 99,9% Numero di piastre 8&nbsp;&#8211; 40 Misure e pesi Lunghezza 190 mm Interasse maggiore 154&nbsp;mm Larghezza 77 mm Interasse [&hellip;]<\/p>\n","protected":false},"featured_media":2735,"comment_status":"closed","ping_status":"closed","template":"","meta":{"_acf_changed":false,"litri":"","pmax":"8","codice":""},"product_brand":[],"product_cat":[55,65],"product_tag":[],"class_list":{"0":"post-862","1":"product","2":"type-product","3":"status-publish","4":"has-post-thumbnail","6":"product_cat-scambiatori-di-calore","7":"product_cat-scambiatori-saldobrasati-monofase","9":"first","10":"instock","11":"shipping-taxable","12":"product-type-variable"},"acf":[],"_links":{"self":[{"href":"https:\/\/zilmet.it\/fr\/wp-json\/wp\/v2\/product\/862","targetHints":{"allow":["GET"]}}],"collection":[{"href":"https:\/\/zilmet.it\/fr\/wp-json\/wp\/v2\/product"}],"about":[{"href":"https:\/\/zilmet.it\/fr\/wp-json\/wp\/v2\/types\/product"}],"replies":[{"embeddable":true,"href":"https:\/\/zilmet.it\/fr\/wp-json\/wp\/v2\/comments?post=862"}],"version-history":[{"count":0,"href":"https:\/\/zilmet.it\/fr\/wp-json\/wp\/v2\/product\/862\/revisions"}],"wp:featuredmedia":[{"embeddable":true,"href":"https:\/\/zilmet.it\/fr\/wp-json\/wp\/v2\/media\/2735"}],"wp:attachment":[{"href":"https:\/\/zilmet.it\/fr\/wp-json\/wp\/v2\/media?parent=862"}],"wp:term":[{"taxonomy":"product_brand","embeddable":true,"href":"https:\/\/zilmet.it\/fr\/wp-json\/wp\/v2\/product_brand?post=862"},{"taxonomy":"product_cat","embeddable":true,"href":"https:\/\/zilmet.it\/fr\/wp-json\/wp\/v2\/product_cat?post=862"},{"taxonomy":"product_tag","embeddable":true,"href":"https:\/\/zilmet.it\/fr\/wp-json\/wp\/v2\/product_tag?post=862"}],"curies":[{"name":"wp","href":"https:\/\/api.w.org\/{rel}","templated":true}]}}