{"id":8099,"date":"2026-02-09T13:47:07","date_gmt":"2026-02-09T12:47:07","guid":{"rendered":"https:\/\/zilmet.it\/?post_type=product&#038;p=8099"},"modified":"2026-02-09T14:07:54","modified_gmt":"2026-02-09T13:07:54","slug":"50-litres-dhydro-plus-et","status":"publish","type":"product","link":"https:\/\/zilmet.it\/fr\/produit\/50-litres-dhydro-plus-et\/","title":{"rendered":"50 LITRES | HYDRO-PLUS E"},"content":{"rendered":"<figure class=\"wp-block-table\"><table><thead><tr><th>Caract\u00e9ristiques techniques<\/th><th>&nbsp;<\/th><\/tr><\/thead><tbody><tr><td>Pression de service maximale<\/td><td>10 barres<\/td><\/tr><tr><td>Temp\u00e9rature de fonctionnement<\/td><td>-10\u00b0C \/ +99\u00b0C<\/td><\/tr><tr><td>PRESSION DE PR\u00c9CHARGE<\/td><td>2.5<\/td><\/tr><tr><td>Capacit\u00e9 Litres<\/td><td>50<\/td><\/tr><tr><td>DIAM\u00c8TRE \u00d8D (mm)<\/td><td>380<\/td><\/tr><tr><td>H HAUTEUR (mm)<\/td><td>505<\/td><\/tr><tr><td>E(mm)<\/td><td>\u2013<\/td><\/tr><tr><td>\u00d8 RACCORD<\/td><td>1\u201d G<\/td><\/tr><\/tbody><\/table><\/figure>","protected":false},"excerpt":{"rendered":"<p>N\u00e9s de l&#039;exp\u00e9rience de Zilmet sur le march\u00e9 am\u00e9ricain, d\u00e9sormais \u00e9galement disponibles en Europe, les r\u00e9servoirs et syst\u00e8mes de stockage de la gamme Hydro-Plus E sont con\u00e7us pour garantir une durabilit\u00e9 et une r\u00e9sistance sup\u00e9rieures, avec des caract\u00e9ristiques techniques de pointe. Notre rev\u00eatement ext\u00e9rieur utilise une peinture en poudre \u00e9poxy-polyester, garantissant une longue dur\u00e9e de vie et une protection optimale contre les intemp\u00e9ries.<\/p>","protected":false},"featured_media":8100,"comment_status":"closed","ping_status":"closed","template":"","meta":{"_acf_changed":false,"litri":"50","pmax":"10","codice":"11A0005035"},"product_brand":[],"product_cat":[52,24],"product_tag":[86],"class_list":{"0":"post-8099","1":"product","2":"type-product","3":"status-publish","4":"has-post-thumbnail","6":"product_cat-linea-acqua-potabile","7":"product_cat-vasi-di-espansione","8":"product_tag-hydro-plus-e","10":"first","11":"instock","12":"shipping-taxable","13":"product-type-simple"},"acf":[],"_links":{"self":[{"href":"https:\/\/zilmet.it\/fr\/wp-json\/wp\/v2\/product\/8099","targetHints":{"allow":["GET"]}}],"collection":[{"href":"https:\/\/zilmet.it\/fr\/wp-json\/wp\/v2\/product"}],"about":[{"href":"https:\/\/zilmet.it\/fr\/wp-json\/wp\/v2\/types\/product"}],"replies":[{"embeddable":true,"href":"https:\/\/zilmet.it\/fr\/wp-json\/wp\/v2\/comments?post=8099"}],"version-history":[{"count":3,"href":"https:\/\/zilmet.it\/fr\/wp-json\/wp\/v2\/product\/8099\/revisions"}],"predecessor-version":[{"id":8181,"href":"https:\/\/zilmet.it\/fr\/wp-json\/wp\/v2\/product\/8099\/revisions\/8181"}],"wp:featuredmedia":[{"embeddable":true,"href":"https:\/\/zilmet.it\/fr\/wp-json\/wp\/v2\/media\/8100"}],"wp:attachment":[{"href":"https:\/\/zilmet.it\/fr\/wp-json\/wp\/v2\/media?parent=8099"}],"wp:term":[{"taxonomy":"product_brand","embeddable":true,"href":"https:\/\/zilmet.it\/fr\/wp-json\/wp\/v2\/product_brand?post=8099"},{"taxonomy":"product_cat","embeddable":true,"href":"https:\/\/zilmet.it\/fr\/wp-json\/wp\/v2\/product_cat?post=8099"},{"taxonomy":"product_tag","embeddable":true,"href":"https:\/\/zilmet.it\/fr\/wp-json\/wp\/v2\/product_tag?post=8099"}],"curies":[{"name":"wp","href":"https:\/\/api.w.org\/{rel}","templated":true}]}}