{"id":802,"date":"2023-03-07T16:55:24","date_gmt":"2023-03-07T15:55:24","guid":{"rendered":"https:\/\/www.zilmet.it\/?post_type=product&#038;p=802"},"modified":"2023-03-07T17:14:21","modified_gmt":"2023-03-07T16:14:21","slug":"z3","status":"publish","type":"product","link":"https:\/\/zilmet.it\/fr\/produit\/z3\/","title":{"rendered":"Z3"},"content":{"rendered":"<figure class=\"wp-block-table\"><table><tbody><tr><td><strong>Caract\u00e9ristiques techniques<\/strong><\/td><\/tr><tr><td>Pression de service maximale&nbsp;<\/td><td>10 \u00e0 16 barres<\/td><\/tr><tr><td>Temp\u00e9rature de fonctionnement maximale<\/td><td>110\u00b0C \/ 140\u00b0C<\/td><\/tr><tr><td>Mat\u00e9riau de la plaque<\/td><td>Acier inoxydable AISI 316 L<\/td><\/tr><tr><td>Mat\u00e9riau des raccords<\/td><td>AISI 304 \/ AISI 316 L<\/td><\/tr><tr><td>Raccords c\u00f4t\u00e9 eau<\/td><td>G2<\/td><\/tr><tr><td>Scell\u00e9s<\/td><td>EPDM (max 140\u00b0C) \u2013 NBR (max 110\u00b0C)<\/td><\/tr><tr><td>Nombre de plaques<\/td><td>7 \u2013 125<\/td><\/tr><\/tbody><\/table><\/figure>\n\n\n\n<figure class=\"wp-block-table\"><table><tbody><tr><td><strong>Mesures et poids<\/strong><\/td><\/tr><tr><td>Longueur du cadre<\/td><td>340 mm<\/td><\/tr><tr><td>Hauteur du cadre<\/td><td>780 millim\u00e8tres<\/td><\/tr><tr><td>\u00c9paisseur du cadre&nbsp;<\/td><td>25 \/ 30 millim\u00e8tres<\/td><\/tr><tr><td>\u00c9paisseur de la plaque<\/td><td>0,5 mm<\/td><\/tr><tr><td>Surface d&#039;\u00e9change<\/td><td>0,1300 m\u00b2 \/ plaque<\/td><\/tr><tr><td>Tiges<\/td><td>350 mm (7 \u2013 51 plaques)<\/td><\/tr><tr><td>&nbsp;<\/td><td>550 mm (53 \u2013 75 plaques)<\/td><\/tr><tr><td>&nbsp;<\/td><td>650 mm (77 \u2013 125 plaques)<\/td><\/tr><tr><td>Distance des plaques<\/td><td>3,3 mm&nbsp;<\/td><\/tr><tr><td>Distance de connexion<\/td><td>604 \/ 145 millim\u00e8tres<\/td><\/tr><tr><td>Poids Z3 mod. 10 barres<\/td><td>(114 + 0,8 x N) kg*<\/td><\/tr><tr><td>Poids Z3 mod. 16 barres<\/td><td>(140 + 0,8 x N)kg*<\/td><\/tr><\/tbody><\/table><\/figure>\n\n\n\n<p>*Donn\u00e9es soumises \u00e0 tol\u00e9rance.<\/p>","protected":false},"excerpt":{"rendered":"<p>Caratteristiche tecniche Pressione massima di esercizio&nbsp; 10 &#8211; 16 bar Temperatura massima di esercizio 110\u00b0C \/ 140\u00b0C Materiale piastre Acciaio inox AISI 316 L Materiale raccordi AISI 304&nbsp;\/&nbsp; AISI 316 L Raccordi lato acqua G2 Guarnizioni EPDM (max 140 \u00b0C) &#8211;&nbsp; NBR (max 110\u00b0C) Numero di piastre 7 &#8211; 125 Misure e pesi Lunghezza telaio [&hellip;]<\/p>\n","protected":false},"featured_media":797,"comment_status":"open","ping_status":"closed","template":"","meta":{"_acf_changed":false,"litri":"","pmax":"10","codice":""},"product_brand":[],"product_cat":[64,55],"product_tag":[],"class_list":{"0":"post-802","1":"product","2":"type-product","3":"status-publish","4":"has-post-thumbnail","6":"product_cat-piastre-smontabili","7":"product_cat-scambiatori-di-calore","9":"first","10":"instock","11":"shipping-taxable","12":"product-type-variable"},"acf":[],"_links":{"self":[{"href":"https:\/\/zilmet.it\/fr\/wp-json\/wp\/v2\/product\/802","targetHints":{"allow":["GET"]}}],"collection":[{"href":"https:\/\/zilmet.it\/fr\/wp-json\/wp\/v2\/product"}],"about":[{"href":"https:\/\/zilmet.it\/fr\/wp-json\/wp\/v2\/types\/product"}],"replies":[{"embeddable":true,"href":"https:\/\/zilmet.it\/fr\/wp-json\/wp\/v2\/comments?post=802"}],"version-history":[{"count":0,"href":"https:\/\/zilmet.it\/fr\/wp-json\/wp\/v2\/product\/802\/revisions"}],"wp:featuredmedia":[{"embeddable":true,"href":"https:\/\/zilmet.it\/fr\/wp-json\/wp\/v2\/media\/797"}],"wp:attachment":[{"href":"https:\/\/zilmet.it\/fr\/wp-json\/wp\/v2\/media?parent=802"}],"wp:term":[{"taxonomy":"product_brand","embeddable":true,"href":"https:\/\/zilmet.it\/fr\/wp-json\/wp\/v2\/product_brand?post=802"},{"taxonomy":"product_cat","embeddable":true,"href":"https:\/\/zilmet.it\/fr\/wp-json\/wp\/v2\/product_cat?post=802"},{"taxonomy":"product_tag","embeddable":true,"href":"https:\/\/zilmet.it\/fr\/wp-json\/wp\/v2\/product_tag?post=802"}],"curies":[{"name":"wp","href":"https:\/\/api.w.org\/{rel}","templated":true}]}}