{"id":6922,"date":"2024-11-22T16:51:17","date_gmt":"2024-11-22T15:51:17","guid":{"rendered":"https:\/\/www.zilmet.it\/?post_type=product&#038;p=6922"},"modified":"2024-11-22T17:44:41","modified_gmt":"2024-11-22T16:44:41","slug":"500-litres-ultra-pro-500v-2","status":"publish","type":"product","link":"https:\/\/zilmet.it\/fr\/produit\/500-litres-ultra-pro-500v-2\/","title":{"rendered":"500 LITRES | ULTRA-PRO 500V \u2013 16 bars CE"},"content":{"rendered":"<figure class=\"wp-block-table\"><table><thead><tr><th class=\"has-text-align-left\" data-align=\"left\">Caract\u00e9ristiques techniques<\/th><th><\/th><\/tr><\/thead><tbody><tr><td class=\"has-text-align-left\" data-align=\"left\">Pression de service maximale<\/td><td>16 barres<\/td><\/tr><tr><td class=\"has-text-align-left\" data-align=\"left\">Temp\u00e9rature de fonctionnement<\/td><td>-10\/+99\u00b0C<\/td><\/tr><tr><td class=\"has-text-align-left\" data-align=\"left\">PRESSION DE PR\u00c9CHARGE<\/td><td>2 barres<\/td><\/tr><tr><td class=\"has-text-align-left\" data-align=\"left\">CAPACIT\u00c9<\/td><td>500 litres<\/td><\/tr><tr><td class=\"has-text-align-left\" data-align=\"left\">DIAM\u00c8TRE \u00d8D (mm)<\/td><td>750<\/td><\/tr><tr><td class=\"has-text-align-left\" data-align=\"left\">H HAUTEUR (mm)<\/td><td>1560<\/td><\/tr><tr><td class=\"has-text-align-left\" data-align=\"left\">E (mm)<\/td><td>188<\/td><\/tr><tr><td class=\"has-text-align-left\" data-align=\"left\">P. MAX<\/td><td>16 barres<\/td><\/tr><tr><td class=\"has-text-align-left\" data-align=\"left\">\u00d8 RACCORD<\/td><td>1 1\/2\u2033G<\/td><\/tr><\/tbody><\/table><\/figure>","protected":false},"excerpt":{"rendered":"<p>Caract\u00e9ristiques techniques Pression maximale de service 10 bar Temp\u00e9rature de fonctionnement -10\/+99\u00b0C Facteur de pr\u00e9charge 1,5 bar CAPACIT\u00c9 500 L \u00d8D DIAM\u00c8TRE (mm) 750 H HAUTEUR (mm) 1560 E (mm) 188 P. MAX 10 bar \u00d8 RACCORD 1 1\/ 2\u2033G<\/p>","protected":false},"featured_media":6948,"comment_status":"closed","ping_status":"closed","template":"","meta":{"_acf_changed":false,"litri":"500","pmax":"16","codice":"1100050050"},"product_brand":[],"product_cat":[52,76,24],"product_tag":[81,87],"class_list":{"0":"post-6922","1":"product","2":"type-product","3":"status-publish","4":"has-post-thumbnail","6":"product_cat-linea-acqua-potabile","7":"product_cat-sollevamento-acque","8":"product_cat-vasi-di-espansione","9":"product_tag-ultra-pro","10":"product_tag-ultra-pro-16-bar","12":"first","13":"outofstock","14":"shipping-taxable","15":"product-type-variable"},"acf":[],"_links":{"self":[{"href":"https:\/\/zilmet.it\/fr\/wp-json\/wp\/v2\/product\/6922","targetHints":{"allow":["GET"]}}],"collection":[{"href":"https:\/\/zilmet.it\/fr\/wp-json\/wp\/v2\/product"}],"about":[{"href":"https:\/\/zilmet.it\/fr\/wp-json\/wp\/v2\/types\/product"}],"replies":[{"embeddable":true,"href":"https:\/\/zilmet.it\/fr\/wp-json\/wp\/v2\/comments?post=6922"}],"version-history":[{"count":0,"href":"https:\/\/zilmet.it\/fr\/wp-json\/wp\/v2\/product\/6922\/revisions"}],"wp:featuredmedia":[{"embeddable":true,"href":"https:\/\/zilmet.it\/fr\/wp-json\/wp\/v2\/media\/6948"}],"wp:attachment":[{"href":"https:\/\/zilmet.it\/fr\/wp-json\/wp\/v2\/media?parent=6922"}],"wp:term":[{"taxonomy":"product_brand","embeddable":true,"href":"https:\/\/zilmet.it\/fr\/wp-json\/wp\/v2\/product_brand?post=6922"},{"taxonomy":"product_cat","embeddable":true,"href":"https:\/\/zilmet.it\/fr\/wp-json\/wp\/v2\/product_cat?post=6922"},{"taxonomy":"product_tag","embeddable":true,"href":"https:\/\/zilmet.it\/fr\/wp-json\/wp\/v2\/product_tag?post=6922"}],"curies":[{"name":"wp","href":"https:\/\/api.w.org\/{rel}","templated":true}]}}