{"id":6809,"date":"2024-06-03T11:54:54","date_gmt":"2024-06-03T09:54:54","guid":{"rendered":"https:\/\/www.zilmet.it\/?post_type=product&#038;p=6809"},"modified":"2026-02-11T06:31:25","modified_gmt":"2026-02-11T05:31:25","slug":"hydro-plus-e","status":"publish","type":"product","link":"https:\/\/zilmet.it\/fr\/produit\/hydro-plus-e\/","title":{"rendered":"HYDRO-PLUS E"},"content":{"rendered":"<p>Chaque r\u00e9servoir est fourni avec des raccords en acier inoxydable qui offrent une r\u00e9sistance exceptionnelle \u00e0 la corrosion, prolongeant ainsi la dur\u00e9e de vie utile du produit. Le soudage MIG \u00e9limine les plis et les ar\u00eates vives, prot\u00e9geant la membrane interne et garantissant une structure robuste et fiable.<\/p>\n\n\n\n<p>La membrane interne en butyle est sp\u00e9cialement con\u00e7ue pour emp\u00eacher la formation de s\u00e9diments et emp\u00eacher la croissance de bact\u00e9ries, gardant ainsi l&#039;eau propre et s\u00fbre. Pour des capacit\u00e9s de 5 litres \u00e0 24 litres, le rev\u00eatement interne en polypropyl\u00e8ne offre une protection suppl\u00e9mentaire, am\u00e9liorant la fiabilit\u00e9 du r\u00e9servoir. Les mod\u00e8les d&#039;une capacit\u00e9 \u00e0 partir de 80 litres sont \u00e9quip\u00e9s d&#039;une base sp\u00e9ciale en polypropyl\u00e8ne, augmentant la stabilit\u00e9 et la durabilit\u00e9 du produit.<br>Nos r\u00e9servoirs de la ligne Hydro-Plus E sont certifi\u00e9s NSF\/ANSI 61, garantissant les normes de s\u00e9curit\u00e9 et de qualit\u00e9 les plus \u00e9lev\u00e9es pour le contact avec l&#039;eau potable. Nous offrons une garantie de 6 ans sur nos produits, d\u00e9montrant notre confiance dans leur qualit\u00e9 et leur fiabilit\u00e9. Choisissez les r\u00e9servoirs Hydro-Plus E pour une solution durable et s\u00fbre \u00e0 vos besoins de stockage d&#039;eau.<\/p>\n\n\n\n<figure class=\"wp-block-table\"><table><thead><tr><th class=\"has-text-align-left\" data-align=\"left\">Caract\u00e9ristiques techniques<\/th><\/tr><\/thead><tbody><tr><td class=\"has-text-align-left\" data-align=\"left\">Pression de service maximale<\/td><td>10 barres<\/td><\/tr><tr><td class=\"has-text-align-left\" data-align=\"left\">Temp\u00e9rature de fonctionnement<\/td><td>-10\/+99\u00b0C<\/td><\/tr><tr><td class=\"has-text-align-left\" data-align=\"left\">PRESSION DE PR\u00c9CHARGE mod. 4-50 litres<\/td><td>2,5 barres<\/td><\/tr><\/tbody><\/table><\/figure>","protected":false},"excerpt":{"rendered":"<p>N\u00e9s de l&#039;exp\u00e9rience de Zilmet sur le march\u00e9 am\u00e9ricain, d\u00e9sormais \u00e9galement disponibles en Europe, les r\u00e9servoirs et syst\u00e8mes de stockage de la gamme Hydro-Plus E sont con\u00e7us pour garantir une durabilit\u00e9 et une r\u00e9sistance sup\u00e9rieures, avec des caract\u00e9ristiques techniques de pointe. Notre rev\u00eatement ext\u00e9rieur utilise une peinture en poudre \u00e9poxy-polyester, garantissant une longue dur\u00e9e de vie et une protection optimale contre les intemp\u00e9ries.<\/p>\n<p>&nbsp;<\/p>\n<p>&nbsp;<\/p>","protected":false},"featured_media":8084,"comment_status":"open","ping_status":"closed","template":"","meta":{"_acf_changed":false,"litri":"","pmax":"","codice":""},"product_brand":[],"product_cat":[51,24],"product_tag":[86],"class_list":{"0":"post-6809","1":"product","2":"type-product","3":"status-publish","4":"has-post-thumbnail","6":"product_cat-linea-riscaldamento","7":"product_cat-vasi-di-espansione","8":"product_tag-hydro-plus-e","10":"first","11":"instock","12":"shipping-taxable","13":"product-type-variable"},"acf":[],"_links":{"self":[{"href":"https:\/\/zilmet.it\/fr\/wp-json\/wp\/v2\/product\/6809","targetHints":{"allow":["GET"]}}],"collection":[{"href":"https:\/\/zilmet.it\/fr\/wp-json\/wp\/v2\/product"}],"about":[{"href":"https:\/\/zilmet.it\/fr\/wp-json\/wp\/v2\/types\/product"}],"replies":[{"embeddable":true,"href":"https:\/\/zilmet.it\/fr\/wp-json\/wp\/v2\/comments?post=6809"}],"version-history":[{"count":5,"href":"https:\/\/zilmet.it\/fr\/wp-json\/wp\/v2\/product\/6809\/revisions"}],"predecessor-version":[{"id":8171,"href":"https:\/\/zilmet.it\/fr\/wp-json\/wp\/v2\/product\/6809\/revisions\/8171"}],"wp:featuredmedia":[{"embeddable":true,"href":"https:\/\/zilmet.it\/fr\/wp-json\/wp\/v2\/media\/8084"}],"wp:attachment":[{"href":"https:\/\/zilmet.it\/fr\/wp-json\/wp\/v2\/media?parent=6809"}],"wp:term":[{"taxonomy":"product_brand","embeddable":true,"href":"https:\/\/zilmet.it\/fr\/wp-json\/wp\/v2\/product_brand?post=6809"},{"taxonomy":"product_cat","embeddable":true,"href":"https:\/\/zilmet.it\/fr\/wp-json\/wp\/v2\/product_cat?post=6809"},{"taxonomy":"product_tag","embeddable":true,"href":"https:\/\/zilmet.it\/fr\/wp-json\/wp\/v2\/product_tag?post=6809"}],"curies":[{"name":"wp","href":"https:\/\/api.w.org\/{rel}","templated":true}]}}