{"id":5711,"date":"2024-01-12T12:37:48","date_gmt":"2024-01-12T11:37:48","guid":{"rendered":"https:\/\/www.zilmet.it\/prodotto\/24-litri-hydro-pro-24-h-export\/"},"modified":"2026-02-23T06:35:52","modified_gmt":"2026-02-23T05:35:52","slug":"24-litres-hydro-pro-exportation-24h","status":"publish","type":"product","link":"https:\/\/zilmet.it\/fr\/produit\/24-litres-hydro-pro-exportation-24h\/","title":{"rendered":"24 LITRES | HYDRO-PRO 24 H \u2013 EXPORTATION"},"content":{"rendered":"<figure class=\"wp-block-table\"><table><thead><tr><th class=\"has-text-align-left\" data-align=\"left\">Caract\u00e9ristiques techniques<\/th><th><\/th><\/tr><\/thead><tbody><tr><td class=\"has-text-align-left\" data-align=\"left\">Pression de service maximale<\/td><td>10 barres<\/td><\/tr><tr><td class=\"has-text-align-left\" data-align=\"left\">Temp\u00e9rature de fonctionnement<\/td><td>-10\/+99\u00b0C<\/td><\/tr><tr><td class=\"has-text-align-left\" data-align=\"left\">PRESSION DE PR\u00c9CHARGE<\/td><td>2,0 barres<\/td><\/tr><tr><td class=\"has-text-align-left\" data-align=\"left\">Capacit\u00e9 Litres<\/td><td>24<\/td><\/tr><tr><td class=\"has-text-align-left\" data-align=\"left\">DIAM\u00c8TRE \u00d8D (mm)<\/td><td>300<\/td><\/tr><tr><td class=\"has-text-align-left\" data-align=\"left\">H HAUTEUR (mm)<\/td><td>333<\/td><\/tr><tr><td class=\"has-text-align-left\" data-align=\"left\">E(mm)<\/td><td>\u2013<\/td><\/tr><tr><td class=\"has-text-align-left\" data-align=\"left\">\u00d8 RACCORD<\/td><td>1\u2033G<\/td><\/tr><\/tbody><\/table><\/figure>","protected":false},"excerpt":{"rendered":"<p>Caract\u00e9ristiques techniques Pression maximale de fonctionnement 10 bar Temp\u00e9rature de fonctionnement -10\/+99\u00b0C Facteur de pr\u00e9charge 2.0 bar Capacit\u00e9 Litres 24 \u00d8D DIAM\u00c8TRE (mm) 300 H HAUTEUR(mm) 333 E(mm) \u2013 \u00d8 RACCORD 1\u2033G<\/p>","protected":false},"featured_media":1791,"comment_status":"closed","ping_status":"closed","template":"","meta":{"_acf_changed":false,"litri":"24","pmax":"10","codice":"11A0002434"},"product_brand":[],"product_cat":[24,52],"product_tag":[77],"class_list":{"0":"post-5711","1":"product","2":"type-product","3":"status-publish","4":"has-post-thumbnail","6":"product_cat-vasi-di-espansione","7":"product_cat-linea-acqua-potabile","8":"product_tag-hydro-pro-export","10":"first","11":"instock","12":"shipping-taxable","13":"product-type-simple"},"acf":[],"_links":{"self":[{"href":"https:\/\/zilmet.it\/fr\/wp-json\/wp\/v2\/product\/5711","targetHints":{"allow":["GET"]}}],"collection":[{"href":"https:\/\/zilmet.it\/fr\/wp-json\/wp\/v2\/product"}],"about":[{"href":"https:\/\/zilmet.it\/fr\/wp-json\/wp\/v2\/types\/product"}],"replies":[{"embeddable":true,"href":"https:\/\/zilmet.it\/fr\/wp-json\/wp\/v2\/comments?post=5711"}],"version-history":[{"count":2,"href":"https:\/\/zilmet.it\/fr\/wp-json\/wp\/v2\/product\/5711\/revisions"}],"predecessor-version":[{"id":8183,"href":"https:\/\/zilmet.it\/fr\/wp-json\/wp\/v2\/product\/5711\/revisions\/8183"}],"wp:featuredmedia":[{"embeddable":true,"href":"https:\/\/zilmet.it\/fr\/wp-json\/wp\/v2\/media\/1791"}],"wp:attachment":[{"href":"https:\/\/zilmet.it\/fr\/wp-json\/wp\/v2\/media?parent=5711"}],"wp:term":[{"taxonomy":"product_brand","embeddable":true,"href":"https:\/\/zilmet.it\/fr\/wp-json\/wp\/v2\/product_brand?post=5711"},{"taxonomy":"product_cat","embeddable":true,"href":"https:\/\/zilmet.it\/fr\/wp-json\/wp\/v2\/product_cat?post=5711"},{"taxonomy":"product_tag","embeddable":true,"href":"https:\/\/zilmet.it\/fr\/wp-json\/wp\/v2\/product_tag?post=5711"}],"curies":[{"name":"wp","href":"https:\/\/api.w.org\/{rel}","templated":true}]}}