{"id":5654,"date":"2024-01-10T21:45:53","date_gmt":"2024-01-10T20:45:53","guid":{"rendered":"https:\/\/www.zilmet.it\/?post_type=product&#038;p=5654"},"modified":"2024-02-08T14:31:46","modified_gmt":"2024-02-08T13:31:46","slug":"150-litres-cal-pro-150-exportation","status":"publish","type":"product","link":"https:\/\/zilmet.it\/fr\/produit\/150-litres-cal-pro-150-exportation\/","title":{"rendered":"150 LITRES | CAL \u2013 PRO 150 \u2013 EXPORTATION"},"content":{"rendered":"<p><\/p>\n\n\n\n<figure class=\"wp-block-table\"><table><thead><tr><th class=\"has-text-align-left\" data-align=\"left\">Caract\u00e9ristiques techniques<\/th><\/tr><\/thead><tbody><tr><td class=\"has-text-align-left\" data-align=\"left\">Pression de service maximale<\/td><td>6 barres<\/td><\/tr><tr><td class=\"has-text-align-left\" data-align=\"left\">Temp\u00e9rature de fonctionnement<\/td><td>-10\/+99\u00b0C<\/td><\/tr><tr><td class=\"has-text-align-left\" data-align=\"left\">PRESSION DE PR\u00c9CHARGE<\/td><td>2,0 barres<\/td><\/tr><\/tbody><\/table><\/figure>","protected":false},"excerpt":{"rendered":"<p>CAL-PRO : vases d&#039;expansion \u00e0 membrane pour circuits ferm\u00e9s centralis\u00e9s, adapt\u00e9s pour absorber l&#039;augmentation du volume d&#039;eau en fonction de l&#039;augmentation de la temp\u00e9rature dans une installation de chauffage. Equip\u00e9s d&#039;une membrane en caoutchouc SBR, ils sont construits et homologu\u00e9s conform\u00e9ment \u00e0 la r\u00e9glementation PED 2014\/68\/UE pour les syst\u00e8mes de chauffage central avec eau non potable.<\/p>","protected":false},"featured_media":1376,"comment_status":"closed","ping_status":"closed","template":"","meta":{"_acf_changed":false,"litri":"150","pmax":"6","codice":"1300015000"},"product_brand":[],"product_cat":[51,24],"product_tag":[78],"class_list":{"0":"post-5654","1":"product","2":"type-product","3":"status-publish","4":"has-post-thumbnail","6":"product_cat-linea-riscaldamento","7":"product_cat-vasi-di-espansione","8":"product_tag-cal-pro-export","10":"first","11":"instock","12":"shipping-taxable","13":"product-type-simple"},"acf":[],"_links":{"self":[{"href":"https:\/\/zilmet.it\/fr\/wp-json\/wp\/v2\/product\/5654","targetHints":{"allow":["GET"]}}],"collection":[{"href":"https:\/\/zilmet.it\/fr\/wp-json\/wp\/v2\/product"}],"about":[{"href":"https:\/\/zilmet.it\/fr\/wp-json\/wp\/v2\/types\/product"}],"replies":[{"embeddable":true,"href":"https:\/\/zilmet.it\/fr\/wp-json\/wp\/v2\/comments?post=5654"}],"version-history":[{"count":0,"href":"https:\/\/zilmet.it\/fr\/wp-json\/wp\/v2\/product\/5654\/revisions"}],"wp:featuredmedia":[{"embeddable":true,"href":"https:\/\/zilmet.it\/fr\/wp-json\/wp\/v2\/media\/1376"}],"wp:attachment":[{"href":"https:\/\/zilmet.it\/fr\/wp-json\/wp\/v2\/media?parent=5654"}],"wp:term":[{"taxonomy":"product_brand","embeddable":true,"href":"https:\/\/zilmet.it\/fr\/wp-json\/wp\/v2\/product_brand?post=5654"},{"taxonomy":"product_cat","embeddable":true,"href":"https:\/\/zilmet.it\/fr\/wp-json\/wp\/v2\/product_cat?post=5654"},{"taxonomy":"product_tag","embeddable":true,"href":"https:\/\/zilmet.it\/fr\/wp-json\/wp\/v2\/product_tag?post=5654"}],"curies":[{"name":"wp","href":"https:\/\/api.w.org\/{rel}","templated":true}]}}