{"id":5641,"date":"2024-01-10T21:45:01","date_gmt":"2024-01-10T20:45:01","guid":{"rendered":"https:\/\/www.zilmet.it\/?post_type=product&#038;p=5641"},"modified":"2024-02-08T14:31:47","modified_gmt":"2024-02-08T13:31:47","slug":"12-litres-cal-pro-12-exportation","status":"publish","type":"product","link":"https:\/\/zilmet.it\/fr\/produit\/12-litres-cal-pro-12-exportation\/","title":{"rendered":"12 LITRES | CAL \u2013 PRO 12 \u2013 EXPORTATION"},"content":{"rendered":"<figure class=\"wp-block-table\"><table><thead><tr><th class=\"has-text-align-left\" data-align=\"left\">Caract\u00e9ristiques techniques<\/th><th><\/th><\/tr><\/thead><tbody><tr><td class=\"has-text-align-left\" data-align=\"left\">Pression de service maximale<\/td><td>4 barres<\/td><\/tr><tr><td class=\"has-text-align-left\" data-align=\"left\">Temp\u00e9rature de fonctionnement<\/td><td>-10\/+99\u00b0C<\/td><\/tr><tr><td class=\"has-text-align-left\" data-align=\"left\">PRESSION DE PR\u00c9CHARGE<\/td><td>1,5 barre<\/td><\/tr><tr><td class=\"has-text-align-left\" data-align=\"left\">Capacit\u00e9 Litres<\/td><td>12<\/td><\/tr><tr><td class=\"has-text-align-left\" data-align=\"left\">DIAM\u00c8TRE \u00d8D (mm)<\/td><td>294<\/td><\/tr><tr><td class=\"has-text-align-left\" data-align=\"left\">H HAUTEUR (mm)<\/td><td>281<\/td><\/tr><tr><td class=\"has-text-align-left\" data-align=\"left\">E(mm)<\/td><td>\u2013<\/td><\/tr><tr><td class=\"has-text-align-left\" data-align=\"left\">\u00d8 RACCORD<\/td><td>\u00be&quot;G<\/td><\/tr><\/tbody><\/table><\/figure>","protected":false},"excerpt":{"rendered":"<p>CAL-PRO : vases d&#039;expansion \u00e0 membrane pour circuits ferm\u00e9s centralis\u00e9s, adapt\u00e9s pour absorber l&#039;augmentation du volume d&#039;eau en fonction de l&#039;augmentation de la temp\u00e9rature dans une installation de chauffage. Equip\u00e9s d&#039;une membrane en caoutchouc SBR, ils sont construits et homologu\u00e9s conform\u00e9ment \u00e0 la r\u00e9glementation PED 2014\/68\/UE pour les syst\u00e8mes de chauffage central avec eau non potable.<\/p>","protected":false},"featured_media":1369,"comment_status":"closed","ping_status":"closed","template":"","meta":{"_acf_changed":false,"litri":"12","pmax":"4","codice":"1300001200"},"product_brand":[],"product_cat":[51,24],"product_tag":[78],"class_list":{"0":"post-5641","1":"product","2":"type-product","3":"status-publish","4":"has-post-thumbnail","6":"product_cat-linea-riscaldamento","7":"product_cat-vasi-di-espansione","8":"product_tag-cal-pro-export","10":"first","11":"instock","12":"shipping-taxable","13":"product-type-simple"},"acf":[],"_links":{"self":[{"href":"https:\/\/zilmet.it\/fr\/wp-json\/wp\/v2\/product\/5641","targetHints":{"allow":["GET"]}}],"collection":[{"href":"https:\/\/zilmet.it\/fr\/wp-json\/wp\/v2\/product"}],"about":[{"href":"https:\/\/zilmet.it\/fr\/wp-json\/wp\/v2\/types\/product"}],"replies":[{"embeddable":true,"href":"https:\/\/zilmet.it\/fr\/wp-json\/wp\/v2\/comments?post=5641"}],"version-history":[{"count":0,"href":"https:\/\/zilmet.it\/fr\/wp-json\/wp\/v2\/product\/5641\/revisions"}],"wp:featuredmedia":[{"embeddable":true,"href":"https:\/\/zilmet.it\/fr\/wp-json\/wp\/v2\/media\/1369"}],"wp:attachment":[{"href":"https:\/\/zilmet.it\/fr\/wp-json\/wp\/v2\/media?parent=5641"}],"wp:term":[{"taxonomy":"product_brand","embeddable":true,"href":"https:\/\/zilmet.it\/fr\/wp-json\/wp\/v2\/product_brand?post=5641"},{"taxonomy":"product_cat","embeddable":true,"href":"https:\/\/zilmet.it\/fr\/wp-json\/wp\/v2\/product_cat?post=5641"},{"taxonomy":"product_tag","embeddable":true,"href":"https:\/\/zilmet.it\/fr\/wp-json\/wp\/v2\/product_tag?post=5641"}],"curies":[{"name":"wp","href":"https:\/\/api.w.org\/{rel}","templated":true}]}}