{"id":403,"date":"2023-03-06T10:57:45","date_gmt":"2023-03-06T09:57:45","guid":{"rendered":"https:\/\/www.zilmet.it\/?post_type=product&#038;p=403"},"modified":"2024-02-08T14:32:06","modified_gmt":"2024-02-08T13:32:06","slug":"cal-pro-24","status":"publish","type":"product","link":"https:\/\/zilmet.it\/fr\/produit\/cal-pro-24\/","title":{"rendered":"24 LITRES | CAL-PRO 24"},"content":{"rendered":"<p><\/p>\n\n\n\n<figure class=\"wp-block-table\"><table><thead><tr><th class=\"has-text-align-left\" data-align=\"left\">Caract\u00e9ristiques techniques<\/th><th><\/th><\/tr><\/thead><tbody><tr><td class=\"has-text-align-left\" data-align=\"left\">Pression de service maximale<\/td><td>4 barres<\/td><\/tr><tr><td class=\"has-text-align-left\" data-align=\"left\">Temp\u00e9rature de fonctionnement<\/td><td>-10\/+99\u00b0C<\/td><\/tr><tr><td class=\"has-text-align-left\" data-align=\"left\">PRESSION DE PR\u00c9CHARGE<\/td><td>1,5 barre<\/td><\/tr><tr><td class=\"has-text-align-left\" data-align=\"left\">Capacit\u00e9 Litres<\/td><td>24<\/td><\/tr><tr><td class=\"has-text-align-left\" data-align=\"left\">DIAM\u00c8TRE \u00d8D (mm)<\/td><td>324<\/td><\/tr><tr><td class=\"has-text-align-left\" data-align=\"left\">H HAUTEUR (mm)<\/td><td>415<\/td><\/tr><tr><td class=\"has-text-align-left\" data-align=\"left\">E(mm)<\/td><td>\u2013<\/td><\/tr><tr><td class=\"has-text-align-left\" data-align=\"left\">\u00d8 RACCORD<\/td><td>\u00be&quot;G<\/td><\/tr><\/tbody><\/table><\/figure>","protected":false},"excerpt":{"rendered":"<p>CAL-PRO : vases d&#039;expansion \u00e0 membrane pour circuits ferm\u00e9s centralis\u00e9s, adapt\u00e9s pour absorber l&#039;augmentation du volume d&#039;eau en fonction de l&#039;augmentation de la temp\u00e9rature dans une installation de chauffage. Equip\u00e9s d&#039;une membrane en caoutchouc SBR, ils sont construits et homologu\u00e9s conform\u00e9ment \u00e0 la r\u00e9glementation PED 2014\/68\/UE pour les syst\u00e8mes de chauffage central avec eau non potable.<\/p>\n<p>&nbsp;<\/p>","protected":false},"featured_media":1371,"comment_status":"closed","ping_status":"closed","template":"","meta":{"_acf_changed":false,"litri":"24","pmax":"4","codice":"1300002400"},"product_brand":[],"product_cat":[51,24],"product_tag":[79],"class_list":{"0":"post-403","1":"product","2":"type-product","3":"status-publish","4":"has-post-thumbnail","6":"product_cat-linea-riscaldamento","7":"product_cat-vasi-di-espansione","8":"product_tag-cal-pro-italia","10":"first","11":"instock","12":"shipping-taxable","13":"product-type-simple"},"acf":[],"_links":{"self":[{"href":"https:\/\/zilmet.it\/fr\/wp-json\/wp\/v2\/product\/403","targetHints":{"allow":["GET"]}}],"collection":[{"href":"https:\/\/zilmet.it\/fr\/wp-json\/wp\/v2\/product"}],"about":[{"href":"https:\/\/zilmet.it\/fr\/wp-json\/wp\/v2\/types\/product"}],"replies":[{"embeddable":true,"href":"https:\/\/zilmet.it\/fr\/wp-json\/wp\/v2\/comments?post=403"}],"version-history":[{"count":0,"href":"https:\/\/zilmet.it\/fr\/wp-json\/wp\/v2\/product\/403\/revisions"}],"wp:featuredmedia":[{"embeddable":true,"href":"https:\/\/zilmet.it\/fr\/wp-json\/wp\/v2\/media\/1371"}],"wp:attachment":[{"href":"https:\/\/zilmet.it\/fr\/wp-json\/wp\/v2\/media?parent=403"}],"wp:term":[{"taxonomy":"product_brand","embeddable":true,"href":"https:\/\/zilmet.it\/fr\/wp-json\/wp\/v2\/product_brand?post=403"},{"taxonomy":"product_cat","embeddable":true,"href":"https:\/\/zilmet.it\/fr\/wp-json\/wp\/v2\/product_cat?post=403"},{"taxonomy":"product_tag","embeddable":true,"href":"https:\/\/zilmet.it\/fr\/wp-json\/wp\/v2\/product_tag?post=403"}],"curies":[{"name":"wp","href":"https:\/\/api.w.org\/{rel}","templated":true}]}}