{"id":3612,"date":"2023-10-12T16:07:42","date_gmt":"2023-10-12T14:07:42","guid":{"rendered":"https:\/\/www.zilmet.it\/?post_type=product&#038;p=3612"},"modified":"2026-03-10T11:04:40","modified_gmt":"2026-03-10T10:04:40","slug":"zil-b100","status":"publish","type":"product","link":"https:\/\/zilmet.it\/fr\/produit\/zil-b100\/","title":{"rendered":"ZIL B 100"},"content":{"rendered":"<figure class=\"wp-block-table\"><table><tbody><tr><td colspan=\"2\">Caract\u00e9ristiques techniques<\/td><\/tr><tr><td>Pression de service maximale<\/td><td>4 barres<\/td><\/tr><tr><td>Temp\u00e9rature de fonctionnement<\/td><td>-10\/+95\u00b0C<\/td><\/tr><tr><td>CODE<\/td><td>16B0010000<\/td><\/tr><tr><td>CAPACIT\u00c9 LITRES<\/td><td>100<\/td><\/tr><tr><td>DIAM\u00c8TRE \u00d8D (mm)<\/td><td>469<\/td><\/tr><tr><td>H HAUTEUR (mm)<\/td><td>1071<\/td><\/tr><tr><td>DIMENSIONS (mm)<\/td><td>545<\/td><\/tr><tr><td>DIMENSIONS E (mm)<\/td><td>160<\/td><\/tr><tr><td>DIMENSION F (mm)<\/td><td>100<\/td><\/tr><tr><td>\u00d8 RACCORD C 1<\/td><td>G1 1\/4<\/td><\/tr><tr><td>\u00d8 RACCORD C 2<\/td><td>G1 1\/4<\/td><\/tr><\/tbody><\/table><\/figure>","protected":false},"excerpt":{"rendered":"<p>Caract\u00e9ristiques techniques Pression maximale de fonctionnement 4 bar Temp\u00e9rature de fonctionnement -10\/+95\u00b0C CODE 16B0008000 CAPACIT\u00c9 LITRES 80 \u00d8D DIAM\u00c8TRE (mm) 469 H HAUTEUR (mm) 891 DIMENSION L (mm) 365 DIMENSION E (mm) 160 DIMENSION F (mm) 100 \u00d8 RACCORD C 1 G 1 1\/4 \u00d8 RACCORD C 2 G 1 1\/4<\/p>","protected":false},"featured_media":3617,"comment_status":"closed","ping_status":"closed","template":"","meta":{"_acf_changed":false,"litri":"","pmax":"4","codice":"16B0010000"},"product_brand":[],"product_cat":[72],"product_tag":[],"class_list":{"0":"post-3612","1":"product","2":"type-product","3":"status-publish","4":"has-post-thumbnail","6":"product_cat-buffer-tank","8":"first","9":"instock","10":"shipping-taxable","11":"product-type-simple"},"acf":[],"_links":{"self":[{"href":"https:\/\/zilmet.it\/fr\/wp-json\/wp\/v2\/product\/3612","targetHints":{"allow":["GET"]}}],"collection":[{"href":"https:\/\/zilmet.it\/fr\/wp-json\/wp\/v2\/product"}],"about":[{"href":"https:\/\/zilmet.it\/fr\/wp-json\/wp\/v2\/types\/product"}],"replies":[{"embeddable":true,"href":"https:\/\/zilmet.it\/fr\/wp-json\/wp\/v2\/comments?post=3612"}],"version-history":[{"count":1,"href":"https:\/\/zilmet.it\/fr\/wp-json\/wp\/v2\/product\/3612\/revisions"}],"predecessor-version":[{"id":8193,"href":"https:\/\/zilmet.it\/fr\/wp-json\/wp\/v2\/product\/3612\/revisions\/8193"}],"wp:featuredmedia":[{"embeddable":true,"href":"https:\/\/zilmet.it\/fr\/wp-json\/wp\/v2\/media\/3617"}],"wp:attachment":[{"href":"https:\/\/zilmet.it\/fr\/wp-json\/wp\/v2\/media?parent=3612"}],"wp:term":[{"taxonomy":"product_brand","embeddable":true,"href":"https:\/\/zilmet.it\/fr\/wp-json\/wp\/v2\/product_brand?post=3612"},{"taxonomy":"product_cat","embeddable":true,"href":"https:\/\/zilmet.it\/fr\/wp-json\/wp\/v2\/product_cat?post=3612"},{"taxonomy":"product_tag","embeddable":true,"href":"https:\/\/zilmet.it\/fr\/wp-json\/wp\/v2\/product_tag?post=3612"}],"curies":[{"name":"wp","href":"https:\/\/api.w.org\/{rel}","templated":true}]}}