{"id":3608,"date":"2023-10-12T16:04:34","date_gmt":"2023-10-12T14:04:34","guid":{"rendered":"https:\/\/www.zilmet.it\/?post_type=product&#038;p=3608"},"modified":"2023-10-15T17:11:38","modified_gmt":"2023-10-15T15:11:38","slug":"zil-b-50","status":"publish","type":"product","link":"https:\/\/zilmet.it\/fr\/produit\/zil-b-50\/","title":{"rendered":"ZIL B 50"},"content":{"rendered":"<figure class=\"wp-block-table\"><table><tbody><tr><td colspan=\"2\">Caract\u00e9ristiques techniques<\/td><\/tr><tr><td>Pression de service maximale<\/td><td>4 barres<\/td><\/tr><tr><td>Temp\u00e9rature de fonctionnement<\/td><td>-10\/+95\u00b0C<\/td><\/tr><tr><td>CODE<\/td><td>16B0005000<\/td><\/tr><tr><td>CAPACIT\u00c9 LITRES<\/td><td>50<\/td><\/tr><tr><td>DIAM\u00c8TRE \u00d8D (mm)<\/td><td>360<\/td><\/tr><tr><td>H HAUTEUR (mm)<\/td><td>1008<\/td><\/tr><tr><td>DIMENSIONS (mm)<\/td><td>580<\/td><\/tr><tr><td>DIMENSIONS E (mm)<\/td><td>160<\/td><\/tr><tr><td>DIMENSION F (mm)<\/td><td>100<\/td><\/tr><tr><td>\u00d8 RACCORD C 1<\/td><td>G1<\/td><\/tr><tr><td>\u00d8 RACCORD C 2<\/td><td>G3\/4<\/td><\/tr><\/tbody><\/table><\/figure>","protected":false},"excerpt":{"rendered":"<p>Caract\u00e9ristiques techniques Pression maximale de fonctionnement 4 bar Temp\u00e9rature de fonctionnement -10\/+95\u00b0C CODE 16B0005000 CAPACIT\u00c9 LITRES 50 \u00d8D DIAM\u00c8TRE (mm) 360 H HAUTEUR (mm) 1008 DIMENSION L (mm) 580 DIMENSION E (mm) 160 DIMENSION F (mm) 100 \u00d8 RACCORD C 1 G 1 \u00d8 RACCORD C 2 G 3\/4<\/p>","protected":false},"featured_media":3614,"comment_status":"closed","ping_status":"closed","template":"","meta":{"_acf_changed":false,"litri":"","pmax":"4","codice":""},"product_brand":[],"product_cat":[72],"product_tag":[],"class_list":{"0":"post-3608","1":"product","2":"type-product","3":"status-publish","4":"has-post-thumbnail","6":"product_cat-buffer-tank","8":"first","9":"instock","10":"shipping-taxable","11":"product-type-simple"},"acf":[],"_links":{"self":[{"href":"https:\/\/zilmet.it\/fr\/wp-json\/wp\/v2\/product\/3608","targetHints":{"allow":["GET"]}}],"collection":[{"href":"https:\/\/zilmet.it\/fr\/wp-json\/wp\/v2\/product"}],"about":[{"href":"https:\/\/zilmet.it\/fr\/wp-json\/wp\/v2\/types\/product"}],"replies":[{"embeddable":true,"href":"https:\/\/zilmet.it\/fr\/wp-json\/wp\/v2\/comments?post=3608"}],"version-history":[{"count":0,"href":"https:\/\/zilmet.it\/fr\/wp-json\/wp\/v2\/product\/3608\/revisions"}],"wp:featuredmedia":[{"embeddable":true,"href":"https:\/\/zilmet.it\/fr\/wp-json\/wp\/v2\/media\/3614"}],"wp:attachment":[{"href":"https:\/\/zilmet.it\/fr\/wp-json\/wp\/v2\/media?parent=3608"}],"wp:term":[{"taxonomy":"product_brand","embeddable":true,"href":"https:\/\/zilmet.it\/fr\/wp-json\/wp\/v2\/product_brand?post=3608"},{"taxonomy":"product_cat","embeddable":true,"href":"https:\/\/zilmet.it\/fr\/wp-json\/wp\/v2\/product_cat?post=3608"},{"taxonomy":"product_tag","embeddable":true,"href":"https:\/\/zilmet.it\/fr\/wp-json\/wp\/v2\/product_tag?post=3608"}],"curies":[{"name":"wp","href":"https:\/\/api.w.org\/{rel}","templated":true}]}}