{"id":3588,"date":"2023-10-12T15:50:34","date_gmt":"2023-10-12T13:50:34","guid":{"rendered":"https:\/\/www.zilmet.it\/?post_type=product&#038;p=3588"},"modified":"2026-03-10T11:16:55","modified_gmt":"2026-03-10T10:16:55","slug":"zil-b25","status":"publish","type":"product","link":"https:\/\/zilmet.it\/fr\/produit\/zil-b25\/","title":{"rendered":"ZIL B25"},"content":{"rendered":"<figure class=\"wp-block-table\"><table><tbody><tr><td colspan=\"2\">Caract\u00e9ristiques techniques<\/td><\/tr><tr><td>Pression de service maximale<\/td><td>4 barres<\/td><\/tr><tr><td>Temp\u00e9rature de fonctionnement<\/td><td>-10\/+95\u00b0C<\/td><\/tr><tr><td>CODE<\/td><td>16B0002500<\/td><\/tr><tr><td>CAPACIT\u00c9 LITRES<\/td><td>25<\/td><\/tr><tr><td>DIAM\u00c8TRE \u00d8D (mm)<\/td><td>290<\/td><\/tr><tr><td>H HAUTEUR (mm)<\/td><td>925<\/td><\/tr><tr><td>DIMENSIONS (mm)<\/td><td>480<\/td><\/tr><tr><td>DIMENSIONS E (mm)<\/td><td>160<\/td><\/tr><tr><td>DIMENSION F (mm)<\/td><td>100<\/td><\/tr><tr><td>\u00d8 RACCORD C 1<\/td><td>G1<\/td><\/tr><tr><td>\u00d8 RACCORD C 2<\/td><td>G3\/4<\/td><\/tr><\/tbody><\/table><\/figure>\n\n\n\n<p>*Donn\u00e9es soumises \u00e0 tol\u00e9rance.<\/p>","protected":false},"excerpt":{"rendered":"<p>&nbsp;<\/p>\n<p>&nbsp;<\/p>\n<p>&nbsp;<\/p>","protected":false},"featured_media":3614,"comment_status":"closed","ping_status":"closed","template":"","meta":{"_acf_changed":false,"litri":"","pmax":"4","codice":"16B0002500"},"product_brand":[],"product_cat":[72],"product_tag":[],"class_list":{"0":"post-3588","1":"product","2":"type-product","3":"status-publish","4":"has-post-thumbnail","6":"product_cat-buffer-tank","8":"first","9":"instock","10":"shipping-taxable","11":"product-type-variable"},"acf":[],"_links":{"self":[{"href":"https:\/\/zilmet.it\/fr\/wp-json\/wp\/v2\/product\/3588","targetHints":{"allow":["GET"]}}],"collection":[{"href":"https:\/\/zilmet.it\/fr\/wp-json\/wp\/v2\/product"}],"about":[{"href":"https:\/\/zilmet.it\/fr\/wp-json\/wp\/v2\/types\/product"}],"replies":[{"embeddable":true,"href":"https:\/\/zilmet.it\/fr\/wp-json\/wp\/v2\/comments?post=3588"}],"version-history":[{"count":2,"href":"https:\/\/zilmet.it\/fr\/wp-json\/wp\/v2\/product\/3588\/revisions"}],"predecessor-version":[{"id":8194,"href":"https:\/\/zilmet.it\/fr\/wp-json\/wp\/v2\/product\/3588\/revisions\/8194"}],"wp:featuredmedia":[{"embeddable":true,"href":"https:\/\/zilmet.it\/fr\/wp-json\/wp\/v2\/media\/3614"}],"wp:attachment":[{"href":"https:\/\/zilmet.it\/fr\/wp-json\/wp\/v2\/media?parent=3588"}],"wp:term":[{"taxonomy":"product_brand","embeddable":true,"href":"https:\/\/zilmet.it\/fr\/wp-json\/wp\/v2\/product_brand?post=3588"},{"taxonomy":"product_cat","embeddable":true,"href":"https:\/\/zilmet.it\/fr\/wp-json\/wp\/v2\/product_cat?post=3588"},{"taxonomy":"product_tag","embeddable":true,"href":"https:\/\/zilmet.it\/fr\/wp-json\/wp\/v2\/product_tag?post=3588"}],"curies":[{"name":"wp","href":"https:\/\/api.w.org\/{rel}","templated":true}]}}