{"id":3274,"date":"2023-10-11T19:40:37","date_gmt":"2023-10-11T17:40:37","guid":{"rendered":"https:\/\/www.zilmet.it\/?post_type=product&#038;p=3274"},"modified":"2023-12-14T14:34:30","modified_gmt":"2023-12-14T13:34:30","slug":"zc-ze-450","status":"publish","type":"product","link":"https:\/\/zilmet.it\/fr\/produit\/zc-ze-450\/","title":{"rendered":"ZC-ZE 450"},"content":{"rendered":"<figure class=\"wp-block-table\"><table><tbody><tr><td colspan=\"3\"><strong>Caract\u00e9ristiques techniques<\/strong><\/td><\/tr><tr><td colspan=\"2\">Pression de service maximale&nbsp;<\/td><td>30 \u2013 45 barres<\/td><\/tr><tr><td colspan=\"2\">Temp\u00e9rature de fonctionnement maximale<\/td><td>-50\u00b0C \/ +200\u00b0C<\/td><\/tr><tr><td colspan=\"2\">Mat\u00e9riau de la plaque<\/td><td>Acier inoxydable AISI 316 L<\/td><\/tr><tr><td colspan=\"2\">Mat\u00e9riau des raccords<\/td><td>Acier inoxydable AISI 316 L<\/td><\/tr><tr><td colspan=\"2\">Raccords c\u00f4t\u00e9 eau<\/td><td>G2<\/td><\/tr><tr><td colspan=\"2\">Raccords lat\u00e9raux fr\u00e9on<\/td><td>\u00d8 28,7 \u2013 35 mm<\/td><\/tr><tr><td colspan=\"2\">Mat\u00e9riel de brasage<\/td><td>Cuivre 99.9%<\/td><\/tr><tr><td colspan=\"2\">Nombre de plaques<\/td><td>10 \u2013 80<\/td><\/tr><\/tbody><\/table><\/figure>\n\n\n\n<figure class=\"wp-block-table\"><table><tbody><tr><td colspan=\"3\"><strong>Mesures et poids<\/strong><\/td><\/tr><tr><td>Longueur<\/td><td colspan=\"2\">487 millim\u00e8tres<\/td><\/tr><tr><td>Empattement plus grand<\/td><td colspan=\"2\">395 millim\u00e8tres<\/td><\/tr><tr><td>Longueur<\/td><td colspan=\"2\">247 millim\u00e8tres<\/td><\/tr><tr><td>Empattement plus petit<\/td><td colspan=\"2\">160 millim\u00e8tres<\/td><\/tr><tr><td>Hauteur<\/td><td colspan=\"2\">(9 + 1,95 x N) mm*<\/td><\/tr><tr><td>Poids<\/td><td colspan=\"2\">(4,16 + 0,447 x N) Kg*<\/td><\/tr><\/tbody><\/table><\/figure>\n\n\n\n<p>*Donn\u00e9es soumises \u00e0 tol\u00e9rance.<\/p>","protected":false},"excerpt":{"rendered":"<p>Caratteristiche tecniche Pressione massima di esercizio&nbsp; 30 &#8211; 45&nbsp;bar Temperatura massima di esercizio -50\u00b0C \/ +200\u00b0C Materiale piastre Acciaio inox AISI 316 L Materiale raccordi Acciaio inox AISI 316 L Raccordi lato acqua G2 Raccordi lato freon \u00d8&nbsp;28,7 &#8211;&nbsp;35&nbsp;mm Materiale brasatura Rame 99,9% Numero di piastre 10 &#8211; 80 Misure e pesi Lunghezza 487&nbsp;mm Interasse [&hellip;]<\/p>\n","protected":false},"featured_media":3262,"comment_status":"closed","ping_status":"closed","template":"","meta":{"_acf_changed":false,"litri":"","pmax":"30","codice":""},"product_brand":[],"product_cat":[55,66],"product_tag":[],"class_list":{"0":"post-3274","1":"product","2":"type-product","3":"status-publish","4":"has-post-thumbnail","6":"product_cat-scambiatori-di-calore","7":"product_cat-scambiatori-saldobrasati-refrigerazione","9":"first","10":"instock","11":"shipping-taxable","12":"product-type-variable"},"acf":[],"_links":{"self":[{"href":"https:\/\/zilmet.it\/fr\/wp-json\/wp\/v2\/product\/3274","targetHints":{"allow":["GET"]}}],"collection":[{"href":"https:\/\/zilmet.it\/fr\/wp-json\/wp\/v2\/product"}],"about":[{"href":"https:\/\/zilmet.it\/fr\/wp-json\/wp\/v2\/types\/product"}],"replies":[{"embeddable":true,"href":"https:\/\/zilmet.it\/fr\/wp-json\/wp\/v2\/comments?post=3274"}],"version-history":[{"count":0,"href":"https:\/\/zilmet.it\/fr\/wp-json\/wp\/v2\/product\/3274\/revisions"}],"wp:featuredmedia":[{"embeddable":true,"href":"https:\/\/zilmet.it\/fr\/wp-json\/wp\/v2\/media\/3262"}],"wp:attachment":[{"href":"https:\/\/zilmet.it\/fr\/wp-json\/wp\/v2\/media?parent=3274"}],"wp:term":[{"taxonomy":"product_brand","embeddable":true,"href":"https:\/\/zilmet.it\/fr\/wp-json\/wp\/v2\/product_brand?post=3274"},{"taxonomy":"product_cat","embeddable":true,"href":"https:\/\/zilmet.it\/fr\/wp-json\/wp\/v2\/product_cat?post=3274"},{"taxonomy":"product_tag","embeddable":true,"href":"https:\/\/zilmet.it\/fr\/wp-json\/wp\/v2\/product_tag?post=3274"}],"curies":[{"name":"wp","href":"https:\/\/api.w.org\/{rel}","templated":true}]}}