{"id":2793,"date":"2023-09-19T10:24:47","date_gmt":"2023-09-19T08:24:47","guid":{"rendered":"https:\/\/www.zilmet.it\/?post_type=product&#038;p=2793"},"modified":"2023-12-14T14:31:30","modified_gmt":"2023-12-14T13:31:30","slug":"zb-600","status":"publish","type":"product","link":"https:\/\/zilmet.it\/fr\/produit\/zb-600\/","title":{"rendered":"ZB600"},"content":{"rendered":"<figure class=\"wp-block-table\"><table><tbody><tr><td colspan=\"3\"><strong>Caract\u00e9ristiques techniques<\/strong><\/td><\/tr><tr><td colspan=\"2\">Pression de service maximale&nbsp;<\/td><td>30 barres<\/td><\/tr><tr><td colspan=\"2\">Temp\u00e9rature de fonctionnement maximale<\/td><td>-50\u00b0C \/ +200\u00b0C<\/td><\/tr><tr><td colspan=\"2\">Mat\u00e9riau de la plaque<\/td><td>Acier inoxydable AISI 316 L<\/td><\/tr><tr><td colspan=\"2\">Mat\u00e9riau des raccords<\/td><td>Acier inoxydable AISI 316<\/td><\/tr><tr><td colspan=\"2\">\u00c9quipements standards<\/td><td>4 x G2<\/td><\/tr><tr><td colspan=\"2\">Mat\u00e9riel de brasage<\/td><td>Cuivre 99.9%<\/td><\/tr><tr><td colspan=\"2\">Nombre de plaques<\/td><td>30 \u2013 100<\/td><\/tr><\/tbody><\/table><\/figure>\n\n\n\n<figure class=\"wp-block-table\"><table><tbody><tr><td colspan=\"3\"><strong>Mesures et poids<\/strong><\/td><\/tr><tr><td>Longueur<\/td><td colspan=\"2\">530 millim\u00e8tres<\/td><\/tr><tr><td>Empattement plus grand<\/td><td colspan=\"2\">439 millim\u00e8tres<\/td><\/tr><tr><td>Longueur<\/td><td colspan=\"2\">265 millim\u00e8tres<\/td><\/tr><tr><td>Empattement plus petit<\/td><td colspan=\"2\">177 millim\u00e8tres<\/td><\/tr><tr><td>Hauteur<\/td><td colspan=\"2\">(9 + 2,3 x N)mm*<\/td><\/tr><tr><td>Poids<\/td><td colspan=\"2\">(8,1 + 0,41 x N) Kg*<\/td><\/tr><\/tbody><\/table><\/figure>\n\n\n\n<p>*Donn\u00e9es soumises \u00e0 tol\u00e9rance.<\/p>","protected":false},"excerpt":{"rendered":"<p>Caratteristiche tecniche Pressione massima di esercizio&nbsp; 30&nbsp;bar Temperatura massima di esercizio -50\u00b0C \/ +200\u00b0C Materiale piastre Acciaio inox AISI 316 L Materiale raccordi Acciaio inox AISI 316 Raccordi standard 4 x G2 Materiale brasatura Rame 99,9% Numero di piastre 30 &#8211; 100 Misure e pesi Lunghezza 530&nbsp;mm Interasse maggiore 439&nbsp;mm Larghezza 265&nbsp;mm Interasse minore 177&nbsp;mm [&hellip;]<\/p>\n","protected":false},"featured_media":3250,"comment_status":"closed","ping_status":"closed","template":"","meta":{"_acf_changed":false,"litri":"","pmax":"30","codice":""},"product_brand":[],"product_cat":[55,65],"product_tag":[],"class_list":{"0":"post-2793","1":"product","2":"type-product","3":"status-publish","4":"has-post-thumbnail","6":"product_cat-scambiatori-di-calore","7":"product_cat-scambiatori-saldobrasati-monofase","9":"first","10":"instock","11":"shipping-taxable","12":"product-type-simple"},"acf":[],"_links":{"self":[{"href":"https:\/\/zilmet.it\/fr\/wp-json\/wp\/v2\/product\/2793","targetHints":{"allow":["GET"]}}],"collection":[{"href":"https:\/\/zilmet.it\/fr\/wp-json\/wp\/v2\/product"}],"about":[{"href":"https:\/\/zilmet.it\/fr\/wp-json\/wp\/v2\/types\/product"}],"replies":[{"embeddable":true,"href":"https:\/\/zilmet.it\/fr\/wp-json\/wp\/v2\/comments?post=2793"}],"version-history":[{"count":0,"href":"https:\/\/zilmet.it\/fr\/wp-json\/wp\/v2\/product\/2793\/revisions"}],"wp:featuredmedia":[{"embeddable":true,"href":"https:\/\/zilmet.it\/fr\/wp-json\/wp\/v2\/media\/3250"}],"wp:attachment":[{"href":"https:\/\/zilmet.it\/fr\/wp-json\/wp\/v2\/media?parent=2793"}],"wp:term":[{"taxonomy":"product_brand","embeddable":true,"href":"https:\/\/zilmet.it\/fr\/wp-json\/wp\/v2\/product_brand?post=2793"},{"taxonomy":"product_cat","embeddable":true,"href":"https:\/\/zilmet.it\/fr\/wp-json\/wp\/v2\/product_cat?post=2793"},{"taxonomy":"product_tag","embeddable":true,"href":"https:\/\/zilmet.it\/fr\/wp-json\/wp\/v2\/product_tag?post=2793"}],"curies":[{"name":"wp","href":"https:\/\/api.w.org\/{rel}","templated":true}]}}