{"id":2787,"date":"2023-09-19T10:22:32","date_gmt":"2023-09-19T08:22:32","guid":{"rendered":"https:\/\/www.zilmet.it\/?post_type=product&#038;p=2787"},"modified":"2023-12-14T14:30:18","modified_gmt":"2023-12-14T13:30:18","slug":"zb-400","status":"publish","type":"product","link":"https:\/\/zilmet.it\/fr\/produit\/zb-400\/","title":{"rendered":"ZB400"},"content":{"rendered":"<figure class=\"wp-block-table\"><table><tbody><tr><td colspan=\"3\"><strong>Caract\u00e9ristiques techniques<\/strong><\/td><\/tr><tr><td colspan=\"2\">Pression de service maximale&nbsp;<\/td><td>30 barres<\/td><\/tr><tr><td colspan=\"2\">Temp\u00e9rature de fonctionnement maximale<\/td><td>-50\u00b0C \/ +200\u00b0C<\/td><\/tr><tr><td colspan=\"2\">Mat\u00e9riau de la plaque<\/td><td>Acier inoxydable AISI 316 L<\/td><\/tr><tr><td colspan=\"2\">Mat\u00e9riau des raccords<\/td><td>Acier inoxydable AISI 316<\/td><\/tr><tr><td colspan=\"2\">\u00c9quipements standards<\/td><td>4 x G1 1\/4<\/td><\/tr><tr><td colspan=\"2\">Mat\u00e9riel de brasage<\/td><td>Cuivre 99.9%<\/td><\/tr><tr><td colspan=\"2\">Nombre de plaques<\/td><td>10 \u2013 80<\/td><\/tr><\/tbody><\/table><\/figure>\n\n\n\n<figure class=\"wp-block-table\"><table><tbody><tr><td colspan=\"3\"><strong>Mesures et poids<\/strong><\/td><\/tr><tr><td>Longueur<\/td><td colspan=\"2\">390 millim\u00e8tres<\/td><\/tr><tr><td>Empattement plus grand<\/td><td colspan=\"2\">296 millim\u00e8tres<\/td><\/tr><tr><td>Longueur<\/td><td colspan=\"2\">195mm<\/td><\/tr><tr><td>Empattement plus petit<\/td><td colspan=\"2\">120 millim\u00e8tres<\/td><\/tr><tr><td>Hauteur<\/td><td colspan=\"2\">(9 + 2,1 x N) mm*<\/td><\/tr><tr><td>Poids<\/td><td colspan=\"2\">(2,82 + 0,286 x N) Kg*<\/td><\/tr><\/tbody><\/table><\/figure>\n\n\n\n<p>*Donn\u00e9es soumises \u00e0 tol\u00e9rance.<\/p>","protected":false},"excerpt":{"rendered":"<p>Caratteristiche tecniche Pressione massima di esercizio&nbsp; 30&nbsp;bar Temperatura massima di esercizio -50\u00b0C \/ +200\u00b0C Materiale piastre Acciaio inox AISI 316 L Materiale raccordi Acciaio inox AISI 316 Raccordi standard 4 x G1 1\/4 Materiale brasatura Rame 99,9% Numero di piastre 10&nbsp;&#8211; 80 Misure e pesi Lunghezza 390&nbsp;mm Interasse maggiore 296&nbsp;mm Larghezza 195&nbsp;mm Interasse minore 120&nbsp;mm [&hellip;]<\/p>\n","protected":false},"featured_media":3247,"comment_status":"closed","ping_status":"closed","template":"","meta":{"_acf_changed":false,"litri":"","pmax":"30","codice":""},"product_brand":[],"product_cat":[55,65],"product_tag":[],"class_list":{"0":"post-2787","1":"product","2":"type-product","3":"status-publish","4":"has-post-thumbnail","6":"product_cat-scambiatori-di-calore","7":"product_cat-scambiatori-saldobrasati-monofase","9":"first","10":"instock","11":"shipping-taxable","12":"product-type-simple"},"acf":[],"_links":{"self":[{"href":"https:\/\/zilmet.it\/fr\/wp-json\/wp\/v2\/product\/2787","targetHints":{"allow":["GET"]}}],"collection":[{"href":"https:\/\/zilmet.it\/fr\/wp-json\/wp\/v2\/product"}],"about":[{"href":"https:\/\/zilmet.it\/fr\/wp-json\/wp\/v2\/types\/product"}],"replies":[{"embeddable":true,"href":"https:\/\/zilmet.it\/fr\/wp-json\/wp\/v2\/comments?post=2787"}],"version-history":[{"count":0,"href":"https:\/\/zilmet.it\/fr\/wp-json\/wp\/v2\/product\/2787\/revisions"}],"wp:featuredmedia":[{"embeddable":true,"href":"https:\/\/zilmet.it\/fr\/wp-json\/wp\/v2\/media\/3247"}],"wp:attachment":[{"href":"https:\/\/zilmet.it\/fr\/wp-json\/wp\/v2\/media?parent=2787"}],"wp:term":[{"taxonomy":"product_brand","embeddable":true,"href":"https:\/\/zilmet.it\/fr\/wp-json\/wp\/v2\/product_brand?post=2787"},{"taxonomy":"product_cat","embeddable":true,"href":"https:\/\/zilmet.it\/fr\/wp-json\/wp\/v2\/product_cat?post=2787"},{"taxonomy":"product_tag","embeddable":true,"href":"https:\/\/zilmet.it\/fr\/wp-json\/wp\/v2\/product_tag?post=2787"}],"curies":[{"name":"wp","href":"https:\/\/api.w.org\/{rel}","templated":true}]}}