{"id":2682,"date":"2023-08-03T16:10:48","date_gmt":"2023-08-03T14:10:48","guid":{"rendered":"https:\/\/www.zilmet.it\/?post_type=product&#038;p=2682"},"modified":"2024-03-18T03:57:44","modified_gmt":"2024-03-18T02:57:44","slug":"50-litres-ultra-pro-50v","status":"publish","type":"product","link":"https:\/\/zilmet.it\/fr\/produit\/50-litres-ultra-pro-50v\/","title":{"rendered":"50 LITRES | ULTRA-PRO 50V"},"content":{"rendered":"<figure class=\"wp-block-table\"><table><thead><tr><th class=\"has-text-align-left\" data-align=\"left\">Caract\u00e9ristiques techniques<\/th><th><\/th><\/tr><\/thead><tbody><tr><td class=\"has-text-align-left\" data-align=\"left\">Pression de service maximale<\/td><td>10 barres<\/td><\/tr><tr><td class=\"has-text-align-left\" data-align=\"left\">Temp\u00e9rature de fonctionnement<\/td><td>-10\/+99\u00b0C<\/td><\/tr><tr><td class=\"has-text-align-left\" data-align=\"left\">PRESSION DE PR\u00c9CHARGE<\/td><td>180 barres<\/td><\/tr><tr><td class=\"has-text-align-left\" data-align=\"left\">CAPACIT\u00c9&#039;<\/td><td>50L<\/td><\/tr><tr><td class=\"has-text-align-left\" data-align=\"left\">DIAM\u00c8TRE \u00d8D (mm)<\/td><td>380<\/td><\/tr><tr><td class=\"has-text-align-left\" data-align=\"left\">H HAUTEUR (mm)<\/td><td>770<\/td><\/tr><tr><td class=\"has-text-align-left\" data-align=\"left\">E (mm)<\/td><td>180<\/td><\/tr><tr><\/tr><\/tbody><\/table><\/figure>","protected":false},"excerpt":{"rendered":"<p>Caract\u00e9ristiques techniques Pression maximale de service 10 bar Temp\u00e9rature de fonctionnement -10\/+99\u00b0C Facteur de pr\u00e9charge 180 bar CAPACIT\u00c9 50 L \u00d8D DIAM\u00c8TRE (mm) 380 H HAUTEUR (mm) 770 E (mm) 180<\/p>","protected":false},"featured_media":2627,"comment_status":"closed","ping_status":"closed","template":"","meta":{"_acf_changed":false,"litri":"50","pmax":"10","codice":"1101005002"},"product_brand":[],"product_cat":[52,76,24],"product_tag":[81],"class_list":{"0":"post-2682","1":"product","2":"type-product","3":"status-publish","4":"has-post-thumbnail","6":"product_cat-linea-acqua-potabile","7":"product_cat-sollevamento-acque","8":"product_cat-vasi-di-espansione","9":"product_tag-ultra-pro","11":"first","12":"outofstock","13":"shipping-taxable","14":"product-type-variable"},"acf":[],"_links":{"self":[{"href":"https:\/\/zilmet.it\/fr\/wp-json\/wp\/v2\/product\/2682","targetHints":{"allow":["GET"]}}],"collection":[{"href":"https:\/\/zilmet.it\/fr\/wp-json\/wp\/v2\/product"}],"about":[{"href":"https:\/\/zilmet.it\/fr\/wp-json\/wp\/v2\/types\/product"}],"replies":[{"embeddable":true,"href":"https:\/\/zilmet.it\/fr\/wp-json\/wp\/v2\/comments?post=2682"}],"version-history":[{"count":0,"href":"https:\/\/zilmet.it\/fr\/wp-json\/wp\/v2\/product\/2682\/revisions"}],"wp:featuredmedia":[{"embeddable":true,"href":"https:\/\/zilmet.it\/fr\/wp-json\/wp\/v2\/media\/2627"}],"wp:attachment":[{"href":"https:\/\/zilmet.it\/fr\/wp-json\/wp\/v2\/media?parent=2682"}],"wp:term":[{"taxonomy":"product_brand","embeddable":true,"href":"https:\/\/zilmet.it\/fr\/wp-json\/wp\/v2\/product_brand?post=2682"},{"taxonomy":"product_cat","embeddable":true,"href":"https:\/\/zilmet.it\/fr\/wp-json\/wp\/v2\/product_cat?post=2682"},{"taxonomy":"product_tag","embeddable":true,"href":"https:\/\/zilmet.it\/fr\/wp-json\/wp\/v2\/product_tag?post=2682"}],"curies":[{"name":"wp","href":"https:\/\/api.w.org\/{rel}","templated":true}]}}