{"id":2678,"date":"2023-08-03T16:00:11","date_gmt":"2023-08-03T14:00:11","guid":{"rendered":"https:\/\/www.zilmet.it\/?post_type=product&#038;p=2678"},"modified":"2024-03-18T03:57:45","modified_gmt":"2024-03-18T02:57:45","slug":"24-litres-ultra-pro-24v-sfer-sph","status":"publish","type":"product","link":"https:\/\/zilmet.it\/fr\/produit\/24-litres-ultra-pro-24v-sfer-sph\/","title":{"rendered":"24 LITRES | ULTRA-PRO 24V sph\u00e9rique\/sph."},"content":{"rendered":"<figure class=\"wp-block-table\"><table><thead><tr><th class=\"has-text-align-left\" data-align=\"left\">Caract\u00e9ristiques techniques<\/th><th><\/th><\/tr><\/thead><tbody><tr><td class=\"has-text-align-left\" data-align=\"left\">Pression de service maximale<\/td><td>8 barres<\/td><\/tr><tr><td class=\"has-text-align-left\" data-align=\"left\">Temp\u00e9rature de fonctionnement<\/td><td>-10\/+99\u00b0C<\/td><\/tr><tr><td class=\"has-text-align-left\" data-align=\"left\">PRESSION DE PR\u00c9CHARGE<\/td><td>\u2014<\/td><\/tr><tr><td class=\"has-text-align-left\" data-align=\"left\">CAPACIT\u00c9&#039;<\/td><td>24L<\/td><\/tr><tr><td class=\"has-text-align-left\" data-align=\"left\">DIAM\u00c8TRE \u00d8D (mm)<\/td><td>362<\/td><\/tr><tr><td class=\"has-text-align-left\" data-align=\"left\">H HAUTEUR (mm)<\/td><td>355<\/td><\/tr><tr><td class=\"has-text-align-left\" data-align=\"left\">E (mm)<\/td><td>\u2014<\/td><\/tr><tr><td class=\"has-text-align-left\" data-align=\"left\">P. MAX<\/td><td>8 barres<\/td><\/tr><tr><td class=\"has-text-align-left\" data-align=\"left\">\u00d8 RACCORD<\/td><td>1\u2033G<\/td><\/tr><\/tbody><\/table><\/figure>","protected":false},"excerpt":{"rendered":"<p>Caract\u00e9ristiques techniques Pression maximale de fonctionnement 8 bar Temp\u00e9rature de fonctionnement -10\/+99\u00b0C Facteur de pr\u00e9charge \u2014 CAPACIT\u00c9 24 L \u00d8D DIAM\u00c8TRE (mm) 362 H HAUTEUR (mm) 355 E (mm) \u2014 P. MAX 8 bar \u00d8 RACCORD 1\u2033G<\/p>","protected":false},"featured_media":2626,"comment_status":"closed","ping_status":"closed","template":"","meta":{"_acf_changed":false,"litri":"24","pmax":"8","codice":"1100002452"},"product_brand":[],"product_cat":[52,76,24],"product_tag":[81],"class_list":{"0":"post-2678","1":"product","2":"type-product","3":"status-publish","4":"has-post-thumbnail","6":"product_cat-linea-acqua-potabile","7":"product_cat-sollevamento-acque","8":"product_cat-vasi-di-espansione","9":"product_tag-ultra-pro","11":"first","12":"outofstock","13":"shipping-taxable","14":"product-type-variable"},"acf":[],"_links":{"self":[{"href":"https:\/\/zilmet.it\/fr\/wp-json\/wp\/v2\/product\/2678","targetHints":{"allow":["GET"]}}],"collection":[{"href":"https:\/\/zilmet.it\/fr\/wp-json\/wp\/v2\/product"}],"about":[{"href":"https:\/\/zilmet.it\/fr\/wp-json\/wp\/v2\/types\/product"}],"replies":[{"embeddable":true,"href":"https:\/\/zilmet.it\/fr\/wp-json\/wp\/v2\/comments?post=2678"}],"version-history":[{"count":0,"href":"https:\/\/zilmet.it\/fr\/wp-json\/wp\/v2\/product\/2678\/revisions"}],"wp:featuredmedia":[{"embeddable":true,"href":"https:\/\/zilmet.it\/fr\/wp-json\/wp\/v2\/media\/2626"}],"wp:attachment":[{"href":"https:\/\/zilmet.it\/fr\/wp-json\/wp\/v2\/media?parent=2678"}],"wp:term":[{"taxonomy":"product_brand","embeddable":true,"href":"https:\/\/zilmet.it\/fr\/wp-json\/wp\/v2\/product_brand?post=2678"},{"taxonomy":"product_cat","embeddable":true,"href":"https:\/\/zilmet.it\/fr\/wp-json\/wp\/v2\/product_cat?post=2678"},{"taxonomy":"product_tag","embeddable":true,"href":"https:\/\/zilmet.it\/fr\/wp-json\/wp\/v2\/product_tag?post=2678"}],"curies":[{"name":"wp","href":"https:\/\/api.w.org\/{rel}","templated":true}]}}