{"id":2388,"date":"2023-07-24T17:02:43","date_gmt":"2023-07-24T15:02:43","guid":{"rendered":"https:\/\/www.zilmet.it\/?post_type=product&#038;p=2388"},"modified":"2023-11-03T01:39:18","modified_gmt":"2023-11-03T00:39:18","slug":"oem-pro","status":"publish","type":"product","link":"https:\/\/zilmet.it\/fr\/produit\/oem-pro\/","title":{"rendered":"OEM-PRO"},"content":{"rendered":"<p><strong>Caract\u00e9ristiques techniques:<\/strong>&nbsp;R\u00e9cipient en acier au carbone cousu ou soud\u00e9. Membrane en caoutchouc synth\u00e9tique SBR pr\u00e9sentant des caract\u00e9ristiques physiques et m\u00e9caniques selon les normes DIN 4807-3 adapt\u00e9es \u00e0 chaque capacit\u00e9 de cuve, afin d&#039;obtenir la capacit\u00e9 utile maximale. Les pots sont peints ext\u00e9rieurement avec de la poudre \u00e9poxy-polyester longue dur\u00e9e et sont test\u00e9s en usine selon 100%.<\/p>","protected":false},"excerpt":{"rendered":"<p>CAL-PRO : vases d&#039;expansion \u00e0 membrane pour circuits ferm\u00e9s centralis\u00e9s, adapt\u00e9s pour absorber l&#039;augmentation du volume d&#039;eau en fonction de l&#039;augmentation de la temp\u00e9rature dans une installation de chauffage. Equip\u00e9s d&#039;une membrane en caoutchouc SBR, ils sont construits et homologu\u00e9s conform\u00e9ment \u00e0 la r\u00e9glementation PED 2014\/68\/UE pour les syst\u00e8mes de chauffage central avec eau non potable.<\/p>\n<p>&nbsp;<\/p>","protected":false},"featured_media":2389,"comment_status":"closed","ping_status":"closed","template":"","meta":{"_acf_changed":false,"litri":"","pmax":"","codice":""},"product_brand":[],"product_cat":[51,24],"product_tag":[],"class_list":{"0":"post-2388","1":"product","2":"type-product","3":"status-publish","4":"has-post-thumbnail","6":"product_cat-linea-riscaldamento","7":"product_cat-vasi-di-espansione","9":"first","10":"outofstock","11":"shipping-taxable","12":"product-type-variable"},"acf":[],"_links":{"self":[{"href":"https:\/\/zilmet.it\/fr\/wp-json\/wp\/v2\/product\/2388","targetHints":{"allow":["GET"]}}],"collection":[{"href":"https:\/\/zilmet.it\/fr\/wp-json\/wp\/v2\/product"}],"about":[{"href":"https:\/\/zilmet.it\/fr\/wp-json\/wp\/v2\/types\/product"}],"replies":[{"embeddable":true,"href":"https:\/\/zilmet.it\/fr\/wp-json\/wp\/v2\/comments?post=2388"}],"version-history":[{"count":0,"href":"https:\/\/zilmet.it\/fr\/wp-json\/wp\/v2\/product\/2388\/revisions"}],"wp:featuredmedia":[{"embeddable":true,"href":"https:\/\/zilmet.it\/fr\/wp-json\/wp\/v2\/media\/2389"}],"wp:attachment":[{"href":"https:\/\/zilmet.it\/fr\/wp-json\/wp\/v2\/media?parent=2388"}],"wp:term":[{"taxonomy":"product_brand","embeddable":true,"href":"https:\/\/zilmet.it\/fr\/wp-json\/wp\/v2\/product_brand?post=2388"},{"taxonomy":"product_cat","embeddable":true,"href":"https:\/\/zilmet.it\/fr\/wp-json\/wp\/v2\/product_cat?post=2388"},{"taxonomy":"product_tag","embeddable":true,"href":"https:\/\/zilmet.it\/fr\/wp-json\/wp\/v2\/product_tag?post=2388"}],"curies":[{"name":"wp","href":"https:\/\/api.w.org\/{rel}","templated":true}]}}