{"id":2244,"date":"2023-07-24T15:32:33","date_gmt":"2023-07-24T13:32:33","guid":{"rendered":"https:\/\/www.zilmet.it\/?post_type=product&#038;p=2244"},"modified":"2024-03-18T03:21:22","modified_gmt":"2024-03-18T02:21:22","slug":"inox-pro","status":"publish","type":"product","link":"https:\/\/zilmet.it\/fr\/produit\/inox-pro\/","title":{"rendered":"INOX-PRO"},"content":{"rendered":"<figure class=\"wp-block-table\"><table><thead><tr><th class=\"has-text-align-left\" data-align=\"left\">Caract\u00e9ristiques techniques<\/th><\/tr><\/thead><tbody><tr><td class=\"has-text-align-left\" data-align=\"left\">Pression maximale de service mod. 0,16 litres<\/td><td>15 barres<\/td><\/tr><tr><td class=\"has-text-align-left\" data-align=\"left\">Pression maximale de service mod. 0,5-18 litres<\/td><td>10 barres<\/td><\/tr><tr><td class=\"has-text-align-left\" data-align=\"left\">Temp\u00e9rature de fonctionnement<\/td><td>-10\/+99\u00b0C<\/td><\/tr><tr><td class=\"has-text-align-left\" data-align=\"left\">PRESSION DE PR\u00c9CHARGE mod. 0,16-2 litres<\/td><td>3,5 barres<\/td><\/tr><tr><td class=\"has-text-align-left\" data-align=\"left\">PRESSION DE PR\u00c9CHARGE mod. 8-18 litres<\/td><td>2,5 barres<\/td><\/tr><\/tbody><\/table><\/figure>","protected":false},"excerpt":{"rendered":"<p>CAL-PRO : vases d&#039;expansion \u00e0 membrane pour circuits ferm\u00e9s centralis\u00e9s, adapt\u00e9s pour absorber l&#039;augmentation du volume d&#039;eau en fonction de l&#039;augmentation de la temp\u00e9rature dans une installation de chauffage. Equip\u00e9s d&#039;une membrane en caoutchouc SBR, ils sont construits et homologu\u00e9s conform\u00e9ment \u00e0 la r\u00e9glementation PED 2014\/68\/UE pour les syst\u00e8mes de chauffage central avec eau non potable.<\/p>","protected":false},"featured_media":2316,"comment_status":"closed","ping_status":"closed","template":"","meta":{"_acf_changed":false,"litri":"","pmax":"15","codice":""},"product_brand":[],"product_cat":[52,24],"product_tag":[84],"class_list":{"0":"post-2244","1":"product","2":"type-product","3":"status-publish","4":"has-post-thumbnail","6":"product_cat-linea-acqua-potabile","7":"product_cat-vasi-di-espansione","8":"product_tag-inox-pro","10":"first","11":"outofstock","12":"shipping-taxable","13":"product-type-variable"},"acf":[],"_links":{"self":[{"href":"https:\/\/zilmet.it\/fr\/wp-json\/wp\/v2\/product\/2244","targetHints":{"allow":["GET"]}}],"collection":[{"href":"https:\/\/zilmet.it\/fr\/wp-json\/wp\/v2\/product"}],"about":[{"href":"https:\/\/zilmet.it\/fr\/wp-json\/wp\/v2\/types\/product"}],"replies":[{"embeddable":true,"href":"https:\/\/zilmet.it\/fr\/wp-json\/wp\/v2\/comments?post=2244"}],"version-history":[{"count":0,"href":"https:\/\/zilmet.it\/fr\/wp-json\/wp\/v2\/product\/2244\/revisions"}],"wp:featuredmedia":[{"embeddable":true,"href":"https:\/\/zilmet.it\/fr\/wp-json\/wp\/v2\/media\/2316"}],"wp:attachment":[{"href":"https:\/\/zilmet.it\/fr\/wp-json\/wp\/v2\/media?parent=2244"}],"wp:term":[{"taxonomy":"product_brand","embeddable":true,"href":"https:\/\/zilmet.it\/fr\/wp-json\/wp\/v2\/product_brand?post=2244"},{"taxonomy":"product_cat","embeddable":true,"href":"https:\/\/zilmet.it\/fr\/wp-json\/wp\/v2\/product_cat?post=2244"},{"taxonomy":"product_tag","embeddable":true,"href":"https:\/\/zilmet.it\/fr\/wp-json\/wp\/v2\/product_tag?post=2244"}],"curies":[{"name":"wp","href":"https:\/\/api.w.org\/{rel}","templated":true}]}}