{"id":2065,"date":"2023-07-05T17:24:54","date_gmt":"2023-07-05T15:24:54","guid":{"rendered":"https:\/\/www.zilmet.it\/?post_type=product&#038;p=2065"},"modified":"2024-02-08T14:32:01","modified_gmt":"2024-02-08T13:32:01","slug":"200-litres-hydro-pro-200","status":"publish","type":"product","link":"https:\/\/zilmet.it\/fr\/produit\/200-litres-hydro-pro-200\/","title":{"rendered":"200 LITRES | HYDRO-PRO 200"},"content":{"rendered":"<figure class=\"wp-block-table\"><table><thead><tr><th class=\"has-text-align-left\" data-align=\"left\">Caract\u00e9ristiques techniques<\/th><th><\/th><\/tr><\/thead><tbody><tr><td class=\"has-text-align-left\" data-align=\"left\">Pression de service maximale<\/td><td>10 barres<\/td><\/tr><tr><td class=\"has-text-align-left\" data-align=\"left\">Temp\u00e9rature de fonctionnement<\/td><td>-10\/+99\u00b0C<\/td><\/tr><tr><td class=\"has-text-align-left\" data-align=\"left\">PRESSION DE PR\u00c9CHARGE<\/td><td>2,0 barres<\/td><\/tr><tr><td class=\"has-text-align-left\" data-align=\"left\">Capacit\u00e9 Litres<\/td><td>200<\/td><\/tr><tr><td class=\"has-text-align-left\" data-align=\"left\">DIAM\u00c8TRE \u00d8D (mm)<\/td><td>600<\/td><\/tr><tr><td class=\"has-text-align-left\" data-align=\"left\">H HAUTEUR (mm)<\/td><td>812<\/td><\/tr><tr><td class=\"has-text-align-left\" data-align=\"left\">E(mm)<\/td><td>225<\/td><\/tr><tr><td class=\"has-text-align-left\" data-align=\"left\">\u00d8 RACCORD<\/td><td>1 1\/4\u2033G<\/td><\/tr><\/tbody><\/table><\/figure>","protected":false},"excerpt":{"rendered":"<p>Caract\u00e9ristiques techniques Pression maximale de fonctionnement 10 bar Temp\u00e9rature de fonctionnement -10\/+99\u00b0C Facteur de pr\u00e9charge 2,0 bar Capacit\u00e9 Litres 200 \u00d8D DIAM\u00c8TRE (mm) 600 H HAUTEUR(mm) 812 E(mm) 225 \u00d8 RACCORD 1 1\/ 4\u2033G<\/p>","protected":false},"featured_media":1799,"comment_status":"closed","ping_status":"closed","template":"","meta":{"_acf_changed":false,"litri":"200","pmax":"10","codice":"11A1020000"},"product_brand":[],"product_cat":[52,24],"product_tag":[80],"class_list":{"0":"post-2065","1":"product","2":"type-product","3":"status-publish","4":"has-post-thumbnail","6":"product_cat-linea-acqua-potabile","7":"product_cat-vasi-di-espansione","8":"product_tag-hydro-pro-italia","10":"first","11":"instock","12":"shipping-taxable","13":"product-type-variable"},"acf":[],"_links":{"self":[{"href":"https:\/\/zilmet.it\/fr\/wp-json\/wp\/v2\/product\/2065","targetHints":{"allow":["GET"]}}],"collection":[{"href":"https:\/\/zilmet.it\/fr\/wp-json\/wp\/v2\/product"}],"about":[{"href":"https:\/\/zilmet.it\/fr\/wp-json\/wp\/v2\/types\/product"}],"replies":[{"embeddable":true,"href":"https:\/\/zilmet.it\/fr\/wp-json\/wp\/v2\/comments?post=2065"}],"version-history":[{"count":0,"href":"https:\/\/zilmet.it\/fr\/wp-json\/wp\/v2\/product\/2065\/revisions"}],"wp:featuredmedia":[{"embeddable":true,"href":"https:\/\/zilmet.it\/fr\/wp-json\/wp\/v2\/media\/1799"}],"wp:attachment":[{"href":"https:\/\/zilmet.it\/fr\/wp-json\/wp\/v2\/media?parent=2065"}],"wp:term":[{"taxonomy":"product_brand","embeddable":true,"href":"https:\/\/zilmet.it\/fr\/wp-json\/wp\/v2\/product_brand?post=2065"},{"taxonomy":"product_cat","embeddable":true,"href":"https:\/\/zilmet.it\/fr\/wp-json\/wp\/v2\/product_cat?post=2065"},{"taxonomy":"product_tag","embeddable":true,"href":"https:\/\/zilmet.it\/fr\/wp-json\/wp\/v2\/product_tag?post=2065"}],"curies":[{"name":"wp","href":"https:\/\/api.w.org\/{rel}","templated":true}]}}