{"id":853,"date":"2023-03-07T17:15:10","date_gmt":"2023-03-07T16:15:10","guid":{"rendered":"https:\/\/www.zilmet.it\/?page_id=853"},"modified":"2023-11-03T01:14:23","modified_gmt":"2023-11-03T00:14:23","slug":"plaques-amovibles","status":"publish","type":"page","link":"https:\/\/zilmet.it\/fr\/plaques-amovibles\/","title":{"rendered":"Plaques amovibles"},"content":{"rendered":"<div data-elementor-type=\"wp-page\" data-elementor-id=\"853\" class=\"elementor elementor-853\" data-elementor-post-type=\"page\">\n\t\t\t\t<div class=\"elementor-element elementor-element-f40d2a9 e-flex e-con-boxed e-con e-parent\" data-id=\"f40d2a9\" data-element_type=\"container\" data-e-type=\"container\" data-settings=\"{&quot;background_background&quot;:&quot;video&quot;,&quot;background_video_link&quot;:&quot;\\\/wp-content\\\/uploads\\\/2023\\\/10\\\/riflesso_accaio.mp4&quot;,&quot;background_play_on_mobile&quot;:&quot;yes&quot;,&quot;background_privacy_mode&quot;:&quot;yes&quot;}\">\n\t\t\t\t\t<div class=\"e-con-inner\">\n\t\t<div class=\"elementor-background-video-container\">\n\t\t\t\t\t\t\t<video class=\"elementor-background-video-hosted\" role=\"presentation\" autoplay muted playsinline loop><\/video>\n\t\t\t\t\t<\/div>\t\t<div class=\"elementor-element elementor-element-c6a9e2b elementor-widget elementor-widget-heading\" data-id=\"c6a9e2b\" data-element_type=\"widget\" data-e-type=\"widget\" data-widget_type=\"heading.default\">\n\t\t\t\t<div class=\"elementor-widget-container\">\n\t\t\t\t\t<h5 class=\"elementor-heading-title elementor-size-default\">\u00c9CHANGEURS DE CHALEUR<\/h5>\t\t\t\t<\/div>\n\t\t\t\t<\/div>\n\t\t\t\t<div class=\"elementor-element elementor-element-6a85e2b elementor-widget elementor-widget-heading\" data-id=\"6a85e2b\" data-element_type=\"widget\" data-e-type=\"widget\" data-widget_type=\"heading.default\">\n\t\t\t\t<div class=\"elementor-widget-container\">\n\t\t\t\t\t<h5 class=\"elementor-heading-title elementor-size-default\">PLAQUES AMOVIBLES<\/h5>\t\t\t\t<\/div>\n\t\t\t\t<\/div>\n\t\t<div class=\"elementor-element elementor-element-4b53dfc e-con-full e-flex e-con e-child\" data-id=\"4b53dfc\" data-element_type=\"container\" data-e-type=\"container\">\n\t\t\t\t<div class=\"elementor-element elementor-element-ebba4d9 elementor-widget elementor-widget-text-editor\" data-id=\"ebba4d9\" data-element_type=\"widget\" data-e-type=\"widget\" data-widget_type=\"text-editor.default\">\n\t\t\t\t<div class=\"elementor-widget-container\">\n\t\t\t\t\t\t\t\t\t<p>\u00c9changeurs de chaleur \u00e0 plaques amovibles\u00a0<strong>Zilmet<\/strong>\u00a0ils sont r\u00e9alis\u00e9s avec des plaques d&#039;acier inoxydable AISI 316L ou de TITANE d&#039;une \u00e9paisseur de 0,5 mm. L&#039;utilisation de ces mat\u00e9riaux et \u00e9paisseurs permet d&#039;obtenir un coefficient d&#039;\u00e9change global id\u00e9al et garantit une excellente r\u00e9sistance \u00e0 la corrosion, m\u00eame en pr\u00e9sence de fluides agressifs.<\/p>\t\t\t\t\t\t\t\t<\/div>\n\t\t\t\t<\/div>\n\t\t\t\t<\/div>\n\t\t\t\t\t<\/div>\n\t\t\t\t<\/div>\n\t\t<div class=\"elementor-element elementor-element-58885b9 e-flex e-con-boxed e-con e-parent\" data-id=\"58885b9\" data-element_type=\"container\" data-e-type=\"container\" data-settings=\"{&quot;background_background&quot;:&quot;classic&quot;}\">\n\t\t\t\t\t<div class=\"e-con-inner\">\n\t\t<div class=\"elementor-element elementor-element-79e4624 e-con-full e-flex e-con e-child\" data-id=\"79e4624\" data-element_type=\"container\" data-e-type=\"container\">\n\t\t\t\t<div class=\"elementor-element elementor-element-f641e7a elementor-widget elementor-widget-heading\" data-id=\"f641e7a\" data-element_type=\"widget\" data-e-type=\"widget\" data-widget_type=\"heading.default\">\n\t\t\t\t<div class=\"elementor-widget-container\">\n\t\t\t\t\t<h3 class=\"elementor-heading-title elementor-size-default\">Pourquoi choisir les \u00e9changeurs \u00e0 plaques amovibles Zilmet<sup>\u00ae<\/sup><\/h3>\t\t\t\t<\/div>\n\t\t\t\t<\/div>\n\t\t\t\t<\/div>\n\t\t<div class=\"elementor-element elementor-element-c2fa7ae e-con-full e-flex e-con e-child\" data-id=\"c2fa7ae\" data-element_type=\"container\" data-e-type=\"container\">\n\t\t\t\t<div class=\"elementor-element elementor-element-2c67c7f elementor-icon-list--layout-inline elementor-align-start elementor-list-item-link-full_width elementor-invisible elementor-widget elementor-widget-icon-list\" data-id=\"2c67c7f\" data-element_type=\"widget\" data-e-type=\"widget\" data-settings=\"{&quot;_animation&quot;:&quot;fadeIn&quot;}\" data-widget_type=\"icon-list.default\">\n\t\t\t\t<div class=\"elementor-widget-container\">\n\t\t\t\t\t\t\t<ul class=\"elementor-icon-list-items elementor-inline-items\">\n\t\t\t\t\t\t\t<li class=\"elementor-icon-list-item elementor-inline-item\">\n\t\t\t\t\t\t\t\t\t\t<span class=\"elementor-icon-list-text\">Production d&#039;eau chaude sanitaire<\/span>\n\t\t\t\t\t\t\t\t\t<\/li>\n\t\t\t\t\t\t\t\t<li class=\"elementor-icon-list-item elementor-inline-item\">\n\t\t\t\t\t\t\t\t\t\t<span class=\"elementor-icon-list-text\">D\u00e9couplage des circuits thermiques<\/span>\n\t\t\t\t\t\t\t\t\t<\/li>\n\t\t\t\t\t\t\t\t<li class=\"elementor-icon-list-item elementor-inline-item\">\n\t\t\t\t\t\t\t\t\t\t<span class=\"elementor-icon-list-text\">Chauffage urbain<\/span>\n\t\t\t\t\t\t\t\t\t<\/li>\n\t\t\t\t\t\t\t\t<li class=\"elementor-icon-list-item elementor-inline-item\">\n\t\t\t\t\t\t\t\t\t\t<span class=\"elementor-icon-list-text\">R\u00e9cup\u00e9ration de chaleur provenant de processus industriels<\/span>\n\t\t\t\t\t\t\t\t\t<\/li>\n\t\t\t\t\t\t\t\t<li class=\"elementor-icon-list-item elementor-inline-item\">\n\t\t\t\t\t\t\t\t\t\t<span class=\"elementor-icon-list-text\">Refroidissement et\/ou chauffage de fluides alimentaires (lait, bi\u00e8re, vin,...)<\/span>\n\t\t\t\t\t\t\t\t\t<\/li>\n\t\t\t\t\t\t\t\t<li class=\"elementor-icon-list-item elementor-inline-item\">\n\t\t\t\t\t\t\t\t\t\t<span class=\"elementor-icon-list-text\">Refroidissement des machines-outils<\/span>\n\t\t\t\t\t\t\t\t\t<\/li>\n\t\t\t\t\t\t\t\t<li class=\"elementor-icon-list-item elementor-inline-item\">\n\t\t\t\t\t\t\t\t\t\t<span class=\"elementor-icon-list-text\">Chauffage de l&#039;eau pour piscines<\/span>\n\t\t\t\t\t\t\t\t\t<\/li>\n\t\t\t\t\t\t\t\t<li class=\"elementor-icon-list-item elementor-inline-item\">\n\t\t\t\t\t\t\t\t\t\t<span class=\"elementor-icon-list-text\">Syst\u00e8mes solaires<\/span>\n\t\t\t\t\t\t\t\t\t<\/li>\n\t\t\t\t\t\t<\/ul>\n\t\t\t\t\t\t<\/div>\n\t\t\t\t<\/div>\n\t\t<div class=\"elementor-element elementor-element-3446990 e-grid e-con-full animated-fast elementor-invisible e-con e-child\" data-id=\"3446990\" data-element_type=\"container\" data-e-type=\"container\" data-settings=\"{&quot;animation&quot;:&quot;fadeInUp&quot;,&quot;animation_delay&quot;:600}\">\n\t\t<div class=\"elementor-element elementor-element-b765201 e-flex e-con-boxed e-con e-child\" data-id=\"b765201\" data-element_type=\"container\" data-e-type=\"container\" data-settings=\"{&quot;background_background&quot;:&quot;classic&quot;}\">\n\t\t\t\t\t<div class=\"e-con-inner\">\n\t\t\t\t<div class=\"elementor-element elementor-element-e23b6a0 elementor-widget elementor-widget-heading\" data-id=\"e23b6a0\" data-element_type=\"widget\" data-e-type=\"widget\" data-widget_type=\"heading.default\">\n\t\t\t\t<div class=\"elementor-widget-container\">\n\t\t\t\t\t<h5 class=\"elementor-heading-title elementor-size-default\">Haute efficacit\u00e9 et fiabilit\u00e9<\/h5>\t\t\t\t<\/div>\n\t\t\t\t<\/div>\n\t\t\t\t\t<\/div>\n\t\t\t\t<\/div>\n\t\t<div class=\"elementor-element elementor-element-bdf34c1 e-flex e-con-boxed e-con e-child\" data-id=\"bdf34c1\" data-element_type=\"container\" data-e-type=\"container\" data-settings=\"{&quot;background_background&quot;:&quot;classic&quot;}\">\n\t\t\t\t\t<div class=\"e-con-inner\">\n\t\t\t\t<div class=\"elementor-element elementor-element-6bd2290 elementor-widget elementor-widget-heading\" data-id=\"6bd2290\" data-element_type=\"widget\" data-e-type=\"widget\" data-widget_type=\"heading.default\">\n\t\t\t\t<div class=\"elementor-widget-container\">\n\t\t\t\t\t<h5 class=\"elementor-heading-title elementor-size-default\">Longue dur\u00e9e de vie et faible co\u00fbt<\/h5>\t\t\t\t<\/div>\n\t\t\t\t<\/div>\n\t\t\t\t\t<\/div>\n\t\t\t\t<\/div>\n\t\t<div class=\"elementor-element elementor-element-7a73ced e-flex e-con-boxed e-con e-child\" data-id=\"7a73ced\" data-element_type=\"container\" data-e-type=\"container\" data-settings=\"{&quot;background_background&quot;:&quot;classic&quot;}\">\n\t\t\t\t\t<div class=\"e-con-inner\">\n\t\t\t\t<div class=\"elementor-element elementor-element-53a8aec elementor-widget elementor-widget-heading\" data-id=\"53a8aec\" data-element_type=\"widget\" data-e-type=\"widget\" data-widget_type=\"heading.default\">\n\t\t\t\t<div class=\"elementor-widget-container\">\n\t\t\t\t\t<h5 class=\"elementor-heading-title elementor-size-default\">Haute modularit\u00e9 et faible encombrement<\/h5>\t\t\t\t<\/div>\n\t\t\t\t<\/div>\n\t\t\t\t\t<\/div>\n\t\t\t\t<\/div>\n\t\t<div class=\"elementor-element elementor-element-18d44e3 e-flex e-con-boxed e-con e-child\" data-id=\"18d44e3\" data-element_type=\"container\" data-e-type=\"container\" data-settings=\"{&quot;background_background&quot;:&quot;classic&quot;}\">\n\t\t\t\t\t<div class=\"e-con-inner\">\n\t\t\t\t<div class=\"elementor-element elementor-element-9c44d3a elementor-widget elementor-widget-heading\" data-id=\"9c44d3a\" data-element_type=\"widget\" data-e-type=\"widget\" data-widget_type=\"heading.default\">\n\t\t\t\t<div class=\"elementor-widget-container\">\n\t\t\t\t\t<h5 class=\"elementor-heading-title elementor-size-default\">Simplicit\u00e9 d&#039;entretien<\/h5>\t\t\t\t<\/div>\n\t\t\t\t<\/div>\n\t\t\t\t\t<\/div>\n\t\t\t\t<\/div>\n\t\t\t\t<\/div>\n\t\t\t\t<\/div>\n\t\t\t\t\t<\/div>\n\t\t\t\t<\/div>\n\t\t<div class=\"elementor-element elementor-element-b872034 e-flex e-con-boxed e-con e-parent\" data-id=\"b872034\" data-element_type=\"container\" data-e-type=\"container\">\n\t\t\t\t\t<div class=\"e-con-inner\">\n\t\t<div class=\"elementor-element elementor-element-8af53d5 e-con-full e-flex e-con e-child\" data-id=\"8af53d5\" data-element_type=\"container\" data-e-type=\"container\">\n\t\t\t\t<div class=\"elementor-element elementor-element-a7e3e0c elementor-widget elementor-widget-text-editor\" data-id=\"a7e3e0c\" data-element_type=\"widget\" data-e-type=\"widget\" data-widget_type=\"text-editor.default\">\n\t\t\t\t<div class=\"elementor-widget-container\">\n\t\t\t\t\t\t\t\t\t<p>\u00c9changeurs \u00e0 plaques amovibles\u00a0<strong>Zilmet<\/strong>\u00a0ils sont fournis en standard avec des joints coll\u00e9s en EPDM, atteignant ainsi une temp\u00e9rature maximale de fonctionnement de 140\u00b0C. Pour des applications particuli\u00e8res telles que l&#039;utilisation d&#039;essence ou d&#039;huiles, des joints en nitrile coll\u00e9 (NBR) avec des temp\u00e9ratures maximales de fonctionnement de 110\u00b0C sont disponibles sur demande.<\/p><p>Les cadres sont en acier au carbone peint avec des poudres \u00e9poxy-polyester grises et ont une \u00e9paisseur adapt\u00e9e aux pressions nominales respectives. Pour les versions en titane, des cadres sont propos\u00e9s en acier au carbone peint en bleu et \u00e9quip\u00e9s de connexions sp\u00e9ciales en titane.<\/p><p>Tous les \u00e9changeurs de chaleur \u00e0 plaques<strong>\u00a0Zilmet\u00a0<\/strong>ils sont test\u00e9s \u00e0 une pression 1,5 fois sup\u00e9rieure \u00e0 la pression nominale avant exp\u00e9dition.<\/p><p>\u00a0<\/p>\t\t\t\t\t\t\t\t<\/div>\n\t\t\t\t<\/div>\n\t\t\t\t<\/div>\n\t\t\t\t\t<\/div>\n\t\t\t\t<\/div>\n\t\t<div class=\"elementor-element elementor-element-485303f e-flex e-con-boxed e-con e-parent\" data-id=\"485303f\" data-element_type=\"container\" data-e-type=\"container\">\n\t\t\t\t\t<div class=\"e-con-inner\">\n\t\t<div class=\"elementor-element elementor-element-0170de2 e-flex e-con-boxed e-con e-child\" data-id=\"0170de2\" data-element_type=\"container\" data-e-type=\"container\" data-settings=\"{&quot;background_background&quot;:&quot;classic&quot;}\">\n\t\t\t\t\t<div class=\"e-con-inner\">\n\t\t\t\t<div class=\"elementor-element elementor-element-bc9759d elementor-widget elementor-widget-image\" data-id=\"bc9759d\" data-element_type=\"widget\" data-e-type=\"widget\" data-widget_type=\"image.default\">\n\t\t\t\t<div class=\"elementor-widget-container\">\n\t\t\t\t\t\t\t\t\t\t\t\t\t\t\t\t<a href=\"https:\/\/zilmet.it\/fr\/produit\/z2\/\">\n\t\t\t\t\t\t\t<img fetchpriority=\"high\" decoding=\"async\" width=\"800\" height=\"800\" src=\"https:\/\/zilmet.it\/wp-content\/uploads\/2023\/10\/piastre_smontabili-1024x1024.jpg\" class=\"attachment-large size-large wp-image-3204\" alt=\"\" srcset=\"https:\/\/zilmet.it\/wp-content\/uploads\/2023\/10\/piastre_smontabili-1024x1024.jpg 1024w, https:\/\/zilmet.it\/wp-content\/uploads\/2023\/10\/piastre_smontabili-300x300.jpg 300w, https:\/\/zilmet.it\/wp-content\/uploads\/2023\/10\/piastre_smontabili-150x150.jpg 150w, https:\/\/zilmet.it\/wp-content\/uploads\/2023\/10\/piastre_smontabili-768x768.jpg 768w, https:\/\/zilmet.it\/wp-content\/uploads\/2023\/10\/piastre_smontabili-12x12.jpg 12w, https:\/\/zilmet.it\/wp-content\/uploads\/2023\/10\/piastre_smontabili-600x600.jpg 600w, https:\/\/zilmet.it\/wp-content\/uploads\/2023\/10\/piastre_smontabili-100x100.jpg 100w, https:\/\/zilmet.it\/wp-content\/uploads\/2023\/10\/piastre_smontabili.jpg 1080w\" sizes=\"(max-width: 800px) 100vw, 800px\" \/>\t\t\t\t\t\t\t\t<\/a>\n\t\t\t\t\t\t\t\t\t\t\t\t\t\t\t<\/div>\n\t\t\t\t<\/div>\n\t\t\t\t<div class=\"elementor-element elementor-element-c84e299 elementor-widget elementor-widget-heading\" data-id=\"c84e299\" data-element_type=\"widget\" data-e-type=\"widget\" data-widget_type=\"heading.default\">\n\t\t\t\t<div class=\"elementor-widget-container\">\n\t\t\t\t\t<h5 class=\"elementor-heading-title elementor-size-default\"><a href=\"https:\/\/zilmet.it\/fr\/produit\/echangeurs-de-chaleur\/plaques-amovibles\/z2\/\">Z2<\/a><\/h5>\t\t\t\t<\/div>\n\t\t\t\t<\/div>\n\t\t\t\t<div class=\"elementor-element elementor-element-fc96f5d elementor-align-justify elementor-widget elementor-widget-button\" data-id=\"fc96f5d\" data-element_type=\"widget\" data-e-type=\"widget\" data-widget_type=\"button.default\">\n\t\t\t\t<div class=\"elementor-widget-container\">\n\t\t\t\t\t\t\t\t\t<div class=\"elementor-button-wrapper\">\n\t\t\t\t\t<a class=\"elementor-button elementor-button-link elementor-size-sm\" href=\"https:\/\/zilmet.it\/fr\/produit\/z2\/\">\n\t\t\t\t\t\t<span class=\"elementor-button-content-wrapper\">\n\t\t\t\t\t\t\t\t\t<span class=\"elementor-button-text\">EN SAVOIR PLUS<\/span>\n\t\t\t\t\t<\/span>\n\t\t\t\t\t<\/a>\n\t\t\t\t<\/div>\n\t\t\t\t\t\t\t\t<\/div>\n\t\t\t\t<\/div>\n\t\t\t\t\t<\/div>\n\t\t\t\t<\/div>\n\t\t<div class=\"elementor-element elementor-element-e47c204 e-flex e-con-boxed e-con e-child\" data-id=\"e47c204\" data-element_type=\"container\" data-e-type=\"container\" data-settings=\"{&quot;background_background&quot;:&quot;classic&quot;}\">\n\t\t\t\t\t<div class=\"e-con-inner\">\n\t\t\t\t<div class=\"elementor-element elementor-element-7d82ee5 elementor-widget elementor-widget-image\" data-id=\"7d82ee5\" data-element_type=\"widget\" data-e-type=\"widget\" data-widget_type=\"image.default\">\n\t\t\t\t<div class=\"elementor-widget-container\">\n\t\t\t\t\t\t\t\t\t\t\t\t\t\t\t\t<a href=\"https:\/\/zilmet.it\/fr\/produit\/z3\/\">\n\t\t\t\t\t\t\t<img fetchpriority=\"high\" decoding=\"async\" width=\"800\" height=\"800\" src=\"https:\/\/zilmet.it\/wp-content\/uploads\/2023\/10\/piastre_smontabili-1024x1024.jpg\" class=\"attachment-large size-large wp-image-3204\" alt=\"\" srcset=\"https:\/\/zilmet.it\/wp-content\/uploads\/2023\/10\/piastre_smontabili-1024x1024.jpg 1024w, https:\/\/zilmet.it\/wp-content\/uploads\/2023\/10\/piastre_smontabili-300x300.jpg 300w, https:\/\/zilmet.it\/wp-content\/uploads\/2023\/10\/piastre_smontabili-150x150.jpg 150w, https:\/\/zilmet.it\/wp-content\/uploads\/2023\/10\/piastre_smontabili-768x768.jpg 768w, https:\/\/zilmet.it\/wp-content\/uploads\/2023\/10\/piastre_smontabili-12x12.jpg 12w, https:\/\/zilmet.it\/wp-content\/uploads\/2023\/10\/piastre_smontabili-600x600.jpg 600w, https:\/\/zilmet.it\/wp-content\/uploads\/2023\/10\/piastre_smontabili-100x100.jpg 100w, https:\/\/zilmet.it\/wp-content\/uploads\/2023\/10\/piastre_smontabili.jpg 1080w\" sizes=\"(max-width: 800px) 100vw, 800px\" \/>\t\t\t\t\t\t\t\t<\/a>\n\t\t\t\t\t\t\t\t\t\t\t\t\t\t\t<\/div>\n\t\t\t\t<\/div>\n\t\t\t\t<div class=\"elementor-element elementor-element-72c6665 elementor-widget elementor-widget-heading\" data-id=\"72c6665\" data-element_type=\"widget\" data-e-type=\"widget\" data-widget_type=\"heading.default\">\n\t\t\t\t<div class=\"elementor-widget-container\">\n\t\t\t\t\t<h5 class=\"elementor-heading-title elementor-size-default\"><a href=\"https:\/\/zilmet.it\/fr\/produit\/echangeurs-de-chaleur\/plaques-amovibles\/z3\/\">Z3<\/a><\/h5>\t\t\t\t<\/div>\n\t\t\t\t<\/div>\n\t\t\t\t<div class=\"elementor-element elementor-element-6d365a2 elementor-align-justify elementor-widget elementor-widget-button\" data-id=\"6d365a2\" data-element_type=\"widget\" data-e-type=\"widget\" data-widget_type=\"button.default\">\n\t\t\t\t<div class=\"elementor-widget-container\">\n\t\t\t\t\t\t\t\t\t<div class=\"elementor-button-wrapper\">\n\t\t\t\t\t<a class=\"elementor-button elementor-button-link elementor-size-sm\" href=\"https:\/\/zilmet.it\/fr\/produit\/z3\/\">\n\t\t\t\t\t\t<span class=\"elementor-button-content-wrapper\">\n\t\t\t\t\t\t\t\t\t<span class=\"elementor-button-text\">EN SAVOIR PLUS<\/span>\n\t\t\t\t\t<\/span>\n\t\t\t\t\t<\/a>\n\t\t\t\t<\/div>\n\t\t\t\t\t\t\t\t<\/div>\n\t\t\t\t<\/div>\n\t\t\t\t\t<\/div>\n\t\t\t\t<\/div>\n\t\t<div class=\"elementor-element elementor-element-7af0d23 e-flex e-con-boxed e-con e-child\" data-id=\"7af0d23\" data-element_type=\"container\" data-e-type=\"container\" data-settings=\"{&quot;background_background&quot;:&quot;classic&quot;}\">\n\t\t\t\t\t<div class=\"e-con-inner\">\n\t\t\t\t<div class=\"elementor-element elementor-element-f3b1c73 elementor-widget elementor-widget-image\" data-id=\"f3b1c73\" data-element_type=\"widget\" data-e-type=\"widget\" data-widget_type=\"image.default\">\n\t\t\t\t<div class=\"elementor-widget-container\">\n\t\t\t\t\t\t\t\t\t\t\t\t\t\t\t\t<a href=\"https:\/\/zilmet.it\/fr\/produit\/z3\/\">\n\t\t\t\t\t\t\t<img fetchpriority=\"high\" decoding=\"async\" width=\"800\" height=\"800\" src=\"https:\/\/zilmet.it\/wp-content\/uploads\/2023\/10\/piastre_smontabili-1024x1024.jpg\" class=\"attachment-large size-large wp-image-3204\" alt=\"\" srcset=\"https:\/\/zilmet.it\/wp-content\/uploads\/2023\/10\/piastre_smontabili-1024x1024.jpg 1024w, https:\/\/zilmet.it\/wp-content\/uploads\/2023\/10\/piastre_smontabili-300x300.jpg 300w, https:\/\/zilmet.it\/wp-content\/uploads\/2023\/10\/piastre_smontabili-150x150.jpg 150w, https:\/\/zilmet.it\/wp-content\/uploads\/2023\/10\/piastre_smontabili-768x768.jpg 768w, https:\/\/zilmet.it\/wp-content\/uploads\/2023\/10\/piastre_smontabili-12x12.jpg 12w, https:\/\/zilmet.it\/wp-content\/uploads\/2023\/10\/piastre_smontabili-600x600.jpg 600w, https:\/\/zilmet.it\/wp-content\/uploads\/2023\/10\/piastre_smontabili-100x100.jpg 100w, https:\/\/zilmet.it\/wp-content\/uploads\/2023\/10\/piastre_smontabili.jpg 1080w\" sizes=\"(max-width: 800px) 100vw, 800px\" \/>\t\t\t\t\t\t\t\t<\/a>\n\t\t\t\t\t\t\t\t\t\t\t\t\t\t\t<\/div>\n\t\t\t\t<\/div>\n\t\t\t\t<div class=\"elementor-element elementor-element-7a8a0bb elementor-widget elementor-widget-heading\" data-id=\"7a8a0bb\" data-element_type=\"widget\" data-e-type=\"widget\" data-widget_type=\"heading.default\">\n\t\t\t\t<div class=\"elementor-widget-container\">\n\t\t\t\t\t<h5 class=\"elementor-heading-title elementor-size-default\"><a href=\"https:\/\/zilmet.it\/fr\/produit\/echangeurs-de-chaleur\/plaques-amovibles\/z4\/\">Z4<\/a><\/h5>\t\t\t\t<\/div>\n\t\t\t\t<\/div>\n\t\t\t\t<div class=\"elementor-element elementor-element-b2f7db8 elementor-align-justify elementor-widget elementor-widget-button\" data-id=\"b2f7db8\" data-element_type=\"widget\" data-e-type=\"widget\" data-widget_type=\"button.default\">\n\t\t\t\t<div class=\"elementor-widget-container\">\n\t\t\t\t\t\t\t\t\t<div class=\"elementor-button-wrapper\">\n\t\t\t\t\t<a class=\"elementor-button elementor-button-link elementor-size-sm\" href=\"https:\/\/zilmet.it\/fr\/produit\/z4\/\">\n\t\t\t\t\t\t<span class=\"elementor-button-content-wrapper\">\n\t\t\t\t\t\t\t\t\t<span class=\"elementor-button-text\">EN SAVOIR PLUS<\/span>\n\t\t\t\t\t<\/span>\n\t\t\t\t\t<\/a>\n\t\t\t\t<\/div>\n\t\t\t\t\t\t\t\t<\/div>\n\t\t\t\t<\/div>\n\t\t\t\t\t<\/div>\n\t\t\t\t<\/div>\n\t\t\t\t\t<\/div>\n\t\t\t\t<\/div>\n\t\t\t\t<\/div>","protected":false},"excerpt":{"rendered":"<p>SCAMBIATORI DI CALORE PIASTRE SMONTABILI Gli scambiatori di calore a piastre smontabili\u00a0Zilmet\u00a0sono realizzati con piastre in acciaio INOX AISI 316L oppure in TITANIO con spessore di 0,5 mm. L\u2019utilizzo di questi materiali e spessore consente di ottenere un ideale coefficiente di scambio globale e garantisce un\u2019ottima resistenza alla corrosione, anche in presenza di fluidi aggressivi. [&hellip;]<\/p>\n","protected":false},"author":5,"featured_media":0,"parent":0,"menu_order":0,"comment_status":"closed","ping_status":"closed","template":"elementor_header_footer","meta":{"_acf_changed":false,"footnotes":""},"class_list":["post-853","page","type-page","status-publish","hentry"],"acf":[],"_links":{"self":[{"href":"https:\/\/zilmet.it\/fr\/wp-json\/wp\/v2\/pages\/853","targetHints":{"allow":["GET"]}}],"collection":[{"href":"https:\/\/zilmet.it\/fr\/wp-json\/wp\/v2\/pages"}],"about":[{"href":"https:\/\/zilmet.it\/fr\/wp-json\/wp\/v2\/types\/page"}],"author":[{"embeddable":true,"href":"https:\/\/zilmet.it\/fr\/wp-json\/wp\/v2\/users\/5"}],"replies":[{"embeddable":true,"href":"https:\/\/zilmet.it\/fr\/wp-json\/wp\/v2\/comments?post=853"}],"version-history":[{"count":0,"href":"https:\/\/zilmet.it\/fr\/wp-json\/wp\/v2\/pages\/853\/revisions"}],"wp:attachment":[{"href":"https:\/\/zilmet.it\/fr\/wp-json\/wp\/v2\/media?parent=853"}],"curies":[{"name":"wp","href":"https:\/\/api.w.org\/{rel}","templated":true}]}}