{"id":762,"date":"2023-03-07T16:34:07","date_gmt":"2023-03-07T15:34:07","guid":{"rendered":"https:\/\/www.zilmet.it\/?page_id=762"},"modified":"2024-01-20T19:53:32","modified_gmt":"2024-01-20T18:53:32","slug":"application-solaire","status":"publish","type":"page","link":"https:\/\/zilmet.it\/fr\/application-solaire\/","title":{"rendered":"Application solaire"},"content":{"rendered":"<div data-elementor-type=\"wp-page\" data-elementor-id=\"762\" class=\"elementor elementor-762\" data-elementor-post-type=\"page\">\n\t\t\t\t<div class=\"elementor-element elementor-element-427c751 e-flex e-con-boxed e-con e-parent\" data-id=\"427c751\" data-element_type=\"container\" data-e-type=\"container\" data-settings=\"{&quot;background_background&quot;:&quot;classic&quot;}\">\n\t\t\t\t\t<div class=\"e-con-inner\">\n\t\t\t\t<div class=\"elementor-element elementor-element-346921e elementor-widget elementor-widget-heading\" data-id=\"346921e\" data-element_type=\"widget\" data-e-type=\"widget\" data-widget_type=\"heading.default\">\n\t\t\t\t<div class=\"elementor-widget-container\">\n\t\t\t\t\t<h5 class=\"elementor-heading-title elementor-size-default\">VASES D&#039;EXPANSION<\/h5>\t\t\t\t<\/div>\n\t\t\t\t<\/div>\n\t\t\t\t<div class=\"elementor-element elementor-element-68fbc63 elementor-widget elementor-widget-heading\" data-id=\"68fbc63\" data-element_type=\"widget\" data-e-type=\"widget\" data-widget_type=\"heading.default\">\n\t\t\t\t<div class=\"elementor-widget-container\">\n\t\t\t\t\t<h5 class=\"elementor-heading-title elementor-size-default\">Application solaire<\/h5>\t\t\t\t<\/div>\n\t\t\t\t<\/div>\n\t\t<div class=\"elementor-element elementor-element-12e7649 e-con-full e-flex e-con e-child\" data-id=\"12e7649\" data-element_type=\"container\" data-e-type=\"container\">\n\t\t\t\t<div class=\"elementor-element elementor-element-f0e21d1 elementor-widget elementor-widget-text-editor\" data-id=\"f0e21d1\" data-element_type=\"widget\" data-e-type=\"widget\" data-widget_type=\"text-editor.default\">\n\t\t\t\t<div class=\"elementor-widget-container\">\n\t\t\t\t\t\t\t\t\t<p>Outre une s\u00e9rie compl\u00e8te de vases d&#039;expansion,\u00a0<strong>Zilmet<\/strong> a d\u00e9velopp\u00e9 une s\u00e9rie de produits innovants et sp\u00e9ciaux tels que des vases d&#039;expansion pour les installations solaires. La gamme de vases Solar a \u00e9t\u00e9 d\u00e9velopp\u00e9e conform\u00e9ment \u00e0 la norme DIN 4757 et est adapt\u00e9e pour r\u00e9pondre aux besoins des plus importants fabricants de syst\u00e8mes solaires.<\/p>\t\t\t\t\t\t\t\t<\/div>\n\t\t\t\t<\/div>\n\t\t\t\t<\/div>\n\t\t\t\t\t<\/div>\n\t\t\t\t<\/div>\n\t\t<div class=\"elementor-element elementor-element-808114f e-flex e-con-boxed e-con e-parent\" data-id=\"808114f\" data-element_type=\"container\" data-e-type=\"container\">\n\t\t\t\t\t<div class=\"e-con-inner\">\n\t\t<div class=\"elementor-element elementor-element-4133917 e-con-full e-flex e-con e-child\" data-id=\"4133917\" data-element_type=\"container\" data-e-type=\"container\" data-settings=\"{&quot;background_background&quot;:&quot;classic&quot;}\">\n\t\t<div class=\"elementor-element elementor-element-87aba92 e-con-full e-flex e-con e-child\" data-id=\"87aba92\" data-element_type=\"container\" data-e-type=\"container\">\n\t\t\t\t<div class=\"elementor-element elementor-element-d5c760b elementor-widget elementor-widget-heading\" data-id=\"d5c760b\" data-element_type=\"widget\" data-e-type=\"widget\" data-widget_type=\"heading.default\">\n\t\t\t\t<div class=\"elementor-widget-container\">\n\t\t\t\t\t<h2 class=\"elementor-heading-title elementor-size-default\"><a href=\"\/fr\/produit\/vases-dexpansion\/application-solaire\/solaire-plus-2\/\">SOLAIRE-PLUS<\/a><\/h2>\t\t\t\t<\/div>\n\t\t\t\t<\/div>\n\t\t\t\t<div class=\"elementor-element elementor-element-013d748 elementor-widget elementor-widget-text-editor\" data-id=\"013d748\" data-element_type=\"widget\" data-e-type=\"widget\" data-widget_type=\"text-editor.default\">\n\t\t\t\t<div class=\"elementor-widget-container\">\n\t\t\t\t\t\t\t\t\t<p>Pouvoir r\u00e9sister aux temp\u00e9ratures les plus \u00e9lev\u00e9es\u00a0<strong>Zilmet<\/strong> d\u00e9velopp\u00e9 la membrane <strong>ZILAN<\/strong>, sp\u00e9cialement con\u00e7u pour les applications solaires. La membrane\u00a0<strong>ZILAN<\/strong> Il est fabriqu\u00e9 en caoutchouc synth\u00e9tique r\u00e9sistant jusqu&#039;\u00e0 100 \u00b0C, r\u00e9sultat de l&#039;exp\u00e9rience acquise dans le secteur des installations solaires thermiques.<\/p>\t\t\t\t\t\t\t\t<\/div>\n\t\t\t\t<\/div>\n\t\t\t\t<div class=\"elementor-element elementor-element-c3f8e11 elementor-align-left elementor-tablet-align-left elementor-mobile-align-center elementor-widget elementor-widget-button\" data-id=\"c3f8e11\" data-element_type=\"widget\" data-e-type=\"widget\" data-widget_type=\"button.default\">\n\t\t\t\t<div class=\"elementor-widget-container\">\n\t\t\t\t\t\t\t\t\t<div class=\"elementor-button-wrapper\">\n\t\t\t\t\t<a class=\"elementor-button elementor-button-link elementor-size-sm\" href=\"https:\/\/zilmet.it\/fr\/produit\/solaire-plus-2\/\">\n\t\t\t\t\t\t<span class=\"elementor-button-content-wrapper\">\n\t\t\t\t\t\t\t\t\t<span class=\"elementor-button-text\">D\u00c9COUVREZ LA GAMME<\/span>\n\t\t\t\t\t<\/span>\n\t\t\t\t\t<\/a>\n\t\t\t\t<\/div>\n\t\t\t\t\t\t\t\t<\/div>\n\t\t\t\t<\/div>\n\t\t\t\t<\/div>\n\t\t<div class=\"elementor-element elementor-element-93591f1 e-con-full e-flex e-con e-child\" data-id=\"93591f1\" data-element_type=\"container\" data-e-type=\"container\">\n\t\t\t\t<div class=\"elementor-element elementor-element-6258879 elementor-widget elementor-widget-image\" data-id=\"6258879\" data-element_type=\"widget\" data-e-type=\"widget\" data-widget_type=\"image.default\">\n\t\t\t\t<div class=\"elementor-widget-container\">\n\t\t\t\t\t\t\t\t\t\t\t\t\t\t\t\t<a href=\"\/fr\/produit\/vases-dexpansion\/application-solaire\/solaire-plus-2\/\">\n\t\t\t\t\t\t\t<img fetchpriority=\"high\" decoding=\"async\" width=\"800\" height=\"800\" src=\"https:\/\/zilmet.it\/wp-content\/uploads\/2023\/07\/Assieme-SOLAR-PLUS-1024x1024.png\" class=\"attachment-large size-large wp-image-2419\" alt=\"\" srcset=\"https:\/\/zilmet.it\/wp-content\/uploads\/2023\/07\/Assieme-SOLAR-PLUS-1024x1024.png 1024w, https:\/\/zilmet.it\/wp-content\/uploads\/2023\/07\/Assieme-SOLAR-PLUS-300x300.png 300w, https:\/\/zilmet.it\/wp-content\/uploads\/2023\/07\/Assieme-SOLAR-PLUS-150x150.png 150w, https:\/\/zilmet.it\/wp-content\/uploads\/2023\/07\/Assieme-SOLAR-PLUS-768x768.png 768w, https:\/\/zilmet.it\/wp-content\/uploads\/2023\/07\/Assieme-SOLAR-PLUS-12x12.png 12w, https:\/\/zilmet.it\/wp-content\/uploads\/2023\/07\/Assieme-SOLAR-PLUS-600x600.png 600w, https:\/\/zilmet.it\/wp-content\/uploads\/2023\/07\/Assieme-SOLAR-PLUS-100x100.png 100w, https:\/\/zilmet.it\/wp-content\/uploads\/2023\/07\/Assieme-SOLAR-PLUS.png 1080w\" sizes=\"(max-width: 800px) 100vw, 800px\" \/>\t\t\t\t\t\t\t\t<\/a>\n\t\t\t\t\t\t\t\t\t\t\t\t\t\t\t<\/div>\n\t\t\t\t<\/div>\n\t\t\t\t<\/div>\n\t\t\t\t<\/div>\n\t\t\t\t\t<\/div>\n\t\t\t\t<\/div>\n\t\t<div class=\"elementor-element elementor-element-7819b61 e-flex e-con-boxed e-con e-parent\" data-id=\"7819b61\" data-element_type=\"container\" data-e-type=\"container\">\n\t\t\t\t\t<div class=\"e-con-inner\">\n\t\t<div class=\"elementor-element elementor-element-a510aab e-con-full e-flex e-con e-child\" data-id=\"a510aab\" data-element_type=\"container\" data-e-type=\"container\" data-settings=\"{&quot;background_background&quot;:&quot;classic&quot;}\">\n\t\t<div class=\"elementor-element elementor-element-6616515 e-con-full e-flex e-con e-child\" data-id=\"6616515\" data-element_type=\"container\" data-e-type=\"container\">\n\t\t\t\t<div class=\"elementor-element elementor-element-55c5da9 elementor-widget elementor-widget-image\" data-id=\"55c5da9\" data-element_type=\"widget\" data-e-type=\"widget\" data-widget_type=\"image.default\">\n\t\t\t\t<div class=\"elementor-widget-container\">\n\t\t\t\t\t\t\t\t\t\t\t\t\t\t\t\t<a href=\"\/fr\/produit\/vases-dexpansion\/application-solaire\/navires-supplementaires-vsg\/\">\n\t\t\t\t\t\t\t<img decoding=\"async\" width=\"800\" height=\"800\" src=\"https:\/\/zilmet.it\/wp-content\/uploads\/2023\/07\/Assieme-VSG_n-1024x1024.png\" class=\"attachment-large size-large wp-image-2516\" alt=\"\" srcset=\"https:\/\/zilmet.it\/wp-content\/uploads\/2023\/07\/Assieme-VSG_n-1024x1024.png 1024w, https:\/\/zilmet.it\/wp-content\/uploads\/2023\/07\/Assieme-VSG_n-300x300.png 300w, https:\/\/zilmet.it\/wp-content\/uploads\/2023\/07\/Assieme-VSG_n-150x150.png 150w, https:\/\/zilmet.it\/wp-content\/uploads\/2023\/07\/Assieme-VSG_n-768x768.png 768w, https:\/\/zilmet.it\/wp-content\/uploads\/2023\/07\/Assieme-VSG_n-12x12.png 12w, https:\/\/zilmet.it\/wp-content\/uploads\/2023\/07\/Assieme-VSG_n-600x600.png 600w, https:\/\/zilmet.it\/wp-content\/uploads\/2023\/07\/Assieme-VSG_n-100x100.png 100w, https:\/\/zilmet.it\/wp-content\/uploads\/2023\/07\/Assieme-VSG_n.png 1080w\" sizes=\"(max-width: 800px) 100vw, 800px\" \/>\t\t\t\t\t\t\t\t<\/a>\n\t\t\t\t\t\t\t\t\t\t\t\t\t\t\t<\/div>\n\t\t\t\t<\/div>\n\t\t\t\t<\/div>\n\t\t<div class=\"elementor-element elementor-element-9642df4 e-con-full e-flex e-con e-child\" data-id=\"9642df4\" data-element_type=\"container\" data-e-type=\"container\">\n\t\t\t\t<div class=\"elementor-element elementor-element-a4560ec elementor-widget elementor-widget-heading\" data-id=\"a4560ec\" data-element_type=\"widget\" data-e-type=\"widget\" data-widget_type=\"heading.default\">\n\t\t\t\t<div class=\"elementor-widget-container\">\n\t\t\t\t\t<h2 class=\"elementor-heading-title elementor-size-default\"><a href=\"https:\/\/zilmet.it\/fr\/produit\/vases-dexpansion\/application-solaire\/navires-supplementaires-vsg\/\">POTS SUPPL\u00c9MENTAIRES<br \/>VSG<\/a><\/h2>\t\t\t\t<\/div>\n\t\t\t\t<\/div>\n\t\t\t\t<div class=\"elementor-element elementor-element-b401470 elementor-widget elementor-widget-text-editor\" data-id=\"b401470\" data-element_type=\"widget\" data-e-type=\"widget\" data-widget_type=\"text-editor.default\">\n\t\t\t\t<div class=\"elementor-widget-container\">\n\t\t\t\t\t\t\t\t\t<p>Ces vases avec raccordement entr\u00e9e et sortie sont plac\u00e9s dans l&#039;installation avant le vase d&#039;expansion solaire. Le vase assure la dispersion de la chaleur en r\u00e9duisant la temp\u00e9rature de fonctionnement et permet donc d&#039;augmenter consid\u00e9rablement la dur\u00e9e de vie du vase d&#039;expansion.<\/p>\t\t\t\t\t\t\t\t<\/div>\n\t\t\t\t<\/div>\n\t\t\t\t<div class=\"elementor-element elementor-element-88587d3 elementor-align-left elementor-tablet-align-left elementor-mobile-align-center elementor-widget elementor-widget-button\" data-id=\"88587d3\" data-element_type=\"widget\" data-e-type=\"widget\" data-widget_type=\"button.default\">\n\t\t\t\t<div class=\"elementor-widget-container\">\n\t\t\t\t\t\t\t\t\t<div class=\"elementor-button-wrapper\">\n\t\t\t\t\t<a class=\"elementor-button elementor-button-link elementor-size-sm\" href=\"https:\/\/zilmet.it\/fr\/produit\/navires-supplementaires-vsg\/\">\n\t\t\t\t\t\t<span class=\"elementor-button-content-wrapper\">\n\t\t\t\t\t\t\t\t\t<span class=\"elementor-button-text\">D\u00c9COUVREZ LA GAMME<\/span>\n\t\t\t\t\t<\/span>\n\t\t\t\t\t<\/a>\n\t\t\t\t<\/div>\n\t\t\t\t\t\t\t\t<\/div>\n\t\t\t\t<\/div>\n\t\t\t\t<\/div>\n\t\t\t\t<\/div>\n\t\t\t\t\t<\/div>\n\t\t\t\t<\/div>\n\t\t<div class=\"elementor-element elementor-element-a56ca0e e-flex e-con-boxed e-con e-parent\" data-id=\"a56ca0e\" data-element_type=\"container\" data-e-type=\"container\">\n\t\t\t\t\t<div class=\"e-con-inner\">\n\t\t<div class=\"elementor-element elementor-element-0eb821e e-con-full e-flex e-con e-child\" data-id=\"0eb821e\" data-element_type=\"container\" data-e-type=\"container\" data-settings=\"{&quot;background_background&quot;:&quot;classic&quot;}\">\n\t\t\t\t<div class=\"elementor-element elementor-element-9541a58 elementor-widget__width-initial elementor-widget elementor-widget-image\" data-id=\"9541a58\" data-element_type=\"widget\" data-e-type=\"widget\" data-widget_type=\"image.default\">\n\t\t\t\t<div class=\"elementor-widget-container\">\n\t\t\t\t\t\t\t\t\t\t\t\t\t\t\t\t<a href=\"\/fr\/produit\/vases-dexpansion\/application-solaire\/solaire-plus-sur\/\">\n\t\t\t\t\t\t\t<img decoding=\"async\" width=\"800\" height=\"800\" src=\"https:\/\/zilmet.it\/wp-content\/uploads\/2023\/07\/GAMMA_n-1024x1024.png\" class=\"attachment-large size-large wp-image-2559\" alt=\"\" srcset=\"https:\/\/zilmet.it\/wp-content\/uploads\/2023\/07\/GAMMA_n-1024x1024.png 1024w, https:\/\/zilmet.it\/wp-content\/uploads\/2023\/07\/GAMMA_n-300x300.png 300w, https:\/\/zilmet.it\/wp-content\/uploads\/2023\/07\/GAMMA_n-150x150.png 150w, https:\/\/zilmet.it\/wp-content\/uploads\/2023\/07\/GAMMA_n-768x768.png 768w, https:\/\/zilmet.it\/wp-content\/uploads\/2023\/07\/GAMMA_n-12x12.png 12w, https:\/\/zilmet.it\/wp-content\/uploads\/2023\/07\/GAMMA_n-600x600.png 600w, https:\/\/zilmet.it\/wp-content\/uploads\/2023\/07\/GAMMA_n-100x100.png 100w, https:\/\/zilmet.it\/wp-content\/uploads\/2023\/07\/GAMMA_n.png 1080w\" sizes=\"(max-width: 800px) 100vw, 800px\" \/>\t\t\t\t\t\t\t\t<\/a>\n\t\t\t\t\t\t\t\t\t\t\t\t\t\t\t<\/div>\n\t\t\t\t<\/div>\n\t\t<div class=\"elementor-element elementor-element-8b9019e e-con-full e-flex e-con e-child\" data-id=\"8b9019e\" data-element_type=\"container\" data-e-type=\"container\">\n\t\t\t\t<div class=\"elementor-element elementor-element-6e7383e elementor-widget elementor-widget-heading\" data-id=\"6e7383e\" data-element_type=\"widget\" data-e-type=\"widget\" data-widget_type=\"heading.default\">\n\t\t\t\t<div class=\"elementor-widget-container\">\n\t\t\t\t\t<h2 class=\"elementor-heading-title elementor-size-default\"><a href=\"https:\/\/zilmet.it\/fr\/produit\/vases-dexpansion\/application-solaire\/solaire-plus-sur\/\">SOLAIRE-PLUS S\u00c9CURIS\u00c9<\/a><\/h2>\t\t\t\t<\/div>\n\t\t\t\t<\/div>\n\t\t\t\t<div class=\"elementor-element elementor-element-3518c59 elementor-widget elementor-widget-text-editor\" data-id=\"3518c59\" data-element_type=\"widget\" data-e-type=\"widget\" data-widget_type=\"text-editor.default\">\n\t\t\t\t<div class=\"elementor-widget-container\">\n\t\t\t\t\t\t\t\t\t<p>Le Solar-Plus Safe combine un r\u00e9cipient Solar-Plus avec un r\u00e9cipient suppl\u00e9mentaire, le tout dans un seul r\u00e9cipient vertical, ce qui permet de r\u00e9duire l&#039;espace d&#039;application d&#039;un 40% et les temps d&#039;installation d&#039;un 50%.<\/p><p>\u00a0<\/p>\t\t\t\t\t\t\t\t<\/div>\n\t\t\t\t<\/div>\n\t\t\t\t<div class=\"elementor-element elementor-element-021d827 elementor-align-left elementor-tablet-align-center elementor-mobile-align-center elementor-widget elementor-widget-button\" data-id=\"021d827\" data-element_type=\"widget\" data-e-type=\"widget\" data-widget_type=\"button.default\">\n\t\t\t\t<div class=\"elementor-widget-container\">\n\t\t\t\t\t\t\t\t\t<div class=\"elementor-button-wrapper\">\n\t\t\t\t\t<a class=\"elementor-button elementor-button-link elementor-size-sm\" href=\"https:\/\/zilmet.it\/fr\/produit\/solaire-plus-sur\/\">\n\t\t\t\t\t\t<span class=\"elementor-button-content-wrapper\">\n\t\t\t\t\t\t\t\t\t<span class=\"elementor-button-text\">D\u00c9COUVREZ LA GAMME<\/span>\n\t\t\t\t\t<\/span>\n\t\t\t\t\t<\/a>\n\t\t\t\t<\/div>\n\t\t\t\t\t\t\t\t<\/div>\n\t\t\t\t<\/div>\n\t\t\t\t<\/div>\n\t\t\t\t<\/div>\n\t\t\t\t\t<\/div>\n\t\t\t\t<\/div>\n\t\t\t\t<\/div>","protected":false},"excerpt":{"rendered":"<p>VASI DI ESPANSIONE Applicazione Solare Accanto a serie complete di vasi di espansione,\u00a0Zilmet ha sviluppato una serie di prodotti innovativi e speciali come i vasi di espansione per sistemi solari. La gamma di vasi Solar, \u00e8 stata sviluppata in accordo con la normativa DIN 4757 ed \u00e8 adatta a soddisfare le esigenze dei pi\u00f9 importanti [&hellip;]<\/p>\n","protected":false},"author":5,"featured_media":0,"parent":0,"menu_order":0,"comment_status":"closed","ping_status":"closed","template":"elementor_header_footer","meta":{"_acf_changed":false,"footnotes":""},"class_list":["post-762","page","type-page","status-publish","hentry"],"acf":[],"_links":{"self":[{"href":"https:\/\/zilmet.it\/fr\/wp-json\/wp\/v2\/pages\/762","targetHints":{"allow":["GET"]}}],"collection":[{"href":"https:\/\/zilmet.it\/fr\/wp-json\/wp\/v2\/pages"}],"about":[{"href":"https:\/\/zilmet.it\/fr\/wp-json\/wp\/v2\/types\/page"}],"author":[{"embeddable":true,"href":"https:\/\/zilmet.it\/fr\/wp-json\/wp\/v2\/users\/5"}],"replies":[{"embeddable":true,"href":"https:\/\/zilmet.it\/fr\/wp-json\/wp\/v2\/comments?post=762"}],"version-history":[{"count":0,"href":"https:\/\/zilmet.it\/fr\/wp-json\/wp\/v2\/pages\/762\/revisions"}],"wp:attachment":[{"href":"https:\/\/zilmet.it\/fr\/wp-json\/wp\/v2\/media?parent=762"}],"curies":[{"name":"wp","href":"https:\/\/api.w.org\/{rel}","templated":true}]}}