{"id":6228,"date":"2024-02-01T18:53:05","date_gmt":"2024-02-01T17:53:05","guid":{"rendered":"https:\/\/www.zilmet.it\/imprint\/"},"modified":"2024-02-01T18:53:05","modified_gmt":"2024-02-01T17:53:05","slug":"imprimer","status":"publish","type":"page","link":"https:\/\/zilmet.it\/fr\/imprimer\/","title":{"rendered":"Imprimer"},"content":{"rendered":"<!-- Legal document generated by Complianz | GDPR\/CCPA Cookie Consent https:\/\/wordpress.org\/plugins\/complianz-gdpr -->\n<div id=\"cmplz-document\" class=\"cmplz-document impressum cmplz-document-all\"><p><i>Cette mention l\u00e9gale a \u00e9t\u00e9 mise \u00e0 jour pour la derni\u00e8re fois le 14 novembre 2025.<\/i><\/p><p class=\"cmplz-subtitle\">Le propri\u00e9taire de ce site Internet est :<\/p><p>ZILMET SpA SOCI\u00c9T\u00c9 UNIPERSONALE SPA<br>Limena (PD), Via del Santo n. 242, chap. 35010 (num\u00e9ro CF\/TVA 03429520285)<br>Italie<br>E-mail:&nbsp;<span class=\"cmplz-obfuscate\">confidentialit\u00e9@<span class=\"cmplz-fmail-domain\">ex.com<\/span>zilmet.it<\/span><br>Num\u00e9ro de t\u00e9l\u00e9phone : +39 049 7664901<br>N\u00b0 TVA : 03429520285<\/p><p class=\"cmplz-subtitle\">Le(s) repr\u00e9sentant(s) l\u00e9gal(aux) de ZILMET SpA SOCIET\u00c0 UNIPERSONALE SPA\u00a0:<\/p><p>Paolo Benettolo<\/p><h2>1. G\u00e9n\u00e9ral<\/h2><p class=\"cmplz-subtitle\">1.1 Nous sommes enregistr\u00e9s aupr\u00e8s de REA di Padova sous le num\u00e9ro de licence ou d&#039;enregistrement\u00a0:<\/p><p>321405<\/p><p>Nous ne sommes ni dispos\u00e9s ni oblig\u00e9s de participer \u00e0 des proc\u00e9dures de r\u00e8glement des litiges devant un conseil d&#039;arbitrage des consommateurs.<\/p><p class=\"cmplz-subtitle\">2.1 Die Eigentumsanteile der Gesellschaft (Aktienkapital), die von ihr ausgegeben wurden\u00a0:<\/p><p>\u20ac 35.000.000,00<\/p><\/div>","protected":false},"excerpt":{"rendered":"","protected":false},"author":5,"featured_media":0,"parent":0,"menu_order":0,"comment_status":"closed","ping_status":"closed","template":"","meta":{"_acf_changed":false,"footnotes":""},"class_list":["post-6228","page","type-page","status-publish","hentry"],"acf":[],"_links":{"self":[{"href":"https:\/\/zilmet.it\/fr\/wp-json\/wp\/v2\/pages\/6228","targetHints":{"allow":["GET"]}}],"collection":[{"href":"https:\/\/zilmet.it\/fr\/wp-json\/wp\/v2\/pages"}],"about":[{"href":"https:\/\/zilmet.it\/fr\/wp-json\/wp\/v2\/types\/page"}],"author":[{"embeddable":true,"href":"https:\/\/zilmet.it\/fr\/wp-json\/wp\/v2\/users\/5"}],"replies":[{"embeddable":true,"href":"https:\/\/zilmet.it\/fr\/wp-json\/wp\/v2\/comments?post=6228"}],"version-history":[{"count":0,"href":"https:\/\/zilmet.it\/fr\/wp-json\/wp\/v2\/pages\/6228\/revisions"}],"wp:attachment":[{"href":"https:\/\/zilmet.it\/fr\/wp-json\/wp\/v2\/media?parent=6228"}],"curies":[{"name":"wp","href":"https:\/\/api.w.org\/{rel}","templated":true}]}}