{"id":6227,"date":"2024-02-01T18:53:05","date_gmt":"2024-02-01T17:53:05","guid":{"rendered":"https:\/\/www.zilmet.it\/dichiarazione-sulla-privacy-ue\/"},"modified":"2024-02-27T13:18:15","modified_gmt":"2024-02-27T12:18:15","slug":"declaration-de-confidentialite-de-lue","status":"publish","type":"page","link":"https:\/\/zilmet.it\/fr\/declaration-de-confidentialite-de-lue\/","title":{"rendered":"D\u00e9claration de confidentialit\u00e9 (UE)"},"content":{"rendered":"<p><em>Cette d\u00e9claration de confidentialit\u00e9 a \u00e9t\u00e9 mise \u00e0 jour pour la derni\u00e8re fois le 27 f\u00e9vrier 2024 et s&#039;applique aux citoyens et aux r\u00e9sidents permanents l\u00e9gaux de l&#039;Espace \u00e9conomique europ\u00e9en et de la Suisse....<\/em><br><\/p>\n\n\n\n<p>Dans cette d\u00e9claration de confidentialit\u00e9, nous expliquons ce que nous faisons avec vos donn\u00e9es que nous obtenons via <a href=\"https:\/\/zilmet.it\/fr\/\">https:\/\/zilmet.it<\/a>. Nous vous recommandons de lire attentivement la d\u00e9claration. Nous respectons les exigences de la l\u00e9gislation sur la protection de la vie priv\u00e9e lors du traitement. Cela signifie entre autres que :<\/p>\n\n\n\n<ul class=\"wp-block-list\">\n<li>nous communiquons clairement la raison pour laquelle nous traitons les donn\u00e9es personnelles. Nous le faisons au moyen de cette d\u00e9claration de confidentialit\u00e9\u00a0;<\/li>\n\n\n\n<li>notre objectif est de limiter la collecte de donn\u00e9es personnelles uniquement aux donn\u00e9es personnelles requises \u00e0 des fins l\u00e9gitimes\u00a0;<\/li>\n\n\n\n<li>nous demandons d&#039;abord votre consentement explicite pour traiter vos donn\u00e9es personnelles dans les cas n\u00e9cessitant votre consentement\u00a0;<\/li>\n\n\n\n<li>nous prenons des mesures de s\u00e9curit\u00e9 appropri\u00e9es pour prot\u00e9ger vos donn\u00e9es personnelles et l&#039;exigeons \u00e9galement des parties qui traitent les donn\u00e9es personnelles en notre nom\u00a0;<\/li>\n\n\n\n<li>nous respectons votre droit d&#039;acc\u00e9der \u00e0 vos donn\u00e9es personnelles ou de les faire rectifier ou supprimer, \u00e0 votre demande.<\/li>\n<\/ul>\n\n\n\n<p>Si vous avez des questions ou souhaitez savoir exactement quelles donn\u00e9es nous stockons, veuillez nous contacter.<\/p>\n\n\n\n<h2 class=\"wp-block-heading\">1. Finalit\u00e9, donn\u00e9es et dur\u00e9e de conservation<\/h2>\n\n\n\n<p>Nous pouvons collecter ou recevoir des informations personnelles \u00e0 diverses fins li\u00e9es \u00e0 nos op\u00e9rations commerciales, notamment\u00a0: <\/p>\n\n\n\n<h3 class=\"wp-block-heading\">1.1 Contact \u2013 Par t\u00e9l\u00e9phone, courrier, email et\/ou formulaires, formulaires web<\/h3>\n\n\n\n<p>\u00c0 cette fin, nous utilisons les donn\u00e9es suivantes :<\/p>\n\n\n\n<ul class=\"wp-block-list\">\n<li>Un pr\u00e9nom et un nom<\/li>\n\n\n\n<li>Une adresse email<\/li>\n\n\n\n<li>Un num\u00e9ro de t\u00e9l\u00e9phone<\/li>\n\n\n\n<li>Adresse IP<\/li>\n\n\n\n<li>Informations sur l&#039;activit\u00e9 Internet, y compris, mais sans s&#039;y limiter, l&#039;historique de navigation, l&#039;historique de recherche et les informations concernant l&#039;interaction d&#039;un utilisateur avec un site Web, une application ou une publicit\u00e9 Internet.<\/li>\n<\/ul>\n\n\n\n<p>La base sur laquelle nous traitons les donn\u00e9es est la base sur laquelle nous traitons les donn\u00e9es est l&#039;ex\u00e9cution du contrat ou des mesures pr\u00e9contractuelles.<\/p>\n\n\n\n<h6 class=\"wp-block-heading\">P\u00e9riode de conservation<\/h6>\n\n\n\n<p>A la r\u00e9siliation du service, nous conservons ces donn\u00e9es pendant la dur\u00e9e suivante : 24 mois.<\/p>\n\n\n\n<h3 class=\"wp-block-heading\">1.2 Traitement des donn\u00e9es de navigation<\/h3>\n\n\n\n<p>\u00c0 cette fin, nous utilisons les donn\u00e9es suivantes :<\/p>\n\n\n\n<ul class=\"wp-block-list\">\n<li>Adresse IP<\/li>\n\n\n\n<li>Informations sur l&#039;activit\u00e9 Internet, y compris, mais sans s&#039;y limiter, l&#039;historique de navigation, l&#039;historique de recherche et les informations concernant l&#039;interaction d&#039;un utilisateur avec un site Web, une application ou une publicit\u00e9 Internet.<\/li>\n<\/ul>\n\n\n\n<p>La base sur laquelle nous traitons les donn\u00e9es est l&#039;ex\u00e9cution du contrat ou des mesures pr\u00e9contractuelles.<\/p>\n\n\n\n<h5 class=\"wp-block-heading\">P\u00e9riode de conservation<\/h5>\n\n\n\n<p>A la r\u00e9siliation du service, nous conservons ces donn\u00e9es pendant la dur\u00e9e suivante : 24 mois.<\/p>\n\n\n\n<h3 class=\"wp-block-heading\">1.3 Pour prendre en charge les services ou les produits qu&#039;un client souhaite ou a achet\u00e9<\/h3>\n\n\n\n<p>\u00c0 cette fin, nous utilisons les donn\u00e9es suivantes :<\/p>\n\n\n\n<ul class=\"wp-block-list\">\n<li>Un pr\u00e9nom et un nom<\/li>\n\n\n\n<li>Une adresse email<\/li>\n\n\n\n<li>Un num\u00e9ro de t\u00e9l\u00e9phone<\/li>\n\n\n\n<li>Informations sur l&#039;activit\u00e9 Internet, y compris, mais sans s&#039;y limiter, l&#039;historique de navigation, l&#039;historique de recherche et les informations concernant l&#039;interaction d&#039;un utilisateur avec un site Web, une application ou une publicit\u00e9 Internet.<\/li>\n<\/ul>\n\n\n\n<p>La base sur laquelle nous traitons les donn\u00e9es est l&#039;ex\u00e9cution du contrat ou des mesures pr\u00e9contractuelles.<\/p>\n\n\n\n<h5 class=\"wp-block-heading\">P\u00e9riode de conservation<\/h5>\n\n\n\n<p>A la r\u00e9siliation du service, nous conservons ces donn\u00e9es pendant la dur\u00e9e suivante : 24 mois.<\/p>\n\n\n\n<h2 class=\"wp-block-heading\">2. Cookies<\/h2>\n\n\n\n<p>Notre site Web utilise des cookies. Pour plus d&#039;informations sur les cookies, veuillez vous r\u00e9f\u00e9rer \u00e0 notre <a href=\"https:\/\/zilmet.it\/fr\/politique-de-cookies-de-lue\/\">Politique en mati\u00e8re de cookies<\/a>.&nbsp;<\/p>\n\n\n\n<h2 class=\"wp-block-heading\">3. Pratiques de divulgation<\/h2>\n\n\n\n<p>Nous divulguons des informations personnelles si nous y sommes tenus par la loi ou une ordonnance d&#039;un tribunal, en r\u00e9ponse \u00e0 un organisme charg\u00e9 de l&#039;application de la loi, dans la mesure permise par d&#039;autres dispositions l\u00e9gales, pour fournir des informations ou pour une enqu\u00eate sur une question li\u00e9e \u00e0 la s\u00e9curit\u00e9 publique.<\/p>\n\n\n\n<h2 class=\"wp-block-heading\">4. S\u00e9curit\u00e9<\/h2>\n\n\n\n<p>Nous nous engageons \u00e0 la s\u00e9curit\u00e9 de vos donn\u00e9es personnelles. Nous prenons des mesures de s\u00e9curit\u00e9 appropri\u00e9es pour limiter les utilisations abusives et les acc\u00e8s non autoris\u00e9s aux donn\u00e9es personnelles. Cela garantit que seules les personnes n\u00e9cessaires ont acc\u00e8s \u00e0 vos donn\u00e9es, que l&#039;acc\u00e8s aux donn\u00e9es est prot\u00e9g\u00e9 et que nos mesures de s\u00e9curit\u00e9 sont r\u00e9guli\u00e8rement revues.<\/p>\n\n\n\n<h2 class=\"wp-block-heading\">5. Sites Web tiers<\/h2>\n\n\n\n<p>Cette d\u00e9claration de confidentialit\u00e9 ne s&#039;applique pas aux sites Web de tiers li\u00e9s via des liens sur notre site Web. Nous ne pouvons garantir que ces tiers traiteront vos donn\u00e9es personnelles de mani\u00e8re fiable et s\u00e9curis\u00e9e. Nous vous conseillons de lire les d\u00e9clarations de confidentialit\u00e9 de ces sites Web avant de les utiliser.<\/p>\n\n\n\n<h2 class=\"wp-block-heading\">6. Amendes concernant cette d\u00e9claration de confidentialit\u00e9<\/h2>\n\n\n\n<p>Nous nous r\u00e9servons le droit d&#039;apporter des modifications \u00e0 cette d\u00e9claration de confidentialit\u00e9. Nous vous recommandons de consulter r\u00e9guli\u00e8rement cette d\u00e9claration de confidentialit\u00e9 pour \u00eatre inform\u00e9 de tout changement. Nous vous informerons \u00e9galement activement dans la mesure du possible.<\/p>\n\n\n\n<h2 class=\"wp-block-heading\">7. Acc\u00e9der et modifier vos donn\u00e9es<\/h2>\n\n\n\n<p>Si vous avez des questions ou souhaitez savoir exactement de quelles donn\u00e9es nous disposons \u00e0 votre sujet, contactez-nous. Vous pouvez nous contacter en utilisant les informations ci-dessous. Vous disposez des droits suivants :<\/p>\n\n\n\n<ul class=\"wp-block-list\">\n<li>Vous avez le droit de savoir quand vos donn\u00e9es personnelles sont n\u00e9cessaires, ce qu&#039;il advient de celles-ci, combien de temps elles seront conserv\u00e9es.<\/li>\n\n\n\n<li>Droit d&#039;acc\u00e8s : vous avez le droit d&#039;acc\u00e9der \u00e0 vos donn\u00e9es personnelles dont nous avons connaissance.<\/li>\n\n\n\n<li>Droit de rectification : vous disposez du droit de compl\u00e9ter, de rectifier, de supprimer ou de bloquer vos donn\u00e9es personnelles \u00e0 tout moment.<\/li>\n\n\n\n<li>Si vous avez des questions ou des probl\u00e8mes concernant l&#039;accessibilit\u00e9 du site Internet, n&#039;h\u00e9sitez pas \u00e0 nous contacter.<\/li>\n\n\n\n<li>Droit de transf\u00e9rer vos donn\u00e9es : vous avez le droit de demander toutes vos donn\u00e9es au responsable du traitement et de les transf\u00e9rer toutes \u00e0 un autre responsable du traitement.<\/li>\n\n\n\n<li>Droit d&#039;opposition : vous avez le droit de vous opposer au traitement de vos donn\u00e9es. Nous respecterons ce choix \u00e0 moins qu\u2019il n\u2019y ait une base valable pour le processus.<\/li>\n<\/ul>\n\n\n\n<p>Assurez-vous de toujours indiquer clairement qui vous \u00eates, afin de vous assurer de ne pas supprimer ou modifier les donn\u00e9es de la mauvaise personne.<\/p>\n\n\n\n<h2 class=\"wp-block-heading\">8. D\u00e9poser une plainte<\/h2>\n\n\n\n<p>Si vous n&#039;\u00eates pas satisfait de la fa\u00e7on dont nous traitons (une plainte concernant) le traitement de vos donn\u00e9es personnelles, vous avez le droit d&#039;adresser une plainte au Garant pour la protection des donn\u00e9es personnelles.<\/p>\n\n\n\n<h2 class=\"wp-block-heading\">9. Coordonn\u00e9es<\/h2>\n\n\n\n<p>ZILMET SpA SOCI\u00c9T\u00c9 INDIVIDUELLE<br>Limena (PD), Via del Santo n. 242, chap. 35010 (num\u00e9ro CF\/TVA 03429520285)<br>Italie<br>Site web: <a href=\"https:\/\/zilmet.it\/fr\/\">https:\/\/zilmet.it<\/a><br>E-mail\u00a0:\u00a0privacy@zilmet.it<br>Num\u00e9ro de t\u00e9l\u00e9phone : +39 049 7664901<\/p>","protected":false},"excerpt":{"rendered":"<p>Questa dichiarazione sulla privacy \u00e8 stata aggiornata l&#8217;ultima volta il 27 Febbraio 2024 e si applica ai cittadini e ai residenti permanenti legali dello Spazio Economico Europeo e della Svizzera. In questa dichiarazione sulla privacy, spieghiamo cosa facciamo con i tuoi dati che otteniamo attraverso https:\/\/zilmet.it. Ti consigliamo di leggere attentamente la dichiarazione. Durante l&#8217;elaborazione [&hellip;]<\/p>\n","protected":false},"author":5,"featured_media":0,"parent":0,"menu_order":0,"comment_status":"closed","ping_status":"closed","template":"","meta":{"_acf_changed":false,"footnotes":""},"class_list":["post-6227","page","type-page","status-publish","hentry"],"acf":[],"_links":{"self":[{"href":"https:\/\/zilmet.it\/fr\/wp-json\/wp\/v2\/pages\/6227","targetHints":{"allow":["GET"]}}],"collection":[{"href":"https:\/\/zilmet.it\/fr\/wp-json\/wp\/v2\/pages"}],"about":[{"href":"https:\/\/zilmet.it\/fr\/wp-json\/wp\/v2\/types\/page"}],"author":[{"embeddable":true,"href":"https:\/\/zilmet.it\/fr\/wp-json\/wp\/v2\/users\/5"}],"replies":[{"embeddable":true,"href":"https:\/\/zilmet.it\/fr\/wp-json\/wp\/v2\/comments?post=6227"}],"version-history":[{"count":0,"href":"https:\/\/zilmet.it\/fr\/wp-json\/wp\/v2\/pages\/6227\/revisions"}],"wp:attachment":[{"href":"https:\/\/zilmet.it\/fr\/wp-json\/wp\/v2\/media?parent=6227"}],"curies":[{"name":"wp","href":"https:\/\/api.w.org\/{rel}","templated":true}]}}