{"id":473,"date":"2023-03-06T15:32:55","date_gmt":"2023-03-06T15:32:55","guid":{"rendered":"https:\/\/www.zilmet.it\/?page_id=473"},"modified":"2024-09-25T12:05:51","modified_gmt":"2024-09-25T10:05:51","slug":"conduite-de-chauffage","status":"publish","type":"page","link":"https:\/\/zilmet.it\/fr\/conduite-de-chauffage\/","title":{"rendered":"Ligne de chauffage"},"content":{"rendered":"<div data-elementor-type=\"wp-page\" data-elementor-id=\"473\" class=\"elementor elementor-473\" data-elementor-post-type=\"page\">\n\t\t\t\t<div class=\"elementor-element elementor-element-acb64e2 e-flex e-con-boxed e-con e-parent\" data-id=\"acb64e2\" data-element_type=\"container\" data-e-type=\"container\" data-settings=\"{&quot;background_background&quot;:&quot;video&quot;,&quot;background_video_link&quot;:&quot;\\\/wp-content\\\/uploads\\\/2023\\\/11\\\/5_1.mp4&quot;,&quot;background_play_on_mobile&quot;:&quot;yes&quot;,&quot;background_privacy_mode&quot;:&quot;yes&quot;}\">\n\t\t\t\t\t<div class=\"e-con-inner\">\n\t\t<div class=\"elementor-background-video-container\">\n\t\t\t\t\t\t\t<video class=\"elementor-background-video-hosted\" role=\"presentation\" autoplay muted playsinline loop><\/video>\n\t\t\t\t\t<\/div>\t\t<div class=\"elementor-element elementor-element-b34c2bc elementor-widget elementor-widget-heading\" data-id=\"b34c2bc\" data-element_type=\"widget\" data-e-type=\"widget\" data-widget_type=\"heading.default\">\n\t\t\t\t<div class=\"elementor-widget-container\">\n\t\t\t\t\t<h5 class=\"elementor-heading-title elementor-size-default\">VASES D&#039;EXPANSION<\/h5>\t\t\t\t<\/div>\n\t\t\t\t<\/div>\n\t\t\t\t<div class=\"elementor-element elementor-element-3f0aa84 elementor-widget elementor-widget-heading\" data-id=\"3f0aa84\" data-element_type=\"widget\" data-e-type=\"widget\" data-widget_type=\"heading.default\">\n\t\t\t\t<div class=\"elementor-widget-container\">\n\t\t\t\t\t<h5 class=\"elementor-heading-title elementor-size-default\">Ligne de chauffage<\/h5>\t\t\t\t<\/div>\n\t\t\t\t<\/div>\n\t\t<div class=\"elementor-element elementor-element-f15c589 e-con-full e-flex e-con e-child\" data-id=\"f15c589\" data-element_type=\"container\" data-e-type=\"container\">\n\t\t\t\t<div class=\"elementor-element elementor-element-8f5cab8 elementor-widget elementor-widget-text-editor\" data-id=\"8f5cab8\" data-element_type=\"widget\" data-e-type=\"widget\" data-widget_type=\"text-editor.default\">\n\t\t\t\t<div class=\"elementor-widget-container\">\n\t\t\t\t\t\t\t\t\t<p>Pour tous les syst\u00e8mes de chauffage, pour compenser l&#039;augmentation du volume d&#039;eau,\u00a0<strong>Zilmet<\/strong>\u00a0propose diff\u00e9rentes gammes de produits adapt\u00e9es aux besoins les plus divers :<\/p>\t\t\t\t\t\t\t\t<\/div>\n\t\t\t\t<\/div>\n\t\t\t\t<\/div>\n\t\t\t\t\t<\/div>\n\t\t\t\t<\/div>\n\t\t<div class=\"elementor-element elementor-element-d428f98 e-flex e-con-boxed e-con e-parent\" data-id=\"d428f98\" data-element_type=\"container\" data-e-type=\"container\">\n\t\t\t\t\t<div class=\"e-con-inner\">\n\t\t<div class=\"elementor-element elementor-element-0b04c0f e-con-full e-flex e-con e-child\" data-id=\"0b04c0f\" data-element_type=\"container\" data-e-type=\"container\">\n\t\t\t\t<div class=\"elementor-element elementor-element-6e608be elementor-widget elementor-widget-heading\" data-id=\"6e608be\" data-element_type=\"widget\" data-e-type=\"widget\" data-widget_type=\"heading.default\">\n\t\t\t\t<div class=\"elementor-widget-container\">\n\t\t\t\t\t<h2 class=\"elementor-heading-title elementor-size-default\">CAL-PRO<br \/>ITALIE<\/h2>\t\t\t\t<\/div>\n\t\t\t\t<\/div>\n\t\t\t\t<div class=\"elementor-element elementor-element-9653d9f elementor-widget elementor-widget-text-editor\" data-id=\"9653d9f\" data-element_type=\"widget\" data-e-type=\"widget\" data-widget_type=\"text-editor.default\">\n\t\t\t\t<div class=\"elementor-widget-container\">\n\t\t\t\t\t\t\t\t\t<p>Vases d&#039;expansion \u00e0 membrane pour circuits ferm\u00e9s centralis\u00e9s, adapt\u00e9s pour absorber l&#039;augmentation du volume d&#039;eau en fonction de l&#039;augmentation de la temp\u00e9rature dans une installation de chauffage.\u00a0<\/p>\t\t\t\t\t\t\t\t<\/div>\n\t\t\t\t<\/div>\n\t\t\t\t<div class=\"elementor-element elementor-element-5caf4cb elementor-align-left elementor-widget elementor-widget-button\" data-id=\"5caf4cb\" data-element_type=\"widget\" data-e-type=\"widget\" data-widget_type=\"button.default\">\n\t\t\t\t<div class=\"elementor-widget-container\">\n\t\t\t\t\t\t\t\t\t<div class=\"elementor-button-wrapper\">\n\t\t\t\t\t<a class=\"elementor-button elementor-button-link elementor-size-sm\" href=\"https:\/\/zilmet.it\/fr\/produit\/cal-pro-italie\/\">\n\t\t\t\t\t\t<span class=\"elementor-button-content-wrapper\">\n\t\t\t\t\t\t<span class=\"elementor-button-icon\">\n\t\t\t\t<svg xmlns=\"http:\/\/www.w3.org\/2000\/svg\" xmlns:xlink=\"http:\/\/www.w3.org\/1999\/xlink\" width=\"20\" height=\"20\" viewbox=\"0 0 20 20\"><path d=\"M19.354 10.146l-6-6c-0.195-0.195-0.512-0.195-0.707 0s-0.195 0.512 0 0.707l5.146 5.146h-16.293c-0.276 0-0.5 0.224-0.5 0.5s0.224 0.5 0.5 0.5h16.293l-5.146 5.146c-0.195 0.195-0.195 0.512 0 0.707 0.098 0.098 0.226 0.146 0.354 0.146s0.256-0.049 0.354-0.146l6-6c0.195-0.195 0.195-0.512 0-0.707z\"><\/path><\/svg>\t\t\t<\/span>\n\t\t\t\t\t\t\t\t\t<span class=\"elementor-button-text\">D\u00c9COUVREZ LA GAMME<\/span>\n\t\t\t\t\t<\/span>\n\t\t\t\t\t<\/a>\n\t\t\t\t<\/div>\n\t\t\t\t\t\t\t\t<\/div>\n\t\t\t\t<\/div>\n\t\t\t\t<\/div>\n\t\t<div class=\"elementor-element elementor-element-5cae2f0 e-con-full e-flex e-con e-child\" data-id=\"5cae2f0\" data-element_type=\"container\" data-e-type=\"container\">\n\t\t\t\t<div class=\"elementor-element elementor-element-042d894 elementor-widget__width-initial elementor-widget-mobile__width-inherit elementor-widget elementor-widget-image\" data-id=\"042d894\" data-element_type=\"widget\" data-e-type=\"widget\" data-widget_type=\"image.default\">\n\t\t\t\t<div class=\"elementor-widget-container\">\n\t\t\t\t\t\t\t\t\t\t\t\t\t\t\t\t<a href=\"https:\/\/zilmet.it\/fr\/produit\/cal-pro-italie\/\">\n\t\t\t\t\t\t\t<img fetchpriority=\"high\" decoding=\"async\" width=\"800\" height=\"640\" src=\"https:\/\/zilmet.it\/wp-content\/uploads\/2022\/10\/Cal-Pro-assieme-vasi_B-1024x819.jpg\" class=\"attachment-large size-large wp-image-1389\" alt=\"\" srcset=\"https:\/\/zilmet.it\/wp-content\/uploads\/2022\/10\/Cal-Pro-assieme-vasi_B-1024x819.jpg 1024w, https:\/\/zilmet.it\/wp-content\/uploads\/2022\/10\/Cal-Pro-assieme-vasi_B-300x240.jpg 300w, https:\/\/zilmet.it\/wp-content\/uploads\/2022\/10\/Cal-Pro-assieme-vasi_B-768x614.jpg 768w, https:\/\/zilmet.it\/wp-content\/uploads\/2022\/10\/Cal-Pro-assieme-vasi_B-15x12.jpg 15w, https:\/\/zilmet.it\/wp-content\/uploads\/2022\/10\/Cal-Pro-assieme-vasi_B-600x480.jpg 600w, https:\/\/zilmet.it\/wp-content\/uploads\/2022\/10\/Cal-Pro-assieme-vasi_B.jpg 1280w\" sizes=\"(max-width: 800px) 100vw, 800px\" \/>\t\t\t\t\t\t\t\t<\/a>\n\t\t\t\t\t\t\t\t\t\t\t\t\t\t\t<\/div>\n\t\t\t\t<\/div>\n\t\t\t\t<\/div>\n\t\t<div class=\"elementor-element elementor-element-78b7ae5 e-con-full e-flex e-con e-child\" data-id=\"78b7ae5\" data-element_type=\"container\" data-e-type=\"container\">\n\t\t\t\t<div class=\"elementor-element elementor-element-a57c478 elementor-widget elementor-widget-heading\" data-id=\"a57c478\" data-element_type=\"widget\" data-e-type=\"widget\" data-widget_type=\"heading.default\">\n\t\t\t\t<div class=\"elementor-widget-container\">\n\t\t\t\t\t<h5 class=\"elementor-heading-title elementor-size-default\">CAL-PRO<br>EXPORTER<\/h5>\t\t\t\t<\/div>\n\t\t\t\t<\/div>\n\t\t\t\t<div class=\"elementor-element elementor-element-f0fd65a elementor-widget elementor-widget-text-editor\" data-id=\"f0fd65a\" data-element_type=\"widget\" data-e-type=\"widget\" data-widget_type=\"text-editor.default\">\n\t\t\t\t<div class=\"elementor-widget-container\">\n\t\t\t\t\t\t\t\t\t<p>Notre gamme Cal-Pro destin\u00e9e \u00e0 nos clients du monde entier.\u00a0<\/p><p>\u00a0<\/p>\t\t\t\t\t\t\t\t<\/div>\n\t\t\t\t<\/div>\n\t\t\t\t<div class=\"elementor-element elementor-element-2a28b93 elementor-align-right elementor-mobile-align-left elementor-widget elementor-widget-button\" data-id=\"2a28b93\" data-element_type=\"widget\" data-e-type=\"widget\" data-widget_type=\"button.default\">\n\t\t\t\t<div class=\"elementor-widget-container\">\n\t\t\t\t\t\t\t\t\t<div class=\"elementor-button-wrapper\">\n\t\t\t\t\t<a class=\"elementor-button elementor-button-link elementor-size-sm\" href=\"https:\/\/zilmet.it\/fr\/produit\/cal-pro-exportation\/\">\n\t\t\t\t\t\t<span class=\"elementor-button-content-wrapper\">\n\t\t\t\t\t\t<span class=\"elementor-button-icon\">\n\t\t\t\t<svg xmlns=\"http:\/\/www.w3.org\/2000\/svg\" xmlns:xlink=\"http:\/\/www.w3.org\/1999\/xlink\" width=\"20\" height=\"20\" viewbox=\"0 0 20 20\"><path d=\"M19.354 10.146l-6-6c-0.195-0.195-0.512-0.195-0.707 0s-0.195 0.512 0 0.707l5.146 5.146h-16.293c-0.276 0-0.5 0.224-0.5 0.5s0.224 0.5 0.5 0.5h16.293l-5.146 5.146c-0.195 0.195-0.195 0.512 0 0.707 0.098 0.098 0.226 0.146 0.354 0.146s0.256-0.049 0.354-0.146l6-6c0.195-0.195 0.195-0.512 0-0.707z\"><\/path><\/svg>\t\t\t<\/span>\n\t\t\t\t\t\t\t\t\t<span class=\"elementor-button-text\">D\u00c9COUVREZ LA GAMME<\/span>\n\t\t\t\t\t<\/span>\n\t\t\t\t\t<\/a>\n\t\t\t\t<\/div>\n\t\t\t\t\t\t\t\t<\/div>\n\t\t\t\t<\/div>\n\t\t\t\t<\/div>\n\t\t\t\t\t<\/div>\n\t\t\t\t<\/div>\n\t\t<div class=\"elementor-element elementor-element-02f1298 e-flex e-con-boxed e-con e-parent\" data-id=\"02f1298\" data-element_type=\"container\" data-e-type=\"container\">\n\t\t\t\t\t<div class=\"e-con-inner\">\n\t\t<div class=\"elementor-element elementor-element-9a2ae07 e-con-full e-flex e-con e-child\" data-id=\"9a2ae07\" data-element_type=\"container\" data-e-type=\"container\" data-settings=\"{&quot;background_background&quot;:&quot;classic&quot;}\">\n\t\t<div class=\"elementor-element elementor-element-1cc61de e-con-full e-flex e-con e-child\" data-id=\"1cc61de\" data-element_type=\"container\" data-e-type=\"container\">\n\t\t\t\t<div class=\"elementor-element elementor-element-656cc9f elementor-widget elementor-widget-image\" data-id=\"656cc9f\" data-element_type=\"widget\" data-e-type=\"widget\" data-widget_type=\"image.default\">\n\t\t\t\t<div class=\"elementor-widget-container\">\n\t\t\t\t\t\t\t\t\t\t\t\t\t\t\t\t<a href=\"https:\/\/zilmet.it\/fr\/produit\/oem-pro\/\">\n\t\t\t\t\t\t\t<img decoding=\"async\" width=\"1080\" height=\"1080\" src=\"https:\/\/zilmet.it\/wp-content\/uploads\/2023\/07\/OEM-PRO-GAMMA.png\" class=\"attachment-1536x1536 size-1536x1536 wp-image-2384\" alt=\"\" srcset=\"https:\/\/zilmet.it\/wp-content\/uploads\/2023\/07\/OEM-PRO-GAMMA.png 1080w, https:\/\/zilmet.it\/wp-content\/uploads\/2023\/07\/OEM-PRO-GAMMA-300x300.png 300w, https:\/\/zilmet.it\/wp-content\/uploads\/2023\/07\/OEM-PRO-GAMMA-1024x1024.png 1024w, https:\/\/zilmet.it\/wp-content\/uploads\/2023\/07\/OEM-PRO-GAMMA-150x150.png 150w, https:\/\/zilmet.it\/wp-content\/uploads\/2023\/07\/OEM-PRO-GAMMA-768x768.png 768w, https:\/\/zilmet.it\/wp-content\/uploads\/2023\/07\/OEM-PRO-GAMMA-12x12.png 12w, https:\/\/zilmet.it\/wp-content\/uploads\/2023\/07\/OEM-PRO-GAMMA-600x600.png 600w, https:\/\/zilmet.it\/wp-content\/uploads\/2023\/07\/OEM-PRO-GAMMA-100x100.png 100w\" sizes=\"(max-width: 1080px) 100vw, 1080px\" \/>\t\t\t\t\t\t\t\t<\/a>\n\t\t\t\t\t\t\t\t\t\t\t\t\t\t\t<\/div>\n\t\t\t\t<\/div>\n\t\t\t\t<\/div>\n\t\t<div class=\"elementor-element elementor-element-26809ef e-con-full e-flex e-con e-child\" data-id=\"26809ef\" data-element_type=\"container\" data-e-type=\"container\">\n\t\t\t\t<div class=\"elementor-element elementor-element-95fafe6 elementor-widget elementor-widget-heading\" data-id=\"95fafe6\" data-element_type=\"widget\" data-e-type=\"widget\" data-widget_type=\"heading.default\">\n\t\t\t\t<div class=\"elementor-widget-container\">\n\t\t\t\t\t<h5 class=\"elementor-heading-title elementor-size-default\"><a href=\"https:\/\/zilmet.it\/fr\/produit\/vases-dexpansion\/conduite-de-chauffage\/oem-pro\/\">OEM-PRO<\/a><\/h5>\t\t\t\t<\/div>\n\t\t\t\t<\/div>\n\t\t\t\t<div class=\"elementor-element elementor-element-02e657e elementor-widget elementor-widget-text-editor\" data-id=\"02e657e\" data-element_type=\"widget\" data-e-type=\"widget\" data-widget_type=\"text-editor.default\">\n\t\t\t\t<div class=\"elementor-widget-container\">\n\t\t\t\t\t\t\t\t\t<p>Vases d&#039;expansion \u00e0 membrane pour chaudi\u00e8res, adapt\u00e9s pour absorber l&#039;augmentation du volume d&#039;eau en fonction de l&#039;augmentation de la temp\u00e9rature dans une chaudi\u00e8re.<\/p><p>\u00a0<\/p>\t\t\t\t\t\t\t\t<\/div>\n\t\t\t\t<\/div>\n\t\t\t\t<div class=\"elementor-element elementor-element-236391a elementor-align-left elementor-tablet-align-right elementor-mobile-align-left elementor-widget elementor-widget-button\" data-id=\"236391a\" data-element_type=\"widget\" data-e-type=\"widget\" data-widget_type=\"button.default\">\n\t\t\t\t<div class=\"elementor-widget-container\">\n\t\t\t\t\t\t\t\t\t<div class=\"elementor-button-wrapper\">\n\t\t\t\t\t<a class=\"elementor-button elementor-button-link elementor-size-sm\" href=\"https:\/\/zilmet.it\/fr\/produit\/oem-pro\/\">\n\t\t\t\t\t\t<span class=\"elementor-button-content-wrapper\">\n\t\t\t\t\t\t<span class=\"elementor-button-icon\">\n\t\t\t\t<svg xmlns=\"http:\/\/www.w3.org\/2000\/svg\" xmlns:xlink=\"http:\/\/www.w3.org\/1999\/xlink\" width=\"20\" height=\"20\" viewbox=\"0 0 20 20\"><path d=\"M19.354 10.146l-6-6c-0.195-0.195-0.512-0.195-0.707 0s-0.195 0.512 0 0.707l5.146 5.146h-16.293c-0.276 0-0.5 0.224-0.5 0.5s0.224 0.5 0.5 0.5h16.293l-5.146 5.146c-0.195 0.195-0.195 0.512 0 0.707 0.098 0.098 0.226 0.146 0.354 0.146s0.256-0.049 0.354-0.146l6-6c0.195-0.195 0.195-0.512 0-0.707z\"><\/path><\/svg>\t\t\t<\/span>\n\t\t\t\t\t\t\t\t\t<span class=\"elementor-button-text\">EN SAVOIR PLUS<\/span>\n\t\t\t\t\t<\/span>\n\t\t\t\t\t<\/a>\n\t\t\t\t<\/div>\n\t\t\t\t\t\t\t\t<\/div>\n\t\t\t\t<\/div>\n\t\t\t\t<\/div>\n\t\t\t\t<\/div>\n\t\t<div class=\"elementor-element elementor-element-e6c1daf e-con-full elementor-hidden-desktop elementor-hidden-tablet elementor-hidden-mobile e-flex e-con e-child\" data-id=\"e6c1daf\" data-element_type=\"container\" data-e-type=\"container\" data-settings=\"{&quot;background_background&quot;:&quot;classic&quot;}\">\n\t\t<div class=\"elementor-element elementor-element-ff1b78f e-con-full e-flex e-con e-child\" data-id=\"ff1b78f\" data-element_type=\"container\" data-e-type=\"container\">\n\t\t\t\t<div class=\"elementor-element elementor-element-8b429cf elementor-widget elementor-widget-image\" data-id=\"8b429cf\" data-element_type=\"widget\" data-e-type=\"widget\" data-widget_type=\"image.default\">\n\t\t\t\t<div class=\"elementor-widget-container\">\n\t\t\t\t\t\t\t\t\t\t\t\t\t\t\t<img decoding=\"async\" width=\"243\" height=\"217\" src=\"https:\/\/zilmet.it\/wp-content\/uploads\/2023\/04\/Valvola-di-sicurezza-e-manometro-collaudati.png\" class=\"attachment-1536x1536 size-1536x1536 wp-image-1516\" alt=\"\" srcset=\"https:\/\/zilmet.it\/wp-content\/uploads\/2023\/04\/Valvola-di-sicurezza-e-manometro-collaudati.png 243w, https:\/\/zilmet.it\/wp-content\/uploads\/2023\/04\/Valvola-di-sicurezza-e-manometro-collaudati-13x12.png 13w\" sizes=\"(max-width: 243px) 100vw, 243px\" \/>\t\t\t\t\t\t\t\t\t\t\t\t\t\t\t<\/div>\n\t\t\t\t<\/div>\n\t\t\t\t<\/div>\n\t\t<div class=\"elementor-element elementor-element-222693b e-flex e-con-boxed e-con e-child\" data-id=\"222693b\" data-element_type=\"container\" data-e-type=\"container\">\n\t\t\t\t\t<div class=\"e-con-inner\">\n\t\t\t\t<div class=\"elementor-element elementor-element-a15abf3 elementor-widget elementor-widget-heading\" data-id=\"a15abf3\" data-element_type=\"widget\" data-e-type=\"widget\" data-widget_type=\"heading.default\">\n\t\t\t\t<div class=\"elementor-widget-container\">\n\t\t\t\t\t<h5 class=\"elementor-heading-title elementor-size-default\">ACCESSOIRES<\/h5>\t\t\t\t<\/div>\n\t\t\t\t<\/div>\n\t\t\t\t<div class=\"elementor-element elementor-element-950eefc elementor-widget elementor-widget-text-editor\" data-id=\"950eefc\" data-element_type=\"widget\" data-e-type=\"widget\" data-widget_type=\"text-editor.default\">\n\t\t\t\t<div class=\"elementor-widget-container\">\n\t\t\t\t\t\t\t\t\t<p>Pour une installation rapide de nos vases d&#039;expansion, nous disposons de diff\u00e9rents types d&#039;accessoires.<\/p><p>\u00a0<\/p>\t\t\t\t\t\t\t\t<\/div>\n\t\t\t\t<\/div>\n\t\t\t\t<div class=\"elementor-element elementor-element-a934c7f elementor-align-center elementor-tablet-align-right elementor-mobile-align-left elementor-widget elementor-widget-button\" data-id=\"a934c7f\" data-element_type=\"widget\" data-e-type=\"widget\" data-widget_type=\"button.default\">\n\t\t\t\t<div class=\"elementor-widget-container\">\n\t\t\t\t\t\t\t\t\t<div class=\"elementor-button-wrapper\">\n\t\t\t\t\t<a class=\"elementor-button elementor-button-link elementor-size-sm\" href=\"https:\/\/zilmet.it\/fr\/contacts\/\">\n\t\t\t\t\t\t<span class=\"elementor-button-content-wrapper\">\n\t\t\t\t\t\t<span class=\"elementor-button-icon\">\n\t\t\t\t<svg xmlns=\"http:\/\/www.w3.org\/2000\/svg\" xmlns:xlink=\"http:\/\/www.w3.org\/1999\/xlink\" width=\"20\" height=\"20\" viewbox=\"0 0 20 20\"><path d=\"M19.354 10.146l-6-6c-0.195-0.195-0.512-0.195-0.707 0s-0.195 0.512 0 0.707l5.146 5.146h-16.293c-0.276 0-0.5 0.224-0.5 0.5s0.224 0.5 0.5 0.5h16.293l-5.146 5.146c-0.195 0.195-0.195 0.512 0 0.707 0.098 0.098 0.226 0.146 0.354 0.146s0.256-0.049 0.354-0.146l6-6c0.195-0.195 0.195-0.512 0-0.707z\"><\/path><\/svg>\t\t\t<\/span>\n\t\t\t\t\t\t\t\t\t<span class=\"elementor-button-text\">EN SAVOIR PLUS<\/span>\n\t\t\t\t\t<\/span>\n\t\t\t\t\t<\/a>\n\t\t\t\t<\/div>\n\t\t\t\t\t\t\t\t<\/div>\n\t\t\t\t<\/div>\n\t\t\t\t\t<\/div>\n\t\t\t\t<\/div>\n\t\t\t\t<\/div>\n\t\t\t\t\t<\/div>\n\t\t\t\t<\/div>\n\t\t\t\t<\/div>","protected":false},"excerpt":{"rendered":"<p>VASI DI ESPANSIONE Linea Riscaldamento Per tutti gli impianti di riscaldamento, per compensare l&#8217;aumento del volume dell&#8217;acqua,\u00a0Zilmet\u00a0mette a disposizione diverse gamme di prodotto adatte alle pi\u00f9 diverse esigenze: CAL-PROITALIA Vasi di espansione a membrana per circuiti chiusi centralizzati, adatti ad assorbire l&#8217;aumento del volume dell&#8217;acqua in funzione dell&#8217;aumento della temperatura in un impianto di riscaldamento.\u00a0 [&hellip;]<\/p>\n","protected":false},"author":5,"featured_media":0,"parent":0,"menu_order":0,"comment_status":"closed","ping_status":"closed","template":"elementor_header_footer","meta":{"_acf_changed":false,"footnotes":""},"class_list":["post-473","page","type-page","status-publish","hentry"],"acf":[],"_links":{"self":[{"href":"https:\/\/zilmet.it\/fr\/wp-json\/wp\/v2\/pages\/473","targetHints":{"allow":["GET"]}}],"collection":[{"href":"https:\/\/zilmet.it\/fr\/wp-json\/wp\/v2\/pages"}],"about":[{"href":"https:\/\/zilmet.it\/fr\/wp-json\/wp\/v2\/types\/page"}],"author":[{"embeddable":true,"href":"https:\/\/zilmet.it\/fr\/wp-json\/wp\/v2\/users\/5"}],"replies":[{"embeddable":true,"href":"https:\/\/zilmet.it\/fr\/wp-json\/wp\/v2\/comments?post=473"}],"version-history":[{"count":0,"href":"https:\/\/zilmet.it\/fr\/wp-json\/wp\/v2\/pages\/473\/revisions"}],"wp:attachment":[{"href":"https:\/\/zilmet.it\/fr\/wp-json\/wp\/v2\/media?parent=473"}],"curies":[{"name":"wp","href":"https:\/\/api.w.org\/{rel}","templated":true}]}}