{"id":4674,"date":"2023-11-02T23:41:37","date_gmt":"2023-11-02T22:41:37","guid":{"rendered":"https:\/\/www.zilmet.it\/?page_id=4674"},"modified":"2024-01-23T17:31:48","modified_gmt":"2024-01-23T16:31:48","slug":"rma","status":"publish","type":"page","link":"https:\/\/zilmet.it\/fr\/rma\/","title":{"rendered":"RMA"},"content":{"rendered":"<div data-elementor-type=\"wp-page\" data-elementor-id=\"4674\" class=\"elementor elementor-4674\" data-elementor-post-type=\"page\">\n\t\t\t\t<div class=\"elementor-element elementor-element-2739ed04 e-flex e-con-boxed e-con e-parent\" data-id=\"2739ed04\" data-element_type=\"container\" data-e-type=\"container\">\n\t\t\t\t\t<div class=\"e-con-inner\">\n\t\t\t\t<div class=\"elementor-element elementor-element-5dc76118 elementor-widget elementor-widget-text-editor\" data-id=\"5dc76118\" data-element_type=\"widget\" data-e-type=\"widget\" data-widget_type=\"text-editor.default\">\n\t\t\t\t<div class=\"elementor-widget-container\">\n\t\t\t\t\t\t\t\t\t\n<p><strong>\u00ab FONCTION R\u00c9SERV\u00c9E AUX REVENDEURS\/DISTRIBUTEURS \u00bb<\/strong><br \/>Si vous \u00eates client final ou installateur, contactez votre revendeur<\/p>\n<p class=\"has-text-align-center\">Pour recevoir l&#039;autorisation de retourner des produits, vous devez produire les documents suivants\u00a0:<\/p>\n\n<p class=\"has-text-align-center\">\u2013 Formulaire \u00ab Liste des retours \u00bb compl\u00e9t\u00e9 dans toutes ses parties ;<\/p>\n\n<p class=\"has-text-align-center\">\u2013 Photographies et rapports d\u00e9crivant en d\u00e9tail le probl\u00e8me rencontr\u00e9.<\/p>\n\n<p>\u00a0<\/p>\n\n<p class=\"has-text-align-center\">La documentation ci-dessus doit \u00eatre envoy\u00e9e \u00e0 l&#039;adresse e-mail\u00a0<a href=\"mailto:quality@zilmet.it\">quality@zilmet.it<\/a>\u00a0ou num\u00e9ro de fax 049 767321<\/p>\n\n<div class=\"wp-block-buttons is-content-justification-center is-layout-flex wp-container-core-buttons-is-layout-a89b3969 wp-block-buttons-is-layout-flex\">\n<div class=\"wp-block-button\"><a class=\"wp-block-button__link has-white-color has-vivid-red-background-color has-text-color has-background wp-element-button\" style=\"border-radius: 0px;\" href=\"https:\/\/zilmet.it\/wp-content\/uploads\/2023\/11\/distinta-resi-rev-03-ita-1.xls.xls\">T\u00c9L\u00c9CHARGEZ LA LISTE DES RETOURS <\/a><\/div>\n<\/div>\n\t\t\t\t\t\t\t\t<\/div>\n\t\t\t\t<\/div>\n\t\t\t\t\t<\/div>\n\t\t\t\t<\/div>\n\t\t\t\t<\/div>","protected":false},"excerpt":{"rendered":"<p>&#8220;FUNZIONE RISERVATA AI RIVENDITORI\/DISTRIBUTORI&#8221;Se sei un cliente finale o un installatore, rivolgiti al tuo rivenditore Per ricevere l&#8217;autorizzazione a rendere dei prodotti, \u00e8 necessario produrre la seguente documentazione: &#8211; Modulo &#8220;Distinta resi&#8221; compilato in tutte le sue parti; &#8211; Fotografie e relazioni che descrivano dettagliatamente il problema riscontrato. \u00a0 La documentazione sopra citata deve essere [&hellip;]<\/p>\n","protected":false},"author":5,"featured_media":0,"parent":0,"menu_order":0,"comment_status":"closed","ping_status":"closed","template":"","meta":{"_acf_changed":false,"footnotes":""},"class_list":["post-4674","page","type-page","status-publish","hentry"],"acf":[],"_links":{"self":[{"href":"https:\/\/zilmet.it\/fr\/wp-json\/wp\/v2\/pages\/4674","targetHints":{"allow":["GET"]}}],"collection":[{"href":"https:\/\/zilmet.it\/fr\/wp-json\/wp\/v2\/pages"}],"about":[{"href":"https:\/\/zilmet.it\/fr\/wp-json\/wp\/v2\/types\/page"}],"author":[{"embeddable":true,"href":"https:\/\/zilmet.it\/fr\/wp-json\/wp\/v2\/users\/5"}],"replies":[{"embeddable":true,"href":"https:\/\/zilmet.it\/fr\/wp-json\/wp\/v2\/comments?post=4674"}],"version-history":[{"count":0,"href":"https:\/\/zilmet.it\/fr\/wp-json\/wp\/v2\/pages\/4674\/revisions"}],"wp:attachment":[{"href":"https:\/\/zilmet.it\/fr\/wp-json\/wp\/v2\/media?parent=4674"}],"curies":[{"name":"wp","href":"https:\/\/api.w.org\/{rel}","templated":true}]}}