{"id":4429,"date":"2023-10-31T01:39:28","date_gmt":"2023-10-31T00:39:28","guid":{"rendered":"https:\/\/www.zilmet.it\/?page_id=4429"},"modified":"2023-11-03T01:20:09","modified_gmt":"2023-11-03T00:20:09","slug":"faq","status":"publish","type":"page","link":"https:\/\/zilmet.it\/fr\/faq\/","title":{"rendered":"FAQ"},"content":{"rendered":"\t\t<div data-elementor-type=\"wp-page\" data-elementor-id=\"4429\" class=\"elementor elementor-4429\" data-elementor-post-type=\"page\">\n\t\t\t\t<div class=\"elementor-element elementor-element-2af6ed7 e-flex e-con-boxed e-con e-parent\" data-id=\"2af6ed7\" data-element_type=\"container\" data-e-type=\"container\" data-settings=\"{&quot;background_background&quot;:&quot;classic&quot;}\">\n\t\t\t\t\t<div class=\"e-con-inner\">\n\t\t\t\t<div class=\"elementor-element elementor-element-2755453 elementor-widget elementor-widget-heading\" data-id=\"2755453\" data-element_type=\"widget\" data-e-type=\"widget\" data-widget_type=\"heading.default\">\n\t\t\t\t<div class=\"elementor-widget-container\">\n\t\t\t\t\t<h5 class=\"elementor-heading-title elementor-size-default\">FAQ<\/h5>\t\t\t\t<\/div>\n\t\t\t\t<\/div>\n\t\t\t\t<div class=\"elementor-element elementor-element-a76009b elementor-widget elementor-widget-heading\" data-id=\"a76009b\" data-element_type=\"widget\" data-e-type=\"widget\" data-widget_type=\"heading.default\">\n\t\t\t\t<div class=\"elementor-widget-container\">\n\t\t\t\t\t<h4 class=\"elementor-heading-title elementor-size-default\">Le risposte alle domande pi\u00f9 frequenti<\/h4>\t\t\t\t<\/div>\n\t\t\t\t<\/div>\n\t\t\t\t\t<\/div>\n\t\t\t\t<\/div>\n\t\t<div class=\"elementor-element elementor-element-9429ca1 e-flex e-con-boxed e-con e-parent\" data-id=\"9429ca1\" data-element_type=\"container\" data-e-type=\"container\" data-settings=\"{&quot;background_background&quot;:&quot;classic&quot;}\">\n\t\t\t\t\t<div class=\"e-con-inner\">\n\t\t\t\t<div class=\"elementor-element elementor-element-f672879 elementor-grid-1 elementor-grid-tablet-2 elementor-grid-mobile-1 elementor-widget elementor-widget-loop-grid\" data-id=\"f672879\" data-element_type=\"widget\" data-e-type=\"widget\" data-settings=\"{&quot;template_id&quot;:4438,&quot;pagination_type&quot;:&quot;load_more_infinite_scroll&quot;,&quot;columns&quot;:1,&quot;_skin&quot;:&quot;post&quot;,&quot;columns_tablet&quot;:&quot;2&quot;,&quot;columns_mobile&quot;:&quot;1&quot;,&quot;edit_handle_selector&quot;:&quot;[data-elementor-type=\\&quot;loop-item\\&quot;]&quot;,&quot;load_more_spinner&quot;:{&quot;value&quot;:&quot;fas fa-spinner&quot;,&quot;library&quot;:&quot;fa-solid&quot;},&quot;row_gap&quot;:{&quot;unit&quot;:&quot;px&quot;,&quot;size&quot;:&quot;&quot;,&quot;sizes&quot;:[]},&quot;row_gap_tablet&quot;:{&quot;unit&quot;:&quot;px&quot;,&quot;size&quot;:&quot;&quot;,&quot;sizes&quot;:[]},&quot;row_gap_mobile&quot;:{&quot;unit&quot;:&quot;px&quot;,&quot;size&quot;:&quot;&quot;,&quot;sizes&quot;:[]}}\" data-widget_type=\"loop-grid.post\">\n\t\t\t\t<div class=\"elementor-widget-container\">\n\t\t\t\t\t\t\t<div class=\"elementor-loop-container elementor-grid\" role=\"list\">\n\t\t<style id=\"loop-4438\">.elementor-4438 .elementor-element.elementor-element-61bab1b{--display:flex;--padding-top:0px;--padding-bottom:0px;--padding-left:0px;--padding-right:0px;}.elementor-widget-theme-post-title .elementor-heading-title{font-family:var( --e-global-typography-primary-font-family ), -apple-system, BlinkMacSystemFont, \u201cSegoe UI\u201d, Roboto, \u201cHelveticaNeue\u201d, Arial, sans-serif;font-size:var( --e-global-typography-primary-font-size );font-weight:var( --e-global-typography-primary-font-weight );color:var( --e-global-color-primary );}.elementor-4438 .elementor-element.elementor-element-135c0df .elementor-heading-title{font-family:var( --e-global-typography-71ce6a5-font-family ), -apple-system, BlinkMacSystemFont, \u201cSegoe UI\u201d, Roboto, \u201cHelveticaNeue\u201d, Arial, sans-serif;font-size:var( --e-global-typography-71ce6a5-font-size );line-height:var( --e-global-typography-71ce6a5-line-height );letter-spacing:var( --e-global-typography-71ce6a5-letter-spacing );word-spacing:var( --e-global-typography-71ce6a5-word-spacing );color:var( --e-global-color-b6bb36a );}.elementor-widget-theme-post-content{color:var( --e-global-color-text );font-family:var( --e-global-typography-text-font-family ), -apple-system, BlinkMacSystemFont, \u201cSegoe UI\u201d, Roboto, \u201cHelveticaNeue\u201d, Arial, sans-serif;font-size:var( --e-global-typography-text-font-size );font-weight:var( --e-global-typography-text-font-weight );}.elementor-4438 .elementor-element.elementor-element-5b71b0e{color:var( --e-global-color-b6bb36a );}@media(max-width:1024px){.elementor-widget-theme-post-title .elementor-heading-title{font-size:var( --e-global-typography-primary-font-size );}.elementor-4438 .elementor-element.elementor-element-135c0df .elementor-heading-title{font-size:var( --e-global-typography-71ce6a5-font-size );line-height:var( --e-global-typography-71ce6a5-line-height );letter-spacing:var( --e-global-typography-71ce6a5-letter-spacing );word-spacing:var( --e-global-typography-71ce6a5-word-spacing );}.elementor-widget-theme-post-content{font-size:var( --e-global-typography-text-font-size );}}@media(max-width:767px){.elementor-widget-theme-post-title .elementor-heading-title{font-size:var( --e-global-typography-primary-font-size );}.elementor-4438 .elementor-element.elementor-element-135c0df .elementor-heading-title{font-size:var( --e-global-typography-71ce6a5-font-size );line-height:var( --e-global-typography-71ce6a5-line-height );letter-spacing:var( --e-global-typography-71ce6a5-letter-spacing );word-spacing:var( --e-global-typography-71ce6a5-word-spacing );}.elementor-widget-theme-post-content{font-size:var( --e-global-typography-text-font-size );}}<\/style>\t\t<div data-elementor-type=\"loop-item\" data-elementor-id=\"4438\" class=\"elementor elementor-4438 e-loop-item e-loop-item-3482 post-3482 domande-frequenti type-domande-frequenti status-publish hentry\" data-elementor-post-type=\"elementor_library\" data-custom-edit-handle=\"1\">\n\t\t\t<div class=\"elementor-element elementor-element-61bab1b e-flex e-con-boxed e-con e-parent\" data-id=\"61bab1b\" data-element_type=\"container\" data-e-type=\"container\">\n\t\t\t\t\t<div class=\"e-con-inner\">\n\t\t\t\t<div class=\"elementor-element elementor-element-135c0df elementor-widget elementor-widget-theme-post-title elementor-page-title elementor-widget-heading\" data-id=\"135c0df\" data-element_type=\"widget\" data-e-type=\"widget\" data-widget_type=\"theme-post-title.default\">\n\t\t\t\t<div class=\"elementor-widget-container\">\n\t\t\t\t\t<h4 class=\"elementor-heading-title elementor-size-default\">Che cosa si deve fare se il vaso d&#8217;espansione \u00e8 stato prodotto prima di Maggio 2002 ed il libretto di collaudo firmato dal tecnico INAIL \u00e8 stato smarrito?<\/h4>\t\t\t\t<\/div>\n\t\t\t\t<\/div>\n\t\t\t\t<div class=\"elementor-element elementor-element-5b71b0e elementor-widget elementor-widget-theme-post-content\" data-id=\"5b71b0e\" data-element_type=\"widget\" data-e-type=\"widget\" data-widget_type=\"theme-post-content.default\">\n\t\t\t\t<div class=\"elementor-widget-container\">\n\t\t\t\t\t\n<p>Per ottenere copia del libretto di collaudo \u00e8 necessario contattare il dipartimento INAIL di Padova.<\/p>\n\t\t\t\t<\/div>\n\t\t\t\t<\/div>\n\t\t\t\t\t<\/div>\n\t\t\t\t<\/div>\n\t\t\t\t<\/div>\n\t\t\t\t<div data-elementor-type=\"loop-item\" data-elementor-id=\"4438\" class=\"elementor elementor-4438 e-loop-item e-loop-item-3481 post-3481 domande-frequenti type-domande-frequenti status-publish hentry\" data-elementor-post-type=\"elementor_library\" data-custom-edit-handle=\"1\">\n\t\t\t<div class=\"elementor-element elementor-element-61bab1b e-flex e-con-boxed e-con e-parent\" data-id=\"61bab1b\" data-element_type=\"container\" data-e-type=\"container\">\n\t\t\t\t\t<div class=\"e-con-inner\">\n\t\t\t\t<div class=\"elementor-element elementor-element-135c0df elementor-widget elementor-widget-theme-post-title elementor-page-title elementor-widget-heading\" data-id=\"135c0df\" data-element_type=\"widget\" data-e-type=\"widget\" data-widget_type=\"theme-post-title.default\">\n\t\t\t\t<div class=\"elementor-widget-container\">\n\t\t\t\t\t<h4 class=\"elementor-heading-title elementor-size-default\">Che cosa si deve fare se l&#8217;apposita dichiarazione di conformit\u00e0 redatta secondo quanto richiesto dai regolamenti INAIL \u00e8 stata smarrita?<\/h4>\t\t\t\t<\/div>\n\t\t\t\t<\/div>\n\t\t\t\t<div class=\"elementor-element elementor-element-5b71b0e elementor-widget elementor-widget-theme-post-content\" data-id=\"5b71b0e\" data-element_type=\"widget\" data-e-type=\"widget\" data-widget_type=\"theme-post-content.default\">\n\t\t\t\t<div class=\"elementor-widget-container\">\n\t\t\t\t\t\n<p>Per ottenere un duplicato di tale dichiarazione di conformit\u00e0 \u00e8 sufficiente inviare una richiesta al numero di fax 049 767321 o all&#8217;indirizzo di posta elettronica\u00a0<a href=\"mailto:tec@zilmet.it\">tec@zilmet.it<\/a>. Nella richiesta devono essere specificati i seguenti dati, riportati sull&#8217;etichetta identificativa applicata al vaso d&#8217;espansione: famiglia di prodotto (ad esempio CAL-PRO), numero di disegno, pressione massima di esercizio, data di produzione, numero di fabbrica, capacit\u00e0 del vaso d&#8217;espansione e valore della pressione di precarica. Poich\u00e9 il duplicato della dichiarazione di conformit\u00e0 \u00e8 inviato per posta, \u00e8 necessario accompagnare la richiesta con le seguenti informazioni: indirizzo completo a cui inviare la documentazione, nome della persona di riferimento e ragione sociale completa dell&#8217;azienda.<\/p>\n\t\t\t\t<\/div>\n\t\t\t\t<\/div>\n\t\t\t\t\t<\/div>\n\t\t\t\t<\/div>\n\t\t\t\t<\/div>\n\t\t\t\t<div data-elementor-type=\"loop-item\" data-elementor-id=\"4438\" class=\"elementor elementor-4438 e-loop-item e-loop-item-3494 post-3494 domande-frequenti type-domande-frequenti status-publish hentry\" data-elementor-post-type=\"elementor_library\" data-custom-edit-handle=\"1\">\n\t\t\t<div class=\"elementor-element elementor-element-61bab1b e-flex e-con-boxed e-con e-parent\" data-id=\"61bab1b\" data-element_type=\"container\" data-e-type=\"container\">\n\t\t\t\t\t<div class=\"e-con-inner\">\n\t\t\t\t<div class=\"elementor-element elementor-element-135c0df elementor-widget elementor-widget-theme-post-title elementor-page-title elementor-widget-heading\" data-id=\"135c0df\" data-element_type=\"widget\" data-e-type=\"widget\" data-widget_type=\"theme-post-title.default\">\n\t\t\t\t<div class=\"elementor-widget-container\">\n\t\t\t\t\t<h4 class=\"elementor-heading-title elementor-size-default\">Che cosa significa drawdown?<\/h4>\t\t\t\t<\/div>\n\t\t\t\t<\/div>\n\t\t\t\t<div class=\"elementor-element elementor-element-5b71b0e elementor-widget elementor-widget-theme-post-content\" data-id=\"5b71b0e\" data-element_type=\"widget\" data-e-type=\"widget\" data-widget_type=\"theme-post-content.default\">\n\t\t\t\t<div class=\"elementor-widget-container\">\n\t\t\t\t\t\n<p>Il termine <em>drawdown<\/em> indica la quantit\u00e0 di acqua espulsa dal vaso d\u2019espansone prima che il pressostato attivi la pompa. Il <em>drawdown<\/em> dipende dalle caratteristiche della pompa, dalle dimensioni del vaso e dalle diverse impostazioni di pressione nel sistema.<\/p>\n\t\t\t\t<\/div>\n\t\t\t\t<\/div>\n\t\t\t\t\t<\/div>\n\t\t\t\t<\/div>\n\t\t\t\t<\/div>\n\t\t\t\t<div data-elementor-type=\"loop-item\" data-elementor-id=\"4438\" class=\"elementor elementor-4438 e-loop-item e-loop-item-3489 post-3489 domande-frequenti type-domande-frequenti status-publish hentry\" data-elementor-post-type=\"elementor_library\" data-custom-edit-handle=\"1\">\n\t\t\t<div class=\"elementor-element elementor-element-61bab1b e-flex e-con-boxed e-con e-parent\" data-id=\"61bab1b\" data-element_type=\"container\" data-e-type=\"container\">\n\t\t\t\t\t<div class=\"e-con-inner\">\n\t\t\t\t<div class=\"elementor-element elementor-element-135c0df elementor-widget elementor-widget-theme-post-title elementor-page-title elementor-widget-heading\" data-id=\"135c0df\" data-element_type=\"widget\" data-e-type=\"widget\" data-widget_type=\"theme-post-title.default\">\n\t\t\t\t<div class=\"elementor-widget-container\">\n\t\t\t\t\t<h4 class=\"elementor-heading-title elementor-size-default\">Come deve essere eseguita l&#8217;installazione e la manutenzione di vasi d&#8217;espansione e scambiatori di calore prodotti da Zilmet S.p.A.?<\/h4>\t\t\t\t<\/div>\n\t\t\t\t<\/div>\n\t\t\t\t<div class=\"elementor-element elementor-element-5b71b0e elementor-widget elementor-widget-theme-post-content\" data-id=\"5b71b0e\" data-element_type=\"widget\" data-e-type=\"widget\" data-widget_type=\"theme-post-content.default\">\n\t\t\t\t<div class=\"elementor-widget-container\">\n\t\t\t\t\t\n<p>Per quanto riguarda le modalit\u00e0 di installazione e manutenzione di vasi d&#8217;espansione e scambiatori di calore prodotti da Zilmet S.p.A. fare riferimento a quanto riportato nei manuali d&#8217;uso disponibili nell&#8217;area riservata del nostro sito internet. In particolare, per prolungare la vita dei vasi d\u2019espansione e garantirne il corretto funzionamento, \u00e8 necessario controllare periodicamente il valore della precarica, secondo quanto indicato nel manuale d\u2019uso e nell\u2019etichetta identificativa.<\/p>\n\t\t\t\t<\/div>\n\t\t\t\t<\/div>\n\t\t\t\t\t<\/div>\n\t\t\t\t<\/div>\n\t\t\t\t<\/div>\n\t\t\t\t<div data-elementor-type=\"loop-item\" data-elementor-id=\"4438\" class=\"elementor elementor-4438 e-loop-item e-loop-item-3506 post-3506 domande-frequenti type-domande-frequenti status-publish hentry\" data-elementor-post-type=\"elementor_library\" data-custom-edit-handle=\"1\">\n\t\t\t<div class=\"elementor-element elementor-element-61bab1b e-flex e-con-boxed e-con e-parent\" data-id=\"61bab1b\" data-element_type=\"container\" data-e-type=\"container\">\n\t\t\t\t\t<div class=\"e-con-inner\">\n\t\t\t\t<div class=\"elementor-element elementor-element-135c0df elementor-widget elementor-widget-theme-post-title elementor-page-title elementor-widget-heading\" data-id=\"135c0df\" data-element_type=\"widget\" data-e-type=\"widget\" data-widget_type=\"theme-post-title.default\">\n\t\t\t\t<div class=\"elementor-widget-container\">\n\t\t\t\t\t<h4 class=\"elementor-heading-title elementor-size-default\">Come \u00e8 possibile conoscere le condizioni di garanzia di un vaso d\u2019espansione o uno scambiatore di calore Zilmet \u00e8 in garanzia?<\/h4>\t\t\t\t<\/div>\n\t\t\t\t<\/div>\n\t\t\t\t<div class=\"elementor-element elementor-element-5b71b0e elementor-widget elementor-widget-theme-post-content\" data-id=\"5b71b0e\" data-element_type=\"widget\" data-e-type=\"widget\" data-widget_type=\"theme-post-content.default\">\n\t\t\t\t<div class=\"elementor-widget-container\">\n\t\t\t\t\t\n<p>Per conoscere le condizioni di garanzia \u00e8 necessario contattare il distributore locale di riferimento.<\/p>\n\t\t\t\t<\/div>\n\t\t\t\t<\/div>\n\t\t\t\t\t<\/div>\n\t\t\t\t<\/div>\n\t\t\t\t<\/div>\n\t\t\t\t<div data-elementor-type=\"loop-item\" data-elementor-id=\"4438\" class=\"elementor elementor-4438 e-loop-item e-loop-item-3507 post-3507 domande-frequenti type-domande-frequenti status-publish hentry\" data-elementor-post-type=\"elementor_library\" data-custom-edit-handle=\"1\">\n\t\t\t<div class=\"elementor-element elementor-element-61bab1b e-flex e-con-boxed e-con e-parent\" data-id=\"61bab1b\" data-element_type=\"container\" data-e-type=\"container\">\n\t\t\t\t\t<div class=\"e-con-inner\">\n\t\t\t\t<div class=\"elementor-element elementor-element-135c0df elementor-widget elementor-widget-theme-post-title elementor-page-title elementor-widget-heading\" data-id=\"135c0df\" data-element_type=\"widget\" data-e-type=\"widget\" data-widget_type=\"theme-post-title.default\">\n\t\t\t\t<div class=\"elementor-widget-container\">\n\t\t\t\t\t<h4 class=\"elementor-heading-title elementor-size-default\">Come \u00e8 possibile garantire un corretto funzionamento dei vasi d\u2019espansione e degli scambiatori di calore Zilmet?<\/h4>\t\t\t\t<\/div>\n\t\t\t\t<\/div>\n\t\t\t\t<div class=\"elementor-element elementor-element-5b71b0e elementor-widget elementor-widget-theme-post-content\" data-id=\"5b71b0e\" data-element_type=\"widget\" data-e-type=\"widget\" data-widget_type=\"theme-post-content.default\">\n\t\t\t\t<div class=\"elementor-widget-container\">\n\t\t\t\t\t\n<p>Per garantire un corretto funzionamento e prolungare la vita dei prodotti Zilmet, \u00e8 necessario attenersi a quanto indicato nel manuale d\u2019uso, in particolare a quanto specificato nel punto relativo alla manutenzione.<\/p>\n\t\t\t\t<\/div>\n\t\t\t\t<\/div>\n\t\t\t\t\t<\/div>\n\t\t\t\t<\/div>\n\t\t\t\t<\/div>\n\t\t\t\t<div data-elementor-type=\"loop-item\" data-elementor-id=\"4438\" class=\"elementor elementor-4438 e-loop-item e-loop-item-3498 post-3498 domande-frequenti type-domande-frequenti status-publish hentry\" data-elementor-post-type=\"elementor_library\" data-custom-edit-handle=\"1\">\n\t\t\t<div class=\"elementor-element elementor-element-61bab1b e-flex e-con-boxed e-con e-parent\" data-id=\"61bab1b\" data-element_type=\"container\" data-e-type=\"container\">\n\t\t\t\t\t<div class=\"e-con-inner\">\n\t\t\t\t<div class=\"elementor-element elementor-element-135c0df elementor-widget elementor-widget-theme-post-title elementor-page-title elementor-widget-heading\" data-id=\"135c0df\" data-element_type=\"widget\" data-e-type=\"widget\" data-widget_type=\"theme-post-title.default\">\n\t\t\t\t<div class=\"elementor-widget-container\">\n\t\t\t\t\t<h4 class=\"elementor-heading-title elementor-size-default\">Come si esegue il dimensionamento di vasi d&#8217;espansione e scambiatori di calore?<\/h4>\t\t\t\t<\/div>\n\t\t\t\t<\/div>\n\t\t\t\t<div class=\"elementor-element elementor-element-5b71b0e elementor-widget elementor-widget-theme-post-content\" data-id=\"5b71b0e\" data-element_type=\"widget\" data-e-type=\"widget\" data-widget_type=\"theme-post-content.default\">\n\t\t\t\t<div class=\"elementor-widget-container\">\n\t\t\t\t\t\n<p>Per il dimensionamento di vasi d&#8217;espansione e scambiatori di calore \u00e8 possibile fare riferimento ai programmi di calcolo disponibili nel nostro sito internet.<\/p>\n\t\t\t\t<\/div>\n\t\t\t\t<\/div>\n\t\t\t\t\t<\/div>\n\t\t\t\t<\/div>\n\t\t\t\t<\/div>\n\t\t\t\t<div data-elementor-type=\"loop-item\" data-elementor-id=\"4438\" class=\"elementor elementor-4438 e-loop-item e-loop-item-3495 post-3495 domande-frequenti type-domande-frequenti status-publish hentry\" data-elementor-post-type=\"elementor_library\" data-custom-edit-handle=\"1\">\n\t\t\t<div class=\"elementor-element elementor-element-61bab1b e-flex e-con-boxed e-con e-parent\" data-id=\"61bab1b\" data-element_type=\"container\" data-e-type=\"container\">\n\t\t\t\t\t<div class=\"e-con-inner\">\n\t\t\t\t<div class=\"elementor-element elementor-element-135c0df elementor-widget elementor-widget-theme-post-title elementor-page-title elementor-widget-heading\" data-id=\"135c0df\" data-element_type=\"widget\" data-e-type=\"widget\" data-widget_type=\"theme-post-title.default\">\n\t\t\t\t<div class=\"elementor-widget-container\">\n\t\t\t\t\t<h4 class=\"elementor-heading-title elementor-size-default\">\u00c9 possibile installare il vaso d&#8217;espansione con il raccordo verso l&#8217;alto?<\/h4>\t\t\t\t<\/div>\n\t\t\t\t<\/div>\n\t\t\t\t<div class=\"elementor-element elementor-element-5b71b0e elementor-widget elementor-widget-theme-post-content\" data-id=\"5b71b0e\" data-element_type=\"widget\" data-e-type=\"widget\" data-widget_type=\"theme-post-content.default\">\n\t\t\t\t<div class=\"elementor-widget-container\">\n\t\t\t\t\t\n<p>L&#8217;installazione del vaso d&#8217;espansione con il raccordo verso l&#8217;alto \u00e8 possibile. Tuttavia, a parit\u00e0 di condizioni operative, per l&#8217;installazione del vaso d&#8217;espansione con il raccordo verso l&#8217;alto ( rispetto all&#8217;installazione con il raccordo verso il basso) lo scarico dell&#8217;acqua immagazzinata all&#8217;interno del vaso d&#8217;espansione richiede un tempo maggiore: in ogni caso \u00e8 necessario fare sempre riferimento a quanto riportato nel manuale d&#8217;uso per le modalit\u00e0 di installazione e manutenzione disponibile nell&#8217;area riservata del nostro sito internet.<\/p>\n\t\t\t\t<\/div>\n\t\t\t\t<\/div>\n\t\t\t\t\t<\/div>\n\t\t\t\t<\/div>\n\t\t\t\t<\/div>\n\t\t\t\t<div data-elementor-type=\"loop-item\" data-elementor-id=\"4438\" class=\"elementor elementor-4438 e-loop-item e-loop-item-3497 post-3497 domande-frequenti type-domande-frequenti status-publish hentry\" data-elementor-post-type=\"elementor_library\" data-custom-edit-handle=\"1\">\n\t\t\t<div class=\"elementor-element elementor-element-61bab1b e-flex e-con-boxed e-con e-parent\" data-id=\"61bab1b\" data-element_type=\"container\" data-e-type=\"container\">\n\t\t\t\t\t<div class=\"e-con-inner\">\n\t\t\t\t<div class=\"elementor-element elementor-element-135c0df elementor-widget elementor-widget-theme-post-title elementor-page-title elementor-widget-heading\" data-id=\"135c0df\" data-element_type=\"widget\" data-e-type=\"widget\" data-widget_type=\"theme-post-title.default\">\n\t\t\t\t<div class=\"elementor-widget-container\">\n\t\t\t\t\t<h4 class=\"elementor-heading-title elementor-size-default\">\u00c9 possibile verificare se la membrana del vaso d\u2019espansione ha ceduto?<\/h4>\t\t\t\t<\/div>\n\t\t\t\t<\/div>\n\t\t\t\t<div class=\"elementor-element elementor-element-5b71b0e elementor-widget elementor-widget-theme-post-content\" data-id=\"5b71b0e\" data-element_type=\"widget\" data-e-type=\"widget\" data-widget_type=\"theme-post-content.default\">\n\t\t\t\t<div class=\"elementor-widget-container\">\n\t\t\t\t\t\n<p>S\u00ec. \u00c9 possibile verificare se la membrana ha ceduto aprendo leggermente, con l\u2019apposito utensile, la valvola di precarica; se esce acqua, molto probabilmente si tratta di un cedimento della membrana e il vaso d\u2019espansione va sostituito (se con membrana fissa) oppure va sostituita la membrana (se con membrana intercambiabile). Qualora, invece, la verifica sopra indicata non fosse sufficiente, \u00e8 possibile scollegare il vaso dall\u2019impianto, precaricarlo ad un valore definito e eseguire la riverifica dopo 24h; se la pressione fosse sensibilmente diminuita, allora la membrana non \u00e8 pi\u00f9 efficiente. Qualsiasi verifica o regolazione va eseguita da personale qualificato ed autorizzato.<\/p>\n\t\t\t\t<\/div>\n\t\t\t\t<\/div>\n\t\t\t\t\t<\/div>\n\t\t\t\t<\/div>\n\t\t\t\t<\/div>\n\t\t\t\t<div data-elementor-type=\"loop-item\" data-elementor-id=\"4438\" class=\"elementor elementor-4438 e-loop-item e-loop-item-3500 post-3500 domande-frequenti type-domande-frequenti status-publish hentry\" data-elementor-post-type=\"elementor_library\" data-custom-edit-handle=\"1\">\n\t\t\t<div class=\"elementor-element elementor-element-61bab1b e-flex e-con-boxed e-con e-parent\" data-id=\"61bab1b\" data-element_type=\"container\" data-e-type=\"container\">\n\t\t\t\t\t<div class=\"e-con-inner\">\n\t\t\t\t<div class=\"elementor-element elementor-element-135c0df elementor-widget elementor-widget-theme-post-title elementor-page-title elementor-widget-heading\" data-id=\"135c0df\" data-element_type=\"widget\" data-e-type=\"widget\" data-widget_type=\"theme-post-title.default\">\n\t\t\t\t<div class=\"elementor-widget-container\">\n\t\t\t\t\t<h4 class=\"elementor-heading-title elementor-size-default\">I vasi d&#8217;espansione, che nel sito internet e cataloghi Zilmet sono indicati come adatti ad essere installati negli impianti di riscaldamento o negli impianti solari possono essere utilizzati per la produzione di acqua potabile\/ sanitaria?<\/h4>\t\t\t\t<\/div>\n\t\t\t\t<\/div>\n\t\t\t\t<div class=\"elementor-element elementor-element-5b71b0e elementor-widget elementor-widget-theme-post-content\" data-id=\"5b71b0e\" data-element_type=\"widget\" data-e-type=\"widget\" data-widget_type=\"theme-post-content.default\">\n\t\t\t\t<div class=\"elementor-widget-container\">\n\t\t\t\t\t\n<p>No: i vasi d&#8217;espansione adatti ad essere installati negli impianti di riscaldamento o negli impianti solari non possono essere utilizzati per la produzione di acqua potabile\/ sanitaria.<\/p>\n\t\t\t\t<\/div>\n\t\t\t\t<\/div>\n\t\t\t\t\t<\/div>\n\t\t\t\t<\/div>\n\t\t\t\t<\/div>\n\t\t\t\t<\/div>\n\t\t\t\t\t<span class=\"e-load-more-spinner\">\n\t\t\t\t<i aria-hidden=\"true\" class=\"fas fa-spinner\"><\/i>\t\t\t<\/span>\n\t\t\n\t\t\t\t<div class=\"e-load-more-anchor\" data-page=\"1\" data-max-page=\"3\" data-next-page=\"https:\/\/zilmet.it\/wp-json\/wp\/v2\/pages\/4429\/page\/2\/\"><\/div>\n\t\t\t\t<div class=\"e-load-more-message\"><\/div>\n\t\t\t\t\t\t<\/div>\n\t\t\t\t<\/div>\n\t\t\t\t\t<\/div>\n\t\t\t\t<\/div>\n\t\t\t\t<\/div>\n\t\t","protected":false},"excerpt":{"rendered":"<p>FAQ R\u00e9ponses aux questions les plus fr\u00e9quemment pos\u00e9es<\/p>","protected":false},"author":5,"featured_media":0,"parent":0,"menu_order":0,"comment_status":"closed","ping_status":"closed","template":"elementor_header_footer","meta":{"_acf_changed":false,"footnotes":""},"class_list":["post-4429","page","type-page","status-publish","hentry"],"acf":[],"_links":{"self":[{"href":"https:\/\/zilmet.it\/fr\/wp-json\/wp\/v2\/pages\/4429","targetHints":{"allow":["GET"]}}],"collection":[{"href":"https:\/\/zilmet.it\/fr\/wp-json\/wp\/v2\/pages"}],"about":[{"href":"https:\/\/zilmet.it\/fr\/wp-json\/wp\/v2\/types\/page"}],"author":[{"embeddable":true,"href":"https:\/\/zilmet.it\/fr\/wp-json\/wp\/v2\/users\/5"}],"replies":[{"embeddable":true,"href":"https:\/\/zilmet.it\/fr\/wp-json\/wp\/v2\/comments?post=4429"}],"version-history":[{"count":0,"href":"https:\/\/zilmet.it\/fr\/wp-json\/wp\/v2\/pages\/4429\/revisions"}],"wp:attachment":[{"href":"https:\/\/zilmet.it\/fr\/wp-json\/wp\/v2\/media?parent=4429"}],"curies":[{"name":"wp","href":"https:\/\/api.w.org\/{rel}","templated":true}]}}