{"id":762,"date":"2023-03-07T16:34:07","date_gmt":"2023-03-07T15:34:07","guid":{"rendered":"https:\/\/www.zilmet.it\/?page_id=762"},"modified":"2024-01-20T19:53:32","modified_gmt":"2024-01-20T18:53:32","slug":"solar-application","status":"publish","type":"page","link":"https:\/\/zilmet.it\/en\/solar-application\/","title":{"rendered":"Solar Application"},"content":{"rendered":"<div data-elementor-type=\"wp-page\" data-elementor-id=\"762\" class=\"elementor elementor-762\" data-elementor-post-type=\"page\">\n\t\t\t\t<div class=\"elementor-element elementor-element-427c751 e-flex e-con-boxed e-con e-parent\" data-id=\"427c751\" data-element_type=\"container\" data-e-type=\"container\" data-settings=\"{&quot;background_background&quot;:&quot;classic&quot;}\">\n\t\t\t\t\t<div class=\"e-con-inner\">\n\t\t\t\t<div class=\"elementor-element elementor-element-346921e elementor-widget elementor-widget-heading\" data-id=\"346921e\" data-element_type=\"widget\" data-e-type=\"widget\" data-widget_type=\"heading.default\">\n\t\t\t\t<div class=\"elementor-widget-container\">\n\t\t\t\t\t<h5 class=\"elementor-heading-title elementor-size-default\">EXPANSION TANKS<\/h5>\t\t\t\t<\/div>\n\t\t\t\t<\/div>\n\t\t\t\t<div class=\"elementor-element elementor-element-68fbc63 elementor-widget elementor-widget-heading\" data-id=\"68fbc63\" data-element_type=\"widget\" data-e-type=\"widget\" data-widget_type=\"heading.default\">\n\t\t\t\t<div class=\"elementor-widget-container\">\n\t\t\t\t\t<h5 class=\"elementor-heading-title elementor-size-default\">Solar Application<\/h5>\t\t\t\t<\/div>\n\t\t\t\t<\/div>\n\t\t<div class=\"elementor-element elementor-element-12e7649 e-con-full e-flex e-con e-child\" data-id=\"12e7649\" data-element_type=\"container\" data-e-type=\"container\">\n\t\t\t\t<div class=\"elementor-element elementor-element-f0e21d1 elementor-widget elementor-widget-text-editor\" data-id=\"f0e21d1\" data-element_type=\"widget\" data-e-type=\"widget\" data-widget_type=\"text-editor.default\">\n\t\t\t\t<div class=\"elementor-widget-container\">\n\t\t\t\t\t\t\t\t\t<p>Alongside complete series of expansion vessels,\u00a0<strong>Zilmet<\/strong> has developed a series of innovative and special products such as expansion vessels for solar systems. The range of Solar vessels was developed in accordance with the DIN 4757 standard and is suitable to meet the needs of the most important manufacturers of solar systems.<\/p>\t\t\t\t\t\t\t\t<\/div>\n\t\t\t\t<\/div>\n\t\t\t\t<\/div>\n\t\t\t\t\t<\/div>\n\t\t\t\t<\/div>\n\t\t<div class=\"elementor-element elementor-element-808114f e-flex e-con-boxed e-con e-parent\" data-id=\"808114f\" data-element_type=\"container\" data-e-type=\"container\">\n\t\t\t\t\t<div class=\"e-con-inner\">\n\t\t<div class=\"elementor-element elementor-element-4133917 e-con-full e-flex e-con e-child\" data-id=\"4133917\" data-element_type=\"container\" data-e-type=\"container\" data-settings=\"{&quot;background_background&quot;:&quot;classic&quot;}\">\n\t\t<div class=\"elementor-element elementor-element-87aba92 e-con-full e-flex e-con e-child\" data-id=\"87aba92\" data-element_type=\"container\" data-e-type=\"container\">\n\t\t\t\t<div class=\"elementor-element elementor-element-d5c760b elementor-widget elementor-widget-heading\" data-id=\"d5c760b\" data-element_type=\"widget\" data-e-type=\"widget\" data-widget_type=\"heading.default\">\n\t\t\t\t<div class=\"elementor-widget-container\">\n\t\t\t\t\t<h2 class=\"elementor-heading-title elementor-size-default\"><a href=\"\/en\/product\/expansion-vessels\/solar-application\/solar-plus-2\/\">SOLAR-PLUS<\/a><\/h2>\t\t\t\t<\/div>\n\t\t\t\t<\/div>\n\t\t\t\t<div class=\"elementor-element elementor-element-013d748 elementor-widget elementor-widget-text-editor\" data-id=\"013d748\" data-element_type=\"widget\" data-e-type=\"widget\" data-widget_type=\"text-editor.default\">\n\t\t\t\t<div class=\"elementor-widget-container\">\n\t\t\t\t\t\t\t\t\t<p>To be able to withstand the highest temperatures\u00a0<strong>Zilmet<\/strong> developed the membrane <strong>ZILAN<\/strong>, specially designed for solar applications. The membrane\u00a0<strong>ZILAN<\/strong> It is made of synthetic rubber resistant up to 100 \u00b0C, the result of the experience gained in the solar thermal systems sector.<\/p>\t\t\t\t\t\t\t\t<\/div>\n\t\t\t\t<\/div>\n\t\t\t\t<div class=\"elementor-element elementor-element-c3f8e11 elementor-align-left elementor-tablet-align-left elementor-mobile-align-center elementor-widget elementor-widget-button\" data-id=\"c3f8e11\" data-element_type=\"widget\" data-e-type=\"widget\" data-widget_type=\"button.default\">\n\t\t\t\t<div class=\"elementor-widget-container\">\n\t\t\t\t\t\t\t\t\t<div class=\"elementor-button-wrapper\">\n\t\t\t\t\t<a class=\"elementor-button elementor-button-link elementor-size-sm\" href=\"https:\/\/zilmet.it\/en\/product\/solar-plus-2\/\">\n\t\t\t\t\t\t<span class=\"elementor-button-content-wrapper\">\n\t\t\t\t\t\t\t\t\t<span class=\"elementor-button-text\">DISCOVER THE RANGE<\/span>\n\t\t\t\t\t<\/span>\n\t\t\t\t\t<\/a>\n\t\t\t\t<\/div>\n\t\t\t\t\t\t\t\t<\/div>\n\t\t\t\t<\/div>\n\t\t\t\t<\/div>\n\t\t<div class=\"elementor-element elementor-element-93591f1 e-con-full e-flex e-con e-child\" data-id=\"93591f1\" data-element_type=\"container\" data-e-type=\"container\">\n\t\t\t\t<div class=\"elementor-element elementor-element-6258879 elementor-widget elementor-widget-image\" data-id=\"6258879\" data-element_type=\"widget\" data-e-type=\"widget\" data-widget_type=\"image.default\">\n\t\t\t\t<div class=\"elementor-widget-container\">\n\t\t\t\t\t\t\t\t\t\t\t\t\t\t\t\t<a href=\"\/en\/product\/expansion-vessels\/solar-application\/solar-plus-2\/\">\n\t\t\t\t\t\t\t<img fetchpriority=\"high\" decoding=\"async\" width=\"800\" height=\"800\" src=\"https:\/\/zilmet.it\/wp-content\/uploads\/2023\/07\/Assieme-SOLAR-PLUS-1024x1024.png\" class=\"attachment-large size-large wp-image-2419\" alt=\"\" srcset=\"https:\/\/zilmet.it\/wp-content\/uploads\/2023\/07\/Assieme-SOLAR-PLUS-1024x1024.png 1024w, https:\/\/zilmet.it\/wp-content\/uploads\/2023\/07\/Assieme-SOLAR-PLUS-300x300.png 300w, https:\/\/zilmet.it\/wp-content\/uploads\/2023\/07\/Assieme-SOLAR-PLUS-150x150.png 150w, https:\/\/zilmet.it\/wp-content\/uploads\/2023\/07\/Assieme-SOLAR-PLUS-768x768.png 768w, https:\/\/zilmet.it\/wp-content\/uploads\/2023\/07\/Assieme-SOLAR-PLUS-12x12.png 12w, https:\/\/zilmet.it\/wp-content\/uploads\/2023\/07\/Assieme-SOLAR-PLUS-600x600.png 600w, https:\/\/zilmet.it\/wp-content\/uploads\/2023\/07\/Assieme-SOLAR-PLUS-100x100.png 100w, https:\/\/zilmet.it\/wp-content\/uploads\/2023\/07\/Assieme-SOLAR-PLUS.png 1080w\" sizes=\"(max-width: 800px) 100vw, 800px\" \/>\t\t\t\t\t\t\t\t<\/a>\n\t\t\t\t\t\t\t\t\t\t\t\t\t\t\t<\/div>\n\t\t\t\t<\/div>\n\t\t\t\t<\/div>\n\t\t\t\t<\/div>\n\t\t\t\t\t<\/div>\n\t\t\t\t<\/div>\n\t\t<div class=\"elementor-element elementor-element-7819b61 e-flex e-con-boxed e-con e-parent\" data-id=\"7819b61\" data-element_type=\"container\" data-e-type=\"container\">\n\t\t\t\t\t<div class=\"e-con-inner\">\n\t\t<div class=\"elementor-element elementor-element-a510aab e-con-full e-flex e-con e-child\" data-id=\"a510aab\" data-element_type=\"container\" data-e-type=\"container\" data-settings=\"{&quot;background_background&quot;:&quot;classic&quot;}\">\n\t\t<div class=\"elementor-element elementor-element-6616515 e-con-full e-flex e-con e-child\" data-id=\"6616515\" data-element_type=\"container\" data-e-type=\"container\">\n\t\t\t\t<div class=\"elementor-element elementor-element-55c5da9 elementor-widget elementor-widget-image\" data-id=\"55c5da9\" data-element_type=\"widget\" data-e-type=\"widget\" data-widget_type=\"image.default\">\n\t\t\t\t<div class=\"elementor-widget-container\">\n\t\t\t\t\t\t\t\t\t\t\t\t\t\t\t\t<a href=\"\/en\/product\/expansion-vessels\/solar-application\/additional-vessels-vsg\/\">\n\t\t\t\t\t\t\t<img decoding=\"async\" width=\"800\" height=\"800\" src=\"https:\/\/zilmet.it\/wp-content\/uploads\/2023\/07\/Assieme-VSG_n-1024x1024.png\" class=\"attachment-large size-large wp-image-2516\" alt=\"\" srcset=\"https:\/\/zilmet.it\/wp-content\/uploads\/2023\/07\/Assieme-VSG_n-1024x1024.png 1024w, https:\/\/zilmet.it\/wp-content\/uploads\/2023\/07\/Assieme-VSG_n-300x300.png 300w, https:\/\/zilmet.it\/wp-content\/uploads\/2023\/07\/Assieme-VSG_n-150x150.png 150w, https:\/\/zilmet.it\/wp-content\/uploads\/2023\/07\/Assieme-VSG_n-768x768.png 768w, https:\/\/zilmet.it\/wp-content\/uploads\/2023\/07\/Assieme-VSG_n-12x12.png 12w, https:\/\/zilmet.it\/wp-content\/uploads\/2023\/07\/Assieme-VSG_n-600x600.png 600w, https:\/\/zilmet.it\/wp-content\/uploads\/2023\/07\/Assieme-VSG_n-100x100.png 100w, https:\/\/zilmet.it\/wp-content\/uploads\/2023\/07\/Assieme-VSG_n.png 1080w\" sizes=\"(max-width: 800px) 100vw, 800px\" \/>\t\t\t\t\t\t\t\t<\/a>\n\t\t\t\t\t\t\t\t\t\t\t\t\t\t\t<\/div>\n\t\t\t\t<\/div>\n\t\t\t\t<\/div>\n\t\t<div class=\"elementor-element elementor-element-9642df4 e-con-full e-flex e-con e-child\" data-id=\"9642df4\" data-element_type=\"container\" data-e-type=\"container\">\n\t\t\t\t<div class=\"elementor-element elementor-element-a4560ec elementor-widget elementor-widget-heading\" data-id=\"a4560ec\" data-element_type=\"widget\" data-e-type=\"widget\" data-widget_type=\"heading.default\">\n\t\t\t\t<div class=\"elementor-widget-container\">\n\t\t\t\t\t<h2 class=\"elementor-heading-title elementor-size-default\"><a href=\"https:\/\/zilmet.it\/en\/product\/expansion-vessels\/solar-application\/additional-vessels-vsg\/\">ADDITIONAL POTS<br \/>VSG<\/a><\/h2>\t\t\t\t<\/div>\n\t\t\t\t<\/div>\n\t\t\t\t<div class=\"elementor-element elementor-element-b401470 elementor-widget elementor-widget-text-editor\" data-id=\"b401470\" data-element_type=\"widget\" data-e-type=\"widget\" data-widget_type=\"text-editor.default\">\n\t\t\t\t<div class=\"elementor-widget-container\">\n\t\t\t\t\t\t\t\t\t<p>These vessels with inlet and outlet connections are placed in the system before the solar expansion vessel. The vessel provides heat dispersion by reducing the operating temperature and therefore allows the life of the expansion vessel to be considerably increased.<\/p>\t\t\t\t\t\t\t\t<\/div>\n\t\t\t\t<\/div>\n\t\t\t\t<div class=\"elementor-element elementor-element-88587d3 elementor-align-left elementor-tablet-align-left elementor-mobile-align-center elementor-widget elementor-widget-button\" data-id=\"88587d3\" data-element_type=\"widget\" data-e-type=\"widget\" data-widget_type=\"button.default\">\n\t\t\t\t<div class=\"elementor-widget-container\">\n\t\t\t\t\t\t\t\t\t<div class=\"elementor-button-wrapper\">\n\t\t\t\t\t<a class=\"elementor-button elementor-button-link elementor-size-sm\" href=\"https:\/\/zilmet.it\/en\/product\/additional-vessels-vsg\/\">\n\t\t\t\t\t\t<span class=\"elementor-button-content-wrapper\">\n\t\t\t\t\t\t\t\t\t<span class=\"elementor-button-text\">DISCOVER THE RANGE<\/span>\n\t\t\t\t\t<\/span>\n\t\t\t\t\t<\/a>\n\t\t\t\t<\/div>\n\t\t\t\t\t\t\t\t<\/div>\n\t\t\t\t<\/div>\n\t\t\t\t<\/div>\n\t\t\t\t<\/div>\n\t\t\t\t\t<\/div>\n\t\t\t\t<\/div>\n\t\t<div class=\"elementor-element elementor-element-a56ca0e e-flex e-con-boxed e-con e-parent\" data-id=\"a56ca0e\" data-element_type=\"container\" data-e-type=\"container\">\n\t\t\t\t\t<div class=\"e-con-inner\">\n\t\t<div class=\"elementor-element elementor-element-0eb821e e-con-full e-flex e-con e-child\" data-id=\"0eb821e\" data-element_type=\"container\" data-e-type=\"container\" data-settings=\"{&quot;background_background&quot;:&quot;classic&quot;}\">\n\t\t\t\t<div class=\"elementor-element elementor-element-9541a58 elementor-widget__width-initial elementor-widget elementor-widget-image\" data-id=\"9541a58\" data-element_type=\"widget\" data-e-type=\"widget\" data-widget_type=\"image.default\">\n\t\t\t\t<div class=\"elementor-widget-container\">\n\t\t\t\t\t\t\t\t\t\t\t\t\t\t\t\t<a href=\"\/en\/product\/expansion-vessels\/solar-application\/solar-plus-safe\/\">\n\t\t\t\t\t\t\t<img decoding=\"async\" width=\"800\" height=\"800\" src=\"https:\/\/zilmet.it\/wp-content\/uploads\/2023\/07\/GAMMA_n-1024x1024.png\" class=\"attachment-large size-large wp-image-2559\" alt=\"\" srcset=\"https:\/\/zilmet.it\/wp-content\/uploads\/2023\/07\/GAMMA_n-1024x1024.png 1024w, https:\/\/zilmet.it\/wp-content\/uploads\/2023\/07\/GAMMA_n-300x300.png 300w, https:\/\/zilmet.it\/wp-content\/uploads\/2023\/07\/GAMMA_n-150x150.png 150w, https:\/\/zilmet.it\/wp-content\/uploads\/2023\/07\/GAMMA_n-768x768.png 768w, https:\/\/zilmet.it\/wp-content\/uploads\/2023\/07\/GAMMA_n-12x12.png 12w, https:\/\/zilmet.it\/wp-content\/uploads\/2023\/07\/GAMMA_n-600x600.png 600w, https:\/\/zilmet.it\/wp-content\/uploads\/2023\/07\/GAMMA_n-100x100.png 100w, https:\/\/zilmet.it\/wp-content\/uploads\/2023\/07\/GAMMA_n.png 1080w\" sizes=\"(max-width: 800px) 100vw, 800px\" \/>\t\t\t\t\t\t\t\t<\/a>\n\t\t\t\t\t\t\t\t\t\t\t\t\t\t\t<\/div>\n\t\t\t\t<\/div>\n\t\t<div class=\"elementor-element elementor-element-8b9019e e-con-full e-flex e-con e-child\" data-id=\"8b9019e\" data-element_type=\"container\" data-e-type=\"container\">\n\t\t\t\t<div class=\"elementor-element elementor-element-6e7383e elementor-widget elementor-widget-heading\" data-id=\"6e7383e\" data-element_type=\"widget\" data-e-type=\"widget\" data-widget_type=\"heading.default\">\n\t\t\t\t<div class=\"elementor-widget-container\">\n\t\t\t\t\t<h2 class=\"elementor-heading-title elementor-size-default\"><a href=\"https:\/\/zilmet.it\/en\/product\/expansion-vessels\/solar-application\/solar-plus-safe\/\">SOLAR-PLUS SAFE<\/a><\/h2>\t\t\t\t<\/div>\n\t\t\t\t<\/div>\n\t\t\t\t<div class=\"elementor-element elementor-element-3518c59 elementor-widget elementor-widget-text-editor\" data-id=\"3518c59\" data-element_type=\"widget\" data-e-type=\"widget\" data-widget_type=\"text-editor.default\">\n\t\t\t\t<div class=\"elementor-widget-container\">\n\t\t\t\t\t\t\t\t\t<p>The Solar-Plus Safe combines a Solar-Plus vessel with an additional vessel, all in a single vertical vessel which allows the reduction of the application space of a 40% and the installation times of a 50%.<\/p><p>\u00a0<\/p>\t\t\t\t\t\t\t\t<\/div>\n\t\t\t\t<\/div>\n\t\t\t\t<div class=\"elementor-element elementor-element-021d827 elementor-align-left elementor-tablet-align-center elementor-mobile-align-center elementor-widget elementor-widget-button\" data-id=\"021d827\" data-element_type=\"widget\" data-e-type=\"widget\" data-widget_type=\"button.default\">\n\t\t\t\t<div class=\"elementor-widget-container\">\n\t\t\t\t\t\t\t\t\t<div class=\"elementor-button-wrapper\">\n\t\t\t\t\t<a class=\"elementor-button elementor-button-link elementor-size-sm\" href=\"https:\/\/zilmet.it\/en\/product\/solar-plus-safe\/\">\n\t\t\t\t\t\t<span class=\"elementor-button-content-wrapper\">\n\t\t\t\t\t\t\t\t\t<span class=\"elementor-button-text\">DISCOVER THE RANGE<\/span>\n\t\t\t\t\t<\/span>\n\t\t\t\t\t<\/a>\n\t\t\t\t<\/div>\n\t\t\t\t\t\t\t\t<\/div>\n\t\t\t\t<\/div>\n\t\t\t\t<\/div>\n\t\t\t\t<\/div>\n\t\t\t\t\t<\/div>\n\t\t\t\t<\/div>\n\t\t\t\t<\/div>","protected":false},"excerpt":{"rendered":"<p>VASI DI ESPANSIONE Applicazione Solare Accanto a serie complete di vasi di espansione,\u00a0Zilmet ha sviluppato una serie di prodotti innovativi e speciali come i vasi di espansione per sistemi solari. La gamma di vasi Solar, \u00e8 stata sviluppata in accordo con la normativa DIN 4757 ed \u00e8 adatta a soddisfare le esigenze dei pi\u00f9 importanti [&hellip;]<\/p>\n","protected":false},"author":5,"featured_media":0,"parent":0,"menu_order":0,"comment_status":"closed","ping_status":"closed","template":"elementor_header_footer","meta":{"_acf_changed":false,"footnotes":""},"class_list":["post-762","page","type-page","status-publish","hentry"],"acf":[],"_links":{"self":[{"href":"https:\/\/zilmet.it\/en\/wp-json\/wp\/v2\/pages\/762","targetHints":{"allow":["GET"]}}],"collection":[{"href":"https:\/\/zilmet.it\/en\/wp-json\/wp\/v2\/pages"}],"about":[{"href":"https:\/\/zilmet.it\/en\/wp-json\/wp\/v2\/types\/page"}],"author":[{"embeddable":true,"href":"https:\/\/zilmet.it\/en\/wp-json\/wp\/v2\/users\/5"}],"replies":[{"embeddable":true,"href":"https:\/\/zilmet.it\/en\/wp-json\/wp\/v2\/comments?post=762"}],"version-history":[{"count":0,"href":"https:\/\/zilmet.it\/en\/wp-json\/wp\/v2\/pages\/762\/revisions"}],"wp:attachment":[{"href":"https:\/\/zilmet.it\/en\/wp-json\/wp\/v2\/media?parent=762"}],"curies":[{"name":"wp","href":"https:\/\/api.w.org\/{rel}","templated":true}]}}